{"id":18010,"date":"2021-05-12T15:52:58","date_gmt":"2021-05-12T19:52:58","guid":{"rendered":"https:\/\/420now.co\/livraison-de-cannabis-a-markham\/"},"modified":"2026-03-19T08:53:23","modified_gmt":"2026-03-19T12:53:23","slug":"livraison-de-cannabis-a-markham","status":"publish","type":"page","link":"https:\/\/420now.co\/fr-ca\/livraison-de-cannabis-a-markham\/","title":{"rendered":"Livraison de cannabis \u00e0 Markham"},"content":{"rendered":"\r\n<h1>\r\n\t\t\tWeed Delivery Markham &#8211; Flower, Edibles &#038; More\t<\/h1>\r\n<figure itemscope itemtype=\"https:\/\/schema.org\/ImageObject\">\r\n\t\t\t\t<img decoding=\"async\" src=\"https:\/\/420now.co\/wp-content\/uploads\/2021\/05\/markham-civic-centre-web.avif\" alt=\"markham civic centre weed delivery\" height=\"530\" width=\"800\" title=\"markham-civic-centre-web\" onerror=\"this.style.display='none'\" loading=\"lazy\" \/>\r\n\t<\/figure>\r\n\t<p><em>420Now Weed Delivery<\/em> has been delivering recreational cannabis for over 8 years in Markham, Ontario.<\/p>\r\n<p>Free 2 Hour delivery by 10pm if you order before 8pm &#8211; our friendly drivers in Markham are standing by to take your order and get it delivered to you fast!<\/p>\r\n<p>We&#8217;re more than just about weed though &#8211; browse our enormous selection of edibles, topicals, gear and even magic mushrooms &#8211; available for free delivery anywhere in Markham!<\/p>\r\n<h2>Same Day Weed Delivery In Markham<\/h2>\r\n<p><em>420Now Weed Delivery<\/em> will delivery the same day, and in less than 2 hours when you order a minimum of $100.00 of any of our products. Whether you&#8217;re looking for some day time Sativa or Indica for your evening, we&#8217;ve got you covered.<\/p>\r\n<p><strong>Markham Delivery Details:<\/strong><\/p>\r\n<ul>\r\n<li>Delivery hours: 10am &#8211; 10pm<\/li>\r\n<li>Order cutoff for 2-hour delivery: 8pm<\/li>\r\n<li>Typical delivery time: 1-2 hours<\/li>\r\n<li>Minimum order: $100<\/li>\r\n<li>Payment: Interac or cash on delivery<\/li>\r\n<\/ul>\r\nWe deliver throughout Markham including:<br \/>\r\nAngus Glen, Old Markham Village, Buttonville, Unionville, Stoufville, and surrounding areas.\r\n<p><strong>Because we are based in York Region, deliveries in Markham are often faster than downtown Toronto orders, especially during peak traffic hours.<\/strong><\/p>\r\n<p><strong>Customers in Markham often reorder due to our fast turnaround times and consistent product quality.<\/strong><\/p>\r\n<p>&nbsp;<\/p>\r\n<h3>Markham Edibles Delivery<\/h3>\r\n<p>Our cannabis is carefully selected and is of the highest grade available. But if smoking isn&#8217;t your thing, we have a huge variety of edibles\/medibles from brands you trust including <a href=\"https:\/\/420now.co\/shatter-bars-euphoria-expressions-420now-weed-delivery\/\">Euphoric Extractions Shatter Bars<\/a>, <a href=\"https:\/\/420now.co\/wesley-tea-company-infused-teas\/\">Wesley Tea<\/a>, Kush Kitchen, <a href=\"https:\/\/420now.co\/tasty-thc-candy-gta-free-delivery\/\">Tasty THC<\/a>, <a href=\"https:\/\/420now.co\/brand\/left-coast-gummy-co\/\">Left Coast Gummy Co<\/a>., and many more.<\/p>\r\n<h3>Magic Mushroom Delivery In Markham<\/h3>\r\n<p>Cannabis edibles aren&#8217;t the only medible products &#8211; we&#8217;ve also got several varieties of <a href=\"https:\/\/420now.co\/product-category\/edibles\/mushrooms\/\">magic shrooms<\/a> that are drivers in Markham can deliver to your door!<\/p>\r\n<h3>Hashish Delivery<\/h3>\r\n<p>We also have available a large selection of exquisite <a href=\"https:\/\/420now.co\/product-category\/concentrates\/hash\/\">hash<\/a> varieties that we can deliver to your address in Markham! If you are a hashish connoisseur, you&#8217;re going to love our selection and varieties!<\/p>\r\n<h2>\r\n\t\t\tWeed\/Cannabis Specials In Markham Now\t<\/h2>\r\n\t<p>We&#8217;ve always got some special offers &#8211; check back often as they change frequently. As well as our regularly priced products, our deals on weed are also available for our free 2 delivery in Markham, ON. What would you like to have delivered to your Markham address?<\/p>\r\n<div class=\"woocommerce columns-4 \"><ul class=\"products columns-4\">\n<li class=\"product type-product post-21238 status-publish first instock product_cat-champignons-comestibles product_cat-offres-popeyes product_tag-popeyes-fr-ca has-post-thumbnail sale shipping-taxable purchasable product-type-simple yith-wcbm-product-has-badges\">\n\t<a href=\"https:\/\/420now.co\/fr-ca\/product\/mini-barre-de-champignons-popeyes-extractions-chocolat-au-lait-1000mg-achetez-10-50-00\/\" class=\"woocommerce-LoopProduct-link woocommerce-loop-product__link\"><div class=\"woocommerce-image__wrapper\"><a href=\"https:\/\/420now.co\/fr-ca\/product\/mini-barre-de-champignons-popeyes-extractions-chocolat-au-lait-1000mg-achetez-10-50-00\/\" title=\"Mini barre de champignons Popeyes Extractions &#8211; Chocolat au lait &#8211; 1000MG (Achetez 10 &#8211; $50.00)\" class=\"woocommerce-LoopProduct-link woocommerce-loop-product__link\"><span class=\"sale-item product-label type-bubble\">-50%<\/span><div class=\"shoptimizer-plp-carousel-container\"><div class=\"shoptimizer-plp-image-wrapper\"><img loading=\"lazy\" decoding=\"async\" width=\"300\" height=\"300\" src=\"https:\/\/420now.co\/wp-content\/uploads\/2022\/04\/popeyes-1000mg-milk-chocolate-shroom-bar-300x300.jpg\" class=\"attachment-woocommerce_thumbnail size-woocommerce_thumbnail\" alt=\"Popeyes Extractions 1000mg Mini barre de champignons chocolat au lait\" srcset=\"https:\/\/420now.co\/wp-content\/uploads\/2022\/04\/popeyes-1000mg-milk-chocolate-shroom-bar-300x300.jpg 300w, https:\/\/420now.co\/wp-content\/uploads\/2022\/04\/popeyes-1000mg-milk-chocolate-shroom-bar-150x150.jpg 150w, https:\/\/420now.co\/wp-content\/uploads\/2022\/04\/popeyes-1000mg-milk-chocolate-shroom-bar-96x96.jpg 96w, https:\/\/420now.co\/wp-content\/uploads\/2022\/04\/popeyes-1000mg-milk-chocolate-shroom-bar-42x42.jpg 42w, https:\/\/420now.co\/wp-content\/uploads\/2022\/04\/popeyes-1000mg-milk-chocolate-shroom-bar-60x60.jpg 60w, https:\/\/420now.co\/wp-content\/uploads\/2022\/04\/popeyes-1000mg-milk-chocolate-shroom-bar.jpg 600w\" sizes=\"auto, (max-width: 360px) 147px, (max-width: 300px) 100vw, 300px\" \/>\t\t\t\n\t<\/div><\/div><\/a><\/div><div class=\"woocommerce-card__header\">\t\t\t\t<div class=\"woocommerce-loop-product__title\"><a tabindex=\"0\" href=\"https:\/\/420now.co\/fr-ca\/product\/mini-barre-de-champignons-popeyes-extractions-chocolat-au-lait-1000mg-achetez-10-50-00\/\" aria-label=\"Mini barre de champignons Popeyes Extractions &#8211; Chocolat au lait &#8211; 1000MG (Achetez 10 &#8211; $50.00)\" class=\"woocommerce-LoopProduct-link woocommerce-loop-product__link\">Mini barre de champignons Popeyes Extractions &#8211; Chocolat au lait &#8211; 1000MG (Achetez 10 &#8211; $50.00)<\/a><\/div>\n\t<span class=\"price\"><del aria-hidden=\"true\"><span class=\"woocommerce-Price-amount amount\"><bdi><span class=\"woocommerce-Price-currencySymbol\">&#36;<\/span>100.00<\/bdi><\/span><\/del> <span class=\"screen-reader-text\">Le prix initial \u00e9tait\u00a0: &#036;100.00.<\/span><ins aria-hidden=\"true\"><span class=\"woocommerce-Price-amount amount\"><bdi><span class=\"woocommerce-Price-currencySymbol\">&#36;<\/span>50.00<\/bdi><\/span><\/ins><span class=\"screen-reader-text\">Le prix actuel est\u00a0: &#036;50.00.<\/span><\/span>\n<\/a><a href=\"\/fr-ca\/wp-json\/wp\/v2\/pages\/18010?add-to-cart=21238\" aria-describedby=\"woocommerce_loop_add_to_cart_link_describedby_21238\" data-quantity=\"1\" class=\"button product_type_simple add_to_cart_button ajax_add_to_cart\" data-product_id=\"21238\" data-product_sku=\"\" aria-label=\"Ajouter au panier\u00a0: &ldquo;Mini barre de champignons Popeyes Extractions - Chocolat au lait - 1000MG (Achetez 10 - $50.00)&rdquo;\" rel=\"nofollow\" data-success_message=\"\u00ab\u00a0Mini barre de champignons Popeyes Extractions - Chocolat au lait - 1000MG (Achetez 10 - $50.00)\u00a0\u00bb a \u00e9t\u00e9 ajout\u00e9 \u00e0 votre panier\" role=\"button\">Ajouter au panier<\/a>\t<span id=\"woocommerce_loop_add_to_cart_link_describedby_21238\" class=\"screen-reader-text\">\n\t\t\t<\/span>\n<\/div><\/li>\n<li class=\"product type-product post-21239 status-publish instock product_cat-champignons-comestibles product_tag-popeyes-fr-ca has-post-thumbnail sale shipping-taxable purchasable product-type-simple yith-wcbm-product-has-badges\">\n\t<a href=\"https:\/\/420now.co\/fr-ca\/product\/mini-barre-de-champignons-popeyes-extractions-chocolat-noir-1000mg-achetez-10-50-00\/\" class=\"woocommerce-LoopProduct-link woocommerce-loop-product__link\"><div class=\"woocommerce-image__wrapper\"><a href=\"https:\/\/420now.co\/fr-ca\/product\/mini-barre-de-champignons-popeyes-extractions-chocolat-noir-1000mg-achetez-10-50-00\/\" title=\"Mini barre de champignons Popeyes Extractions &#8211; Chocolat noir &#8211; 1000MG (Achetez 10 &#8211; $50.00)\" class=\"woocommerce-LoopProduct-link woocommerce-loop-product__link\"><span class=\"sale-item product-label type-bubble\">-50%<\/span><div class=\"shoptimizer-plp-carousel-container\"><div class=\"shoptimizer-plp-image-wrapper\"><img loading=\"lazy\" decoding=\"async\" width=\"300\" height=\"300\" src=\"https:\/\/420now.co\/wp-content\/uploads\/2021\/04\/popeyes-1000mg-min-shroom-dark-chocolate-300x300.jpg\" class=\"attachment-woocommerce_thumbnail size-woocommerce_thumbnail\" alt=\"Popeyes Mini barre de champignons 1000 mg chocolat noir\" srcset=\"https:\/\/420now.co\/wp-content\/uploads\/2021\/04\/popeyes-1000mg-min-shroom-dark-chocolate-300x300.jpg 300w, https:\/\/420now.co\/wp-content\/uploads\/2021\/04\/popeyes-1000mg-min-shroom-dark-chocolate-150x150.jpg 150w, https:\/\/420now.co\/wp-content\/uploads\/2021\/04\/popeyes-1000mg-min-shroom-dark-chocolate-96x96.jpg 96w, https:\/\/420now.co\/wp-content\/uploads\/2021\/04\/popeyes-1000mg-min-shroom-dark-chocolate-42x42.jpg 42w, https:\/\/420now.co\/wp-content\/uploads\/2021\/04\/popeyes-1000mg-min-shroom-dark-chocolate-60x60.jpg 60w, https:\/\/420now.co\/wp-content\/uploads\/2021\/04\/popeyes-1000mg-min-shroom-dark-chocolate.jpg 600w\" sizes=\"auto, (max-width: 360px) 147px, (max-width: 300px) 100vw, 300px\" \/>\t\t\t\n\t<\/div><\/div><\/a><\/div><div class=\"woocommerce-card__header\">\t\t\t\t<div class=\"woocommerce-loop-product__title\"><a tabindex=\"0\" href=\"https:\/\/420now.co\/fr-ca\/product\/mini-barre-de-champignons-popeyes-extractions-chocolat-noir-1000mg-achetez-10-50-00\/\" aria-label=\"Mini barre de champignons Popeyes Extractions &#8211; Chocolat noir &#8211; 1000MG (Achetez 10 &#8211; $50.00)\" class=\"woocommerce-LoopProduct-link woocommerce-loop-product__link\">Mini barre de champignons Popeyes Extractions &#8211; Chocolat noir &#8211; 1000MG (Achetez 10 &#8211; $50.00)<\/a><\/div>\n\t<span class=\"price\"><del aria-hidden=\"true\"><span class=\"woocommerce-Price-amount amount\"><bdi><span class=\"woocommerce-Price-currencySymbol\">&#36;<\/span>100.00<\/bdi><\/span><\/del> <span class=\"screen-reader-text\">Le prix initial \u00e9tait\u00a0: &#036;100.00.<\/span><ins aria-hidden=\"true\"><span class=\"woocommerce-Price-amount amount\"><bdi><span class=\"woocommerce-Price-currencySymbol\">&#36;<\/span>50.00<\/bdi><\/span><\/ins><span class=\"screen-reader-text\">Le prix actuel est\u00a0: &#036;50.00.<\/span><\/span>\n<\/a><a href=\"\/fr-ca\/wp-json\/wp\/v2\/pages\/18010?add-to-cart=21239\" aria-describedby=\"woocommerce_loop_add_to_cart_link_describedby_21239\" data-quantity=\"1\" class=\"button product_type_simple add_to_cart_button ajax_add_to_cart\" data-product_id=\"21239\" data-product_sku=\"\" aria-label=\"Ajouter au panier\u00a0: &ldquo;Mini barre de champignons Popeyes Extractions - Chocolat noir - 1000MG (Achetez 10 - $50.00)&rdquo;\" rel=\"nofollow\" data-success_message=\"\u00ab\u00a0Mini barre de champignons Popeyes Extractions - Chocolat noir - 1000MG (Achetez 10 - $50.00)\u00a0\u00bb a \u00e9t\u00e9 ajout\u00e9 \u00e0 votre panier\" role=\"button\">Ajouter au panier<\/a>\t<span id=\"woocommerce_loop_add_to_cart_link_describedby_21239\" class=\"screen-reader-text\">\n\t\t\t<\/span>\n<\/div><\/li>\n<li class=\"product type-product post-21241 status-publish instock product_cat-champignons-comestibles has-post-thumbnail sale featured shipping-taxable purchasable product-type-simple yith-wcbm-product-has-badges\">\n\t<a href=\"https:\/\/420now.co\/fr-ca\/product\/popeyes-extractions-mini-barre-de-champignons-biscuits-et-creme-chocolat-blanc-1000mg-achat-10-50-00\/\" class=\"woocommerce-LoopProduct-link woocommerce-loop-product__link\"><div class=\"woocommerce-image__wrapper\"><a href=\"https:\/\/420now.co\/fr-ca\/product\/popeyes-extractions-mini-barre-de-champignons-biscuits-et-creme-chocolat-blanc-1000mg-achat-10-50-00\/\" title=\"Popeyes Extractions Mini Barre de Champignons &#8211; Biscuits et Cr\u00e8me Chocolat Blanc &#8211; 1000MG (Achat 10 &#8211; $50.00)\" class=\"woocommerce-LoopProduct-link woocommerce-loop-product__link\"><span class=\"sale-item product-label type-bubble\">-50%<\/span><div class=\"shoptimizer-plp-carousel-container\"><div class=\"shoptimizer-plp-image-wrapper\"><img loading=\"lazy\" decoding=\"async\" width=\"300\" height=\"300\" src=\"https:\/\/420now.co\/wp-content\/uploads\/2022\/04\/popeyes-expressions-shroom-bar-1000mg-white-chocolate-300x300.jpg\" class=\"attachment-woocommerce_thumbnail size-woocommerce_thumbnail\" alt=\"Emballage de barres de champignons au chocolat blanc Popeyes Extractions\" srcset=\"https:\/\/420now.co\/wp-content\/uploads\/2022\/04\/popeyes-expressions-shroom-bar-1000mg-white-chocolate-300x300.jpg 300w, https:\/\/420now.co\/wp-content\/uploads\/2022\/04\/popeyes-expressions-shroom-bar-1000mg-white-chocolate-150x150.jpg 150w, https:\/\/420now.co\/wp-content\/uploads\/2022\/04\/popeyes-expressions-shroom-bar-1000mg-white-chocolate-96x96.jpg 96w, https:\/\/420now.co\/wp-content\/uploads\/2022\/04\/popeyes-expressions-shroom-bar-1000mg-white-chocolate-42x42.jpg 42w, https:\/\/420now.co\/wp-content\/uploads\/2022\/04\/popeyes-expressions-shroom-bar-1000mg-white-chocolate-60x60.jpg 60w, https:\/\/420now.co\/wp-content\/uploads\/2022\/04\/popeyes-expressions-shroom-bar-1000mg-white-chocolate.jpg 600w\" sizes=\"auto, (max-width: 360px) 147px, (max-width: 300px) 100vw, 300px\" \/>\t\t\t\n\t<\/div><\/div><\/a><\/div><div class=\"woocommerce-card__header\">\t\t\t\t<div class=\"woocommerce-loop-product__title\"><a tabindex=\"0\" href=\"https:\/\/420now.co\/fr-ca\/product\/popeyes-extractions-mini-barre-de-champignons-biscuits-et-creme-chocolat-blanc-1000mg-achat-10-50-00\/\" aria-label=\"Popeyes Extractions Mini Barre de Champignons &#8211; Biscuits et Cr\u00e8me Chocolat Blanc &#8211; 1000MG (Achat 10 &#8211; $50.00)\" class=\"woocommerce-LoopProduct-link woocommerce-loop-product__link\">Popeyes Extractions Mini Barre de Champignons &#8211; Biscuits et Cr\u00e8me Chocolat Blanc &#8211; 1000MG (Achat 10 &#8211; $50.00)<\/a><\/div>\n\t<span class=\"price\"><del aria-hidden=\"true\"><span class=\"woocommerce-Price-amount amount\"><bdi><span class=\"woocommerce-Price-currencySymbol\">&#36;<\/span>100.00<\/bdi><\/span><\/del> <span class=\"screen-reader-text\">Le prix initial \u00e9tait\u00a0: &#036;100.00.<\/span><ins aria-hidden=\"true\"><span class=\"woocommerce-Price-amount amount\"><bdi><span class=\"woocommerce-Price-currencySymbol\">&#36;<\/span>50.00<\/bdi><\/span><\/ins><span class=\"screen-reader-text\">Le prix actuel est\u00a0: &#036;50.00.<\/span><\/span>\n<\/a><a href=\"\/fr-ca\/wp-json\/wp\/v2\/pages\/18010?add-to-cart=21241\" aria-describedby=\"woocommerce_loop_add_to_cart_link_describedby_21241\" data-quantity=\"1\" class=\"button product_type_simple add_to_cart_button ajax_add_to_cart\" data-product_id=\"21241\" data-product_sku=\"\" aria-label=\"Ajouter au panier\u00a0: &ldquo;Popeyes Extractions Mini Barre de Champignons - Biscuits et Cr\u00e8me Chocolat Blanc - 1000MG (Achat 10 - $50.00)&rdquo;\" rel=\"nofollow\" data-success_message=\"\u00ab\u00a0Popeyes Extractions Mini Barre de Champignons - Biscuits et Cr\u00e8me Chocolat Blanc - 1000MG (Achat 10 - $50.00)\u00a0\u00bb a \u00e9t\u00e9 ajout\u00e9 \u00e0 votre panier\" role=\"button\">Ajouter au panier<\/a>\t<span id=\"woocommerce_loop_add_to_cart_link_describedby_21241\" class=\"screen-reader-text\">\n\t\t\t<\/span>\n<\/div><\/li>\n<li class=\"product type-product post-21237 status-publish last instock product_cat-chocolats product_cat-offres-popeyes product_tag-popeyes-fr-ca has-post-thumbnail sale featured shipping-taxable purchasable product-type-variable yith-wcbm-product-has-badges\">\n\t<a href=\"https:\/\/420now.co\/fr-ca\/product\/popeyes-extractions-mini-bar-chocolat-noir-100mg-10-pour-5000\/\" class=\"woocommerce-LoopProduct-link woocommerce-loop-product__link\"><div class=\"woocommerce-image__wrapper\"><a href=\"https:\/\/420now.co\/fr-ca\/product\/popeyes-extractions-mini-bar-chocolat-noir-100mg-10-pour-5000\/\" title=\"Popeyes Extractions Mini-Barres THC 100 mg (10 pour 50,00 $!!)\" class=\"woocommerce-LoopProduct-link woocommerce-loop-product__link\"><span class=\"sale-item product-label type-bubble\">-50%<\/span><div class=\"shoptimizer-plp-carousel-container\"><div class=\"shoptimizer-plp-image-wrapper\"><div class='container-image-and-badge  '><img loading=\"lazy\" decoding=\"async\" width=\"300\" height=\"300\" src=\"https:\/\/420now.co\/wp-content\/uploads\/2021\/04\/popeyes-mini-bars-100mg-infused-dark-chocolate-300x300.jpg\" class=\"attachment-woocommerce_thumbnail size-woocommerce_thumbnail\" alt=\"Popeyes Extractions barres mini barres au chocolat noir infus\u00e9 100 mg THC\" srcset=\"https:\/\/420now.co\/wp-content\/uploads\/2021\/04\/popeyes-mini-bars-100mg-infused-dark-chocolate-300x300.jpg 300w, https:\/\/420now.co\/wp-content\/uploads\/2021\/04\/popeyes-mini-bars-100mg-infused-dark-chocolate-150x150.jpg 150w, https:\/\/420now.co\/wp-content\/uploads\/2021\/04\/popeyes-mini-bars-100mg-infused-dark-chocolate-96x96.jpg 96w, https:\/\/420now.co\/wp-content\/uploads\/2021\/04\/popeyes-mini-bars-100mg-infused-dark-chocolate-42x42.jpg 42w, https:\/\/420now.co\/wp-content\/uploads\/2021\/04\/popeyes-mini-bars-100mg-infused-dark-chocolate-60x60.jpg 60w, https:\/\/420now.co\/wp-content\/uploads\/2021\/04\/popeyes-mini-bars-100mg-infused-dark-chocolate.jpg 600w\" sizes=\"auto, (max-width: 360px) 147px, (max-width: 300px) 100vw, 300px\" \/>    <\/div><!--container-image-and-badge-->\t\t\t\n\t<\/div><\/div><\/a><\/div><div class=\"woocommerce-card__header\">\t\t\t\t<div class=\"woocommerce-loop-product__title\"><a tabindex=\"0\" href=\"https:\/\/420now.co\/fr-ca\/product\/popeyes-extractions-mini-bar-chocolat-noir-100mg-10-pour-5000\/\" aria-label=\"Popeyes Extractions Mini-Barres THC 100 mg (10 pour 50,00 $!!)\" class=\"woocommerce-LoopProduct-link woocommerce-loop-product__link\">Popeyes Extractions Mini-Barres THC 100 mg (10 pour 50,00 $!!)<\/a><\/div>\n\t<span class=\"price\"><del aria-hidden=\"true\"><span class=\"woocommerce-Price-amount amount\"><bdi><span class=\"woocommerce-Price-currencySymbol\">&#36;<\/span>100.00<\/bdi><\/span><\/del> <span class=\"screen-reader-text\">Le prix initial \u00e9tait\u00a0: &#036;100.00.<\/span><ins aria-hidden=\"true\"><span class=\"woocommerce-Price-amount amount\"><bdi><span class=\"woocommerce-Price-currencySymbol\">&#36;<\/span>50.00<\/bdi><\/span><\/ins><span class=\"screen-reader-text\">Le prix actuel est\u00a0: &#036;50.00.<\/span><\/span>\n<\/a><a href=\"https:\/\/420now.co\/fr-ca\/product\/popeyes-extractions-mini-bar-chocolat-noir-100mg-10-pour-5000\/\" aria-describedby=\"woocommerce_loop_add_to_cart_link_describedby_21237\" data-quantity=\"1\" class=\"button product_type_variable add_to_cart_button\" data-product_id=\"21237\" data-product_sku=\"MINIBAR-SPECIAL-10FOR50-\" aria-label=\"S\u00e9lectionner les options pour &ldquo;Popeyes Extractions Mini-Barres THC 100 mg (10 pour 50,00 $!!)&rdquo;\" rel=\"nofollow\">Choix des options<\/a>\t<span id=\"woocommerce_loop_add_to_cart_link_describedby_21237\" class=\"screen-reader-text\">\n\t\tCe produit a plusieurs variations. Les options peuvent \u00eatre choisies sur la page du produit\t<\/span>\n<\/div><\/li>\n<\/ul>\n<\/div>\r\n\t\t\t\t\t\t\t\t\t\t<h4 tabindex=\"0\">What Time Of Day Do You Deliver In Markham, ON?<\/h4>\r\n\t\t\t\t\t<p>Our friendly drivers in Markham are available to deliver cannabis, hash, edibles, and all of our products between 10am and 10pm, 7 days a week, 365 days a year.<\/p>\r\n<p>Please order by 8pm to enjoy free 2 hour same day delivery in the Markham area.<\/p>\r\n\t\t\t\t\t\t\t\t\t\t<h4 tabindex=\"0\">How Do I Pay For Weed\/Edibles In Markham?<\/h4>\r\n\t\t\t\t\t<p>We have two payment options available. Order online and send us an Interac email payment, or pay cash on delivery.<\/p>\r\n\t\t\t\t\t\t\t\t\t\t<h4 tabindex=\"0\">Is There A Minimum Order For Free Delivery?<\/h4>\r\n\t\t\t\t\t<p>&gt; Yes, if you order a minimum of $100.00 of any of our products, you&#8217;ll get free delivery in Vaughan within 2 hours. Often, the delivery will be even faster!<\/p>\r\n<p>But generally speaking, we aim for 2 hours or less in the Markham area. Traffic and weather conditions may affect time and we may take a little longer when we are very busy in Markham.<\/p>\r\n\t\t\t\t\t\t\t\t\t\t<h4 tabindex=\"0\">How Do I Order Weed &amp; Edibles In Markham?<\/h4>\r\n\t\t\t\t\t<p>> You can order online directly from our website!<\/p>\r\n<p>Alternatively, for ordering in Markham, you can give us a free call: <strong>(437) 234-8944 <\/strong><\/p>\r\n\t\t\t\t\t\t\t\t\t\t<h4 tabindex=\"0\">Do you deliver to all neighbourhoods in Markham?<\/h4>\r\n\t\t\t\t\t<p>Yes, we deliver to the entire Marham, ON area including the following districts\/neighourhood:<\/p>\r\n<ul>\r\n<li>Unionville<\/li>\r\n<li>Milliken Mills<\/li>\r\n<li>Thornhill<\/li>\r\n<li>Greensborough<\/li>\r\n<li>Cachet<\/li>\r\n<li>Wismer Commons<\/li>\r\n<\/ul>\r\n\t<p><em>Updated February 1, 2026<\/em><\/p>\r\n\t<h3>\r\n\t\t\t\tLearn About Special Offers In  Markham!\r\n\t\t\t<\/h3>\r\n\t\t\t<p>Subscribe to our newsletter and we&#8217;ll send you special offers every so oftenWe won&#8217;t spam you with email but we&#8217;ll keep you updated on new products every once in a while &#8211; and you&#8217;ll be the first to know about new offers and great deals.<\/p>\t\r\n<figure itemscope itemtype=\"https:\/\/schema.org\/ImageObject\">\r\n\t\t\t\t<a href=\"https:\/\/420now.co\/product-category\/flower\/\"  target=\"_self\" itemprop=\"url\">\r\n\t\t\t\t<img decoding=\"async\" src=\"https:\/\/420now.co\/wp-content\/uploads\/2020\/04\/infused-flower.jpg\" alt=\"infused-flower\" title=\"infused-flower\" onerror=\"this.style.display='none'\" loading=\"lazy\" \/>\r\n\t\t\t\t<\/a>\r\n\t<\/figure>\r\n\t<p><a href=\"https:\/\/420now.co\/product-category\/flower\/\">Flowers<\/a><\/p>\r\n<figure itemscope itemtype=\"https:\/\/schema.org\/ImageObject\">\r\n\t\t\t\t<a href=\"https:\/\/420now.co\/product-category\/edibles\/\"  target=\"_self\" itemprop=\"url\">\r\n\t\t\t\t<img decoding=\"async\" src=\"https:\/\/420now.co\/wp-content\/uploads\/2020\/04\/edibles-2.jpg\" alt=\"edibles-2\" title=\"edibles-2\" onerror=\"this.style.display='none'\" loading=\"lazy\" \/>\r\n\t\t\t\t<\/a>\r\n\t<\/figure>\r\n\t<p><a href=\"https:\/\/420now.co\/product-category\/edibles\/\">Edibles<\/a><\/p>\r\n<figure itemscope itemtype=\"https:\/\/schema.org\/ImageObject\">\r\n\t\t\t\t<a href=\"https:\/\/420now.co\/product-category\/gear\/\"  target=\"_self\" itemprop=\"url\">\r\n\t\t\t\t<img decoding=\"async\" src=\"https:\/\/420now.co\/wp-content\/uploads\/2020\/04\/gear-2.jpg\" alt=\"gear-2\" title=\"gear-2\" onerror=\"this.style.display='none'\" loading=\"lazy\" \/>\r\n\t\t\t\t<\/a>\r\n\t<\/figure>\r\n\t<p><a href=\"https:\/\/420now.co\/product-category\/gear\/\">Gear<\/a><\/p>\r\n<figure itemscope itemtype=\"https:\/\/schema.org\/ImageObject\">\r\n\t\t\t\t<a href=\"https:\/\/420now.co\/product-category\/concentrates\/\"  target=\"_self\" itemprop=\"url\">\r\n\t\t\t\t<img decoding=\"async\" src=\"https:\/\/420now.co\/wp-content\/uploads\/2020\/04\/concentrates-1.jpg\" alt=\"concentrates-1\" title=\"concentrates-1\" onerror=\"this.style.display='none'\" loading=\"lazy\" \/>\r\n\t\t\t\t<\/a>\r\n\t<\/figure>\r\n\t<p><a href=\"https:\/\/420now.co\/product-category\/concentrates\/\">Concentrates<\/a><\/p>\r\n<figure itemscope itemtype=\"https:\/\/schema.org\/ImageObject\">\r\n\t\t\t\t<a href=\"https:\/\/420now.co\/product-category\/topicals\/\"  target=\"_self\" itemprop=\"url\">\r\n\t\t\t\t<img decoding=\"async\" src=\"https:\/\/420now.co\/wp-content\/uploads\/2020\/04\/topicals-2.jpg\" alt=\"topicals-2\" title=\"topicals-2\" onerror=\"this.style.display='none'\" loading=\"lazy\" \/>\r\n\t\t\t\t<\/a>\r\n\t<\/figure>\r\n\t<p><a href=\"https:\/\/420now.co\/product-category\/topicals\/\">Topicals<\/a><\/p>\r\n<figure itemscope itemtype=\"https:\/\/schema.org\/ImageObject\">\r\n\t\t\t\t<a href=\"https:\/\/420now.co\/product-category\/vape-pens\/\"  target=\"_self\" itemprop=\"url\">\r\n\t\t\t\t<img decoding=\"async\" src=\"https:\/\/420now.co\/wp-content\/uploads\/2020\/04\/vape-pens-cartridges-2.jpg\" alt=\"vape-pens-cartridges-2\" title=\"vape-pens-cartridges-2\" onerror=\"this.style.display='none'\" loading=\"lazy\" \/>\r\n\t\t\t\t<\/a>\r\n\t<\/figure>\r\n\t<p><a href=\"https:\/\/420now.co\/product-category\/vape-pens\/\">Vape Pens\/Cartridges<\/a><\/p>\r\n\r\n","protected":false},"excerpt":{"rendered":"<p>Weed Delivery Markham &#8211; Flower, Edibles &#038; More 420Now Weed Delivery has been delivering recreational cannabis for over 8 years in Markham, Ontario. Free 2 Hour delivery by 10pm if you order before 8pm &#8211; our friendly drivers in Markham are standing by to take your order and get it delivered to you fast! We&#8217;re [&hellip;]<\/p>\n","protected":false},"author":1,"featured_media":0,"parent":0,"menu_order":0,"comment_status":"closed","ping_status":"closed","template":"template-canvas.php","meta":{"_acf_changed":false,"footnotes":""},"class_list":["post-18010","page","type-page","status-publish","hentry"],"acf":[],"_links":{"self":[{"href":"https:\/\/420now.co\/fr-ca\/wp-json\/wp\/v2\/pages\/18010","targetHints":{"allow":["GET"]}}],"collection":[{"href":"https:\/\/420now.co\/fr-ca\/wp-json\/wp\/v2\/pages"}],"about":[{"href":"https:\/\/420now.co\/fr-ca\/wp-json\/wp\/v2\/types\/page"}],"author":[{"embeddable":true,"href":"https:\/\/420now.co\/fr-ca\/wp-json\/wp\/v2\/users\/1"}],"replies":[{"embeddable":true,"href":"https:\/\/420now.co\/fr-ca\/wp-json\/wp\/v2\/comments?post=18010"}],"version-history":[{"count":4,"href":"https:\/\/420now.co\/fr-ca\/wp-json\/wp\/v2\/pages\/18010\/revisions"}],"predecessor-version":[{"id":23503,"href":"https:\/\/420now.co\/fr-ca\/wp-json\/wp\/v2\/pages\/18010\/revisions\/23503"}],"wp:attachment":[{"href":"https:\/\/420now.co\/fr-ca\/wp-json\/wp\/v2\/media?parent=18010"}],"curies":[{"name":"wp","href":"https:\/\/api.w.org\/{rel}","templated":true}]}}