{"id":18034,"date":"2022-05-20T16:19:28","date_gmt":"2022-05-20T20:19:28","guid":{"rendered":"https:\/\/420now.co\/ventes\/"},"modified":"2025-04-11T09:42:43","modified_gmt":"2025-04-11T13:42:43","slug":"ventes","status":"publish","type":"page","link":"https:\/\/420now.co\/fr-ca\/ventes\/","title":{"rendered":"Ventes"},"content":{"rendered":"<div class=\"woocommerce columns-6 quick-sale\"><ul class=\"products columns-6\">\n<li class=\"product type-product post-21241 status-publish first instock product_cat-champignons-comestibles has-post-thumbnail sale featured shipping-taxable purchasable product-type-simple yith-wcbm-product-has-badges\">\n\t<a href=\"https:\/\/420now.co\/fr-ca\/product\/popeyes-extractions-mini-barre-de-champignons-biscuits-et-creme-chocolat-blanc-1000mg-achat-10-50-00\/\" class=\"woocommerce-LoopProduct-link woocommerce-loop-product__link\"><div class=\"woocommerce-image__wrapper\"><a href=\"https:\/\/420now.co\/fr-ca\/product\/popeyes-extractions-mini-barre-de-champignons-biscuits-et-creme-chocolat-blanc-1000mg-achat-10-50-00\/\" title=\"Popeyes Extractions Mini Barre de Champignons &#8211; Biscuits et Cr\u00e8me Chocolat Blanc &#8211; 1000MG (Achat 10 &#8211; $50.00)\" class=\"woocommerce-LoopProduct-link woocommerce-loop-product__link\"><span class=\"sale-item product-label type-bubble\">-50%<\/span><div class=\"shoptimizer-plp-carousel-container\"><div class=\"shoptimizer-plp-image-wrapper\"><img loading=\"lazy\" decoding=\"async\" width=\"300\" height=\"300\" src=\"https:\/\/420now.co\/wp-content\/uploads\/2022\/04\/popeyes-expressions-shroom-bar-1000mg-white-chocolate-300x300.jpg\" class=\"attachment-woocommerce_thumbnail size-woocommerce_thumbnail\" alt=\"Emballage de barres de champignons au chocolat blanc Popeyes Extractions\" srcset=\"https:\/\/420now.co\/wp-content\/uploads\/2022\/04\/popeyes-expressions-shroom-bar-1000mg-white-chocolate-300x300.jpg 300w, https:\/\/420now.co\/wp-content\/uploads\/2022\/04\/popeyes-expressions-shroom-bar-1000mg-white-chocolate-150x150.jpg 150w, https:\/\/420now.co\/wp-content\/uploads\/2022\/04\/popeyes-expressions-shroom-bar-1000mg-white-chocolate-96x96.jpg 96w, https:\/\/420now.co\/wp-content\/uploads\/2022\/04\/popeyes-expressions-shroom-bar-1000mg-white-chocolate-42x42.jpg 42w, https:\/\/420now.co\/wp-content\/uploads\/2022\/04\/popeyes-expressions-shroom-bar-1000mg-white-chocolate-60x60.jpg 60w, https:\/\/420now.co\/wp-content\/uploads\/2022\/04\/popeyes-expressions-shroom-bar-1000mg-white-chocolate.jpg 600w\" sizes=\"auto, (max-width: 360px) 147px, (max-width: 300px) 100vw, 300px\" \/>\t\t\t\n\t<\/div><\/div><\/a><\/div><div class=\"woocommerce-card__header\">\t\t\t\t<div class=\"woocommerce-loop-product__title\"><a tabindex=\"0\" href=\"https:\/\/420now.co\/fr-ca\/product\/popeyes-extractions-mini-barre-de-champignons-biscuits-et-creme-chocolat-blanc-1000mg-achat-10-50-00\/\" aria-label=\"Popeyes Extractions Mini Barre de Champignons &#8211; Biscuits et Cr\u00e8me Chocolat Blanc &#8211; 1000MG (Achat 10 &#8211; $50.00)\" class=\"woocommerce-LoopProduct-link woocommerce-loop-product__link\">Popeyes Extractions Mini Barre de Champignons &#8211; Biscuits et Cr\u00e8me Chocolat Blanc &#8211; 1000MG (Achat 10 &#8211; $50.00)<\/a><\/div>\n\t<span class=\"price\"><del aria-hidden=\"true\"><span class=\"woocommerce-Price-amount amount\"><bdi><span class=\"woocommerce-Price-currencySymbol\">&#36;<\/span>100.00<\/bdi><\/span><\/del> <span class=\"screen-reader-text\">Le prix initial \u00e9tait\u00a0: &#036;100.00.<\/span><ins aria-hidden=\"true\"><span class=\"woocommerce-Price-amount amount\"><bdi><span class=\"woocommerce-Price-currencySymbol\">&#36;<\/span>50.00<\/bdi><\/span><\/ins><span class=\"screen-reader-text\">Le prix actuel est\u00a0: &#036;50.00.<\/span><\/span>\n<\/a><a href=\"\/fr-ca\/wp-json\/wp\/v2\/pages\/18034?add-to-cart=21241\" aria-describedby=\"woocommerce_loop_add_to_cart_link_describedby_21241\" data-quantity=\"1\" class=\"button product_type_simple add_to_cart_button ajax_add_to_cart\" data-product_id=\"21241\" data-product_sku=\"\" aria-label=\"Ajouter au panier\u00a0: &ldquo;Popeyes Extractions Mini Barre de Champignons - Biscuits et Cr\u00e8me Chocolat Blanc - 1000MG (Achat 10 - $50.00)&rdquo;\" rel=\"nofollow\" data-success_message=\"\u00ab\u00a0Popeyes Extractions Mini Barre de Champignons - Biscuits et Cr\u00e8me Chocolat Blanc - 1000MG (Achat 10 - $50.00)\u00a0\u00bb a \u00e9t\u00e9 ajout\u00e9 \u00e0 votre panier\" role=\"button\">Ajouter au panier<\/a>\t<span id=\"woocommerce_loop_add_to_cart_link_describedby_21241\" class=\"screen-reader-text\">\n\t\t\t<\/span>\n<\/div><\/li>\n<li class=\"product type-product post-21238 status-publish instock product_cat-champignons-comestibles product_cat-offres-popeyes product_tag-popeyes-fr-ca has-post-thumbnail sale shipping-taxable purchasable product-type-simple yith-wcbm-product-has-badges\">\n\t<a href=\"https:\/\/420now.co\/fr-ca\/product\/mini-barre-de-champignons-popeyes-extractions-chocolat-au-lait-1000mg-achetez-10-50-00\/\" class=\"woocommerce-LoopProduct-link woocommerce-loop-product__link\"><div class=\"woocommerce-image__wrapper\"><a href=\"https:\/\/420now.co\/fr-ca\/product\/mini-barre-de-champignons-popeyes-extractions-chocolat-au-lait-1000mg-achetez-10-50-00\/\" title=\"Mini barre de champignons Popeyes Extractions &#8211; Chocolat au lait &#8211; 1000MG (Achetez 10 &#8211; $50.00)\" class=\"woocommerce-LoopProduct-link woocommerce-loop-product__link\"><span class=\"sale-item product-label type-bubble\">-50%<\/span><div class=\"shoptimizer-plp-carousel-container\"><div class=\"shoptimizer-plp-image-wrapper\"><img loading=\"lazy\" decoding=\"async\" width=\"300\" height=\"300\" src=\"https:\/\/420now.co\/wp-content\/uploads\/2022\/04\/popeyes-1000mg-milk-chocolate-shroom-bar-300x300.jpg\" class=\"attachment-woocommerce_thumbnail size-woocommerce_thumbnail\" alt=\"Popeyes Extractions 1000mg Mini barre de champignons chocolat au lait\" srcset=\"https:\/\/420now.co\/wp-content\/uploads\/2022\/04\/popeyes-1000mg-milk-chocolate-shroom-bar-300x300.jpg 300w, https:\/\/420now.co\/wp-content\/uploads\/2022\/04\/popeyes-1000mg-milk-chocolate-shroom-bar-150x150.jpg 150w, https:\/\/420now.co\/wp-content\/uploads\/2022\/04\/popeyes-1000mg-milk-chocolate-shroom-bar-96x96.jpg 96w, https:\/\/420now.co\/wp-content\/uploads\/2022\/04\/popeyes-1000mg-milk-chocolate-shroom-bar-42x42.jpg 42w, https:\/\/420now.co\/wp-content\/uploads\/2022\/04\/popeyes-1000mg-milk-chocolate-shroom-bar-60x60.jpg 60w, https:\/\/420now.co\/wp-content\/uploads\/2022\/04\/popeyes-1000mg-milk-chocolate-shroom-bar.jpg 600w\" sizes=\"auto, (max-width: 360px) 147px, (max-width: 300px) 100vw, 300px\" \/>\t\t\t\n\t<\/div><\/div><\/a><\/div><div class=\"woocommerce-card__header\">\t\t\t\t<div class=\"woocommerce-loop-product__title\"><a tabindex=\"0\" href=\"https:\/\/420now.co\/fr-ca\/product\/mini-barre-de-champignons-popeyes-extractions-chocolat-au-lait-1000mg-achetez-10-50-00\/\" aria-label=\"Mini barre de champignons Popeyes Extractions &#8211; Chocolat au lait &#8211; 1000MG (Achetez 10 &#8211; $50.00)\" class=\"woocommerce-LoopProduct-link woocommerce-loop-product__link\">Mini barre de champignons Popeyes Extractions &#8211; Chocolat au lait &#8211; 1000MG (Achetez 10 &#8211; $50.00)<\/a><\/div>\n\t<span class=\"price\"><del aria-hidden=\"true\"><span class=\"woocommerce-Price-amount amount\"><bdi><span class=\"woocommerce-Price-currencySymbol\">&#36;<\/span>100.00<\/bdi><\/span><\/del> <span class=\"screen-reader-text\">Le prix initial \u00e9tait\u00a0: &#036;100.00.<\/span><ins aria-hidden=\"true\"><span class=\"woocommerce-Price-amount amount\"><bdi><span class=\"woocommerce-Price-currencySymbol\">&#36;<\/span>50.00<\/bdi><\/span><\/ins><span class=\"screen-reader-text\">Le prix actuel est\u00a0: &#036;50.00.<\/span><\/span>\n<\/a><a href=\"\/fr-ca\/wp-json\/wp\/v2\/pages\/18034?add-to-cart=21238\" aria-describedby=\"woocommerce_loop_add_to_cart_link_describedby_21238\" data-quantity=\"1\" class=\"button product_type_simple add_to_cart_button ajax_add_to_cart\" data-product_id=\"21238\" data-product_sku=\"\" aria-label=\"Ajouter au panier\u00a0: &ldquo;Mini barre de champignons Popeyes Extractions - Chocolat au lait - 1000MG (Achetez 10 - $50.00)&rdquo;\" rel=\"nofollow\" data-success_message=\"\u00ab\u00a0Mini barre de champignons Popeyes Extractions - Chocolat au lait - 1000MG (Achetez 10 - $50.00)\u00a0\u00bb a \u00e9t\u00e9 ajout\u00e9 \u00e0 votre panier\" role=\"button\">Ajouter au panier<\/a>\t<span id=\"woocommerce_loop_add_to_cart_link_describedby_21238\" class=\"screen-reader-text\">\n\t\t\t<\/span>\n<\/div><\/li>\n<li class=\"product type-product post-21237 status-publish instock product_cat-chocolats product_cat-offres-popeyes product_tag-popeyes-fr-ca has-post-thumbnail sale featured shipping-taxable purchasable product-type-variable yith-wcbm-product-has-badges\">\n\t<a href=\"https:\/\/420now.co\/fr-ca\/product\/popeyes-extractions-mini-bar-chocolat-noir-100mg-10-pour-5000\/\" class=\"woocommerce-LoopProduct-link woocommerce-loop-product__link\"><div class=\"woocommerce-image__wrapper\"><a href=\"https:\/\/420now.co\/fr-ca\/product\/popeyes-extractions-mini-bar-chocolat-noir-100mg-10-pour-5000\/\" title=\"Popeyes Extractions Mini-Barres THC 100 mg (10 pour 50,00 $!!)\" class=\"woocommerce-LoopProduct-link woocommerce-loop-product__link\"><span class=\"sale-item product-label type-bubble\">-50%<\/span><div class=\"shoptimizer-plp-carousel-container\"><div class=\"shoptimizer-plp-image-wrapper\"><div class='container-image-and-badge  '><img loading=\"lazy\" decoding=\"async\" width=\"300\" height=\"300\" src=\"https:\/\/420now.co\/wp-content\/uploads\/2021\/04\/popeyes-mini-bars-100mg-infused-dark-chocolate-300x300.jpg\" class=\"attachment-woocommerce_thumbnail size-woocommerce_thumbnail\" alt=\"Popeyes Extractions barres mini barres au chocolat noir infus\u00e9 100 mg THC\" srcset=\"https:\/\/420now.co\/wp-content\/uploads\/2021\/04\/popeyes-mini-bars-100mg-infused-dark-chocolate-300x300.jpg 300w, https:\/\/420now.co\/wp-content\/uploads\/2021\/04\/popeyes-mini-bars-100mg-infused-dark-chocolate-150x150.jpg 150w, https:\/\/420now.co\/wp-content\/uploads\/2021\/04\/popeyes-mini-bars-100mg-infused-dark-chocolate-96x96.jpg 96w, https:\/\/420now.co\/wp-content\/uploads\/2021\/04\/popeyes-mini-bars-100mg-infused-dark-chocolate-42x42.jpg 42w, https:\/\/420now.co\/wp-content\/uploads\/2021\/04\/popeyes-mini-bars-100mg-infused-dark-chocolate-60x60.jpg 60w, https:\/\/420now.co\/wp-content\/uploads\/2021\/04\/popeyes-mini-bars-100mg-infused-dark-chocolate.jpg 600w\" sizes=\"auto, (max-width: 360px) 147px, (max-width: 300px) 100vw, 300px\" \/>    <\/div><!--container-image-and-badge-->\t\t\t\n\t<\/div><\/div><\/a><\/div><div class=\"woocommerce-card__header\">\t\t\t\t<div class=\"woocommerce-loop-product__title\"><a tabindex=\"0\" href=\"https:\/\/420now.co\/fr-ca\/product\/popeyes-extractions-mini-bar-chocolat-noir-100mg-10-pour-5000\/\" aria-label=\"Popeyes Extractions Mini-Barres THC 100 mg (10 pour 50,00 $!!)\" class=\"woocommerce-LoopProduct-link woocommerce-loop-product__link\">Popeyes Extractions Mini-Barres THC 100 mg (10 pour 50,00 $!!)<\/a><\/div>\n\t<span class=\"price\"><del aria-hidden=\"true\"><span class=\"woocommerce-Price-amount amount\"><bdi><span class=\"woocommerce-Price-currencySymbol\">&#36;<\/span>100.00<\/bdi><\/span><\/del> <span class=\"screen-reader-text\">Le prix initial \u00e9tait\u00a0: &#036;100.00.<\/span><ins aria-hidden=\"true\"><span class=\"woocommerce-Price-amount amount\"><bdi><span class=\"woocommerce-Price-currencySymbol\">&#36;<\/span>50.00<\/bdi><\/span><\/ins><span class=\"screen-reader-text\">Le prix actuel est\u00a0: &#036;50.00.<\/span><\/span>\n<\/a><a href=\"https:\/\/420now.co\/fr-ca\/product\/popeyes-extractions-mini-bar-chocolat-noir-100mg-10-pour-5000\/\" aria-describedby=\"woocommerce_loop_add_to_cart_link_describedby_21237\" data-quantity=\"1\" class=\"button product_type_variable add_to_cart_button\" data-product_id=\"21237\" data-product_sku=\"MINIBAR-SPECIAL-10FOR50-\" aria-label=\"S\u00e9lectionner les options pour &ldquo;Popeyes Extractions Mini-Barres THC 100 mg (10 pour 50,00 $!!)&rdquo;\" rel=\"nofollow\">Choix des options<\/a>\t<span id=\"woocommerce_loop_add_to_cart_link_describedby_21237\" class=\"screen-reader-text\">\n\t\tCe produit a plusieurs variations. Les options peuvent \u00eatre choisies sur la page du produit\t<\/span>\n<\/div><\/li>\n<li class=\"product type-product post-21239 status-publish instock product_cat-champignons-comestibles product_tag-popeyes-fr-ca has-post-thumbnail sale shipping-taxable purchasable product-type-simple yith-wcbm-product-has-badges\">\n\t<a href=\"https:\/\/420now.co\/fr-ca\/product\/mini-barre-de-champignons-popeyes-extractions-chocolat-noir-1000mg-achetez-10-50-00\/\" class=\"woocommerce-LoopProduct-link woocommerce-loop-product__link\"><div class=\"woocommerce-image__wrapper\"><a href=\"https:\/\/420now.co\/fr-ca\/product\/mini-barre-de-champignons-popeyes-extractions-chocolat-noir-1000mg-achetez-10-50-00\/\" title=\"Mini barre de champignons Popeyes Extractions &#8211; Chocolat noir &#8211; 1000MG (Achetez 10 &#8211; $50.00)\" class=\"woocommerce-LoopProduct-link woocommerce-loop-product__link\"><span class=\"sale-item product-label type-bubble\">-50%<\/span><div class=\"shoptimizer-plp-carousel-container\"><div class=\"shoptimizer-plp-image-wrapper\"><img loading=\"lazy\" decoding=\"async\" width=\"300\" height=\"300\" src=\"https:\/\/420now.co\/wp-content\/uploads\/2021\/04\/popeyes-1000mg-min-shroom-dark-chocolate-300x300.jpg\" class=\"attachment-woocommerce_thumbnail size-woocommerce_thumbnail\" alt=\"Popeyes Mini barre de champignons 1000 mg chocolat noir\" srcset=\"https:\/\/420now.co\/wp-content\/uploads\/2021\/04\/popeyes-1000mg-min-shroom-dark-chocolate-300x300.jpg 300w, https:\/\/420now.co\/wp-content\/uploads\/2021\/04\/popeyes-1000mg-min-shroom-dark-chocolate-150x150.jpg 150w, https:\/\/420now.co\/wp-content\/uploads\/2021\/04\/popeyes-1000mg-min-shroom-dark-chocolate-96x96.jpg 96w, https:\/\/420now.co\/wp-content\/uploads\/2021\/04\/popeyes-1000mg-min-shroom-dark-chocolate-42x42.jpg 42w, https:\/\/420now.co\/wp-content\/uploads\/2021\/04\/popeyes-1000mg-min-shroom-dark-chocolate-60x60.jpg 60w, https:\/\/420now.co\/wp-content\/uploads\/2021\/04\/popeyes-1000mg-min-shroom-dark-chocolate.jpg 600w\" sizes=\"auto, (max-width: 360px) 147px, (max-width: 300px) 100vw, 300px\" \/>\t\t\t\n\t<\/div><\/div><\/a><\/div><div class=\"woocommerce-card__header\">\t\t\t\t<div class=\"woocommerce-loop-product__title\"><a tabindex=\"0\" href=\"https:\/\/420now.co\/fr-ca\/product\/mini-barre-de-champignons-popeyes-extractions-chocolat-noir-1000mg-achetez-10-50-00\/\" aria-label=\"Mini barre de champignons Popeyes Extractions &#8211; Chocolat noir &#8211; 1000MG (Achetez 10 &#8211; $50.00)\" class=\"woocommerce-LoopProduct-link woocommerce-loop-product__link\">Mini barre de champignons Popeyes Extractions &#8211; Chocolat noir &#8211; 1000MG (Achetez 10 &#8211; $50.00)<\/a><\/div>\n\t<span class=\"price\"><del aria-hidden=\"true\"><span class=\"woocommerce-Price-amount amount\"><bdi><span class=\"woocommerce-Price-currencySymbol\">&#36;<\/span>100.00<\/bdi><\/span><\/del> <span class=\"screen-reader-text\">Le prix initial \u00e9tait\u00a0: &#036;100.00.<\/span><ins aria-hidden=\"true\"><span class=\"woocommerce-Price-amount amount\"><bdi><span class=\"woocommerce-Price-currencySymbol\">&#36;<\/span>50.00<\/bdi><\/span><\/ins><span class=\"screen-reader-text\">Le prix actuel est\u00a0: &#036;50.00.<\/span><\/span>\n<\/a><a href=\"\/fr-ca\/wp-json\/wp\/v2\/pages\/18034?add-to-cart=21239\" aria-describedby=\"woocommerce_loop_add_to_cart_link_describedby_21239\" data-quantity=\"1\" class=\"button product_type_simple add_to_cart_button ajax_add_to_cart\" data-product_id=\"21239\" data-product_sku=\"\" aria-label=\"Ajouter au panier\u00a0: &ldquo;Mini barre de champignons Popeyes Extractions - Chocolat noir - 1000MG (Achetez 10 - $50.00)&rdquo;\" rel=\"nofollow\" data-success_message=\"\u00ab\u00a0Mini barre de champignons Popeyes Extractions - Chocolat noir - 1000MG (Achetez 10 - $50.00)\u00a0\u00bb a \u00e9t\u00e9 ajout\u00e9 \u00e0 votre panier\" role=\"button\">Ajouter au panier<\/a>\t<span id=\"woocommerce_loop_add_to_cart_link_describedby_21239\" class=\"screen-reader-text\">\n\t\t\t<\/span>\n<\/div><\/li>\n<\/ul>\n<\/div>\n","protected":false},"excerpt":{"rendered":"","protected":false},"author":1,"featured_media":0,"parent":0,"menu_order":0,"comment_status":"closed","ping_status":"closed","template":"","meta":{"_acf_changed":false,"footnotes":""},"class_list":["post-18034","page","type-page","status-publish","hentry"],"acf":[],"_links":{"self":[{"href":"https:\/\/420now.co\/fr-ca\/wp-json\/wp\/v2\/pages\/18034","targetHints":{"allow":["GET"]}}],"collection":[{"href":"https:\/\/420now.co\/fr-ca\/wp-json\/wp\/v2\/pages"}],"about":[{"href":"https:\/\/420now.co\/fr-ca\/wp-json\/wp\/v2\/types\/page"}],"author":[{"embeddable":true,"href":"https:\/\/420now.co\/fr-ca\/wp-json\/wp\/v2\/users\/1"}],"replies":[{"embeddable":true,"href":"https:\/\/420now.co\/fr-ca\/wp-json\/wp\/v2\/comments?post=18034"}],"version-history":[{"count":0,"href":"https:\/\/420now.co\/fr-ca\/wp-json\/wp\/v2\/pages\/18034\/revisions"}],"wp:attachment":[{"href":"https:\/\/420now.co\/fr-ca\/wp-json\/wp\/v2\/media?parent=18034"}],"curies":[{"name":"wp","href":"https:\/\/api.w.org\/{rel}","templated":true}]}}