{"id":17874,"date":"2024-10-09T13:24:07","date_gmt":"2024-10-09T17:24:07","guid":{"rendered":"https:\/\/420now.co\/product\/headband-4-oz\/"},"modified":"2026-03-19T10:09:55","modified_gmt":"2026-03-19T14:09:55","slug":"headband-4-oz","status":"publish","type":"product","link":"https:\/\/420now.co\/fr-ca\/product\/headband-4-oz\/","title":{"rendered":"Bandeau &#8211; 4 oz."},"content":{"rendered":"<p>Si vous vous \u00eates d\u00e9j\u00e0 demand\u00e9 ce que \u00e7a fait de porter un bandeau invisible et parfaitement ajust\u00e9, vous allez vous r\u00e9galer \u2014 cette vari\u00e9t\u00e9 est l\u00e0 pour \u00e9pouser doucement vos tempes d\u2019une fa\u00e7on qui vous fera jurer que vous \u00eates pr\u00eat pour un entra\u00eenement, ou du moins un marathon mental. Voici Headband, une vari\u00e9t\u00e9 hybride qui m\u00e9lange le meilleur de ses c\u00e9l\u00e8bres parents : OG Kush et Sour Diesel. Connue pour ses effets c\u00e9r\u00e9braux et son high corporel apaisant, cette vari\u00e9t\u00e9 offre une exp\u00e9rience \u00e0 la fois inspirante et relaxante, avec juste une petite pression sur la t\u00eate pour vous rappeler qui est le patron.  <\/p>\n<p>Avec une teneur en THC pouvant varier entre 20% et 27%, Headbandand offre un high puissant mais \u00e9quilibr\u00e9. La vari\u00e9t\u00e9 est tr\u00e8s appr\u00e9ci\u00e9e pour son d\u00e9but lent, alors ne vous attendez pas \u00e0 une bouff\u00e9e d\u2019euphorie imm\u00e9diate. Au lieu de cela, il vous surprend, vous plongeant peu \u00e0 peu dans un \u00e9tat de bonheur, comme s\u2019il enveloppait votre cerveau dans un nuage chaud et doux. La sensation semblable \u00e0 un bandeau \u2014 d\u2019o\u00f9 son nom \u2014 vient de la fa\u00e7on dont il semble appliquer une l\u00e9g\u00e8re pression autour du sommet de votre t\u00eate, cr\u00e9ant une exp\u00e9rience distinctive que les amateurs de cette vari\u00e9t\u00e9 trouvent \u00e0 la fois unique et agr\u00e9able.   <\/p>\n<p>C\u00f4t\u00e9 saveur, Headband, c\u2019est un gagnant. Son profil aromatique est un merveilleux m\u00e9lange de notes terreuses, diesel et agrumes, gr\u00e2ce \u00e0 sa lign\u00e9e Sour Diesel. Il y a une finale sucr\u00e9e et citronn\u00e9e \u00e0 l\u2019expiration, ce qui lui donne une touche rafra\u00eechissante. Chaque bouff\u00e9e donne l\u2019impression d\u2019une bouch\u00e9e dans une tarte au citron fra\u00eechement zeste, suivie de ce punch diesel inimitable. C\u2019est cette combinaison de saveurs qui fait revenir les gens, faisant de chaque session une aventure pleine de saveurs.    <\/p>\n<h2>Bienfaits m\u00e9dicaux de la tension du bandeau<\/h2>\n<p>Au-del\u00e0 de sa saveur all\u00e9chante, le bandeau est reconnu pour ses impressionnants bienfaits m\u00e9dicaux. Que vous souffriez de stress, d\u2019anxi\u00e9t\u00e9, de maux de t\u00eate ou de douleurs physiques, cette souche vous a couvert \u2014 comme un bandeau douillet de soulagement. Sa g\u00e9n\u00e9tique dominante indica aide \u00e0 d\u00e9tendre les muscles tendus et \u00e0 soulager l\u2019inconfort corporel, tandis que la composante sativa apporte un l\u00e9ger regain mental qui peut soulager les troubles de l\u2019humeur et la fatigue. Cela en fait un excellent choix pour un usage de jour comme de soir, selon la quantit\u00e9 consomm\u00e9e. Des doses l\u00e9g\u00e8res vous garderont concentr\u00e9 et productif, tandis que des doses plus \u00e9lev\u00e9es pourraient vous faire fondre sur le divan avec un sourire serein coll\u00e9 au visage.    <\/p>\n<p><em>REMARQUE : Les informations sur ce site sont fournies \u00e0 des fins \u00e9ducatives seulement et ne remplacent pas un avis m\u00e9dical professionnel.  <\/em><\/p>\n<p>En bref, le bandeau est une vari\u00e9t\u00e9 pour ceux qui appr\u00e9cient un high rampant qui procure \u00e0 la fois stimulation mentale et relaxation physique. C\u2019est une exp\u00e9rience unique \u2014 comme porter un bandeau qui vous donne des super-pouvoirs. Alors, si vous \u00eates pr\u00eat pour une vari\u00e9t\u00e9 qui vous fera sentir comme si vous venez de glisser dans le c\u00e2lin mental le plus confortable et confortable qui soit, essayez Headband. Pr\u00e9pare-toi juste \u00e0 aimer cette pression sur le bandeau \u2013 c\u2019est une fonctionnalit\u00e9, pas un bogue!   <\/p>\n<h2>Livraison de vari\u00e9t\u00e9 de cannabis pour bandeau dans la r\u00e9gion de Toronto<\/h2>\n<p>Si vous \u00eates dans la r\u00e9gion du Grand Toronto (RGT), vous pouvez vous procurer de l\u2019herbe JTK (aussi connue sous le nom de Justin Trudope) en 2 heures* \u00e0 votre porte! Commandez avant 20 h et l\u2019un de nos chauffeurs vous livrera le jour m\u00eame, 2 heures gratuitement, lorsque vous commandez un minimum de 100,00 $ de l\u2019un des produits sur notre site Web.<\/p>\n<p>*Livraison en deux heures \u00e0 Toronto (Scarborough, North York, Etobicoke, DownTown, York \u2013 toutes les r\u00e9gions \u00e0 l\u2019int\u00e9rieur des fronti\u00e8res de la ville de Toronto), Richmond Hill, King, Aurora, Newmarket, Woodbridge, Vaughan et Markham.<\/p>\n<p>Nous exp\u00e9dions \u00e9galement partout au Canada et dans des r\u00e9gions \u00e9loign\u00e9es en dehors de notre zone de livraison gratuite habituelle.<\/p>\n","protected":false},"excerpt":{"rendered":"<p><strong>Les coupons de rabais ne s\u2019appliquent pas \u00e0 ce produit<\/strong><\/p>\n<p>Si vous vous \u00eates d\u00e9j\u00e0 demand\u00e9 ce que \u00e7a fait de porter un bandeau invisible et parfaitement ajust\u00e9, vous allez vous r\u00e9galer \u2014 cette vari\u00e9t\u00e9 est l\u00e0 pour \u00e9pouser doucement vos tempes d\u2019une fa\u00e7on qui vous fera jurer que vous \u00eates pr\u00eat pour un entra\u00eenement, ou du moins un marathon mental. Voici Headband, une vari\u00e9t\u00e9 hybride qui m\u00e9lange le meilleur de ses c\u00e9l\u00e8bres parents : OG Kush et Sour Diesel. <\/p>\n<p>Connue pour ses effets c\u00e9r\u00e9braux et son high corporel apaisant, cette vari\u00e9t\u00e9 offre une exp\u00e9rience \u00e0 la fois inspirante et relaxante, avec juste une petite pression sur la t\u00eate pour vous rappeler qui est le patron.<\/p>\n<p>Avec une teneur en THC pouvant varier entre 20% et 27%, Headbandand offre un high puissant mais \u00e9quilibr\u00e9.<\/p>\n","protected":false},"featured_media":17783,"comment_status":"open","ping_status":"closed","template":"","meta":{"_acf_changed":false},"product_brand":[],"product_cat":[249],"product_tag":[],"class_list":{"0":"post-17874","1":"product","2":"type-product","3":"status-publish","4":"has-post-thumbnail","6":"product_cat-hybride-pot","8":"first","9":"instock","10":"shipping-taxable","11":"purchasable","12":"product-type-simple"},"acf":[],"_links":{"self":[{"href":"https:\/\/420now.co\/fr-ca\/wp-json\/wp\/v2\/product\/17874","targetHints":{"allow":["GET"]}}],"collection":[{"href":"https:\/\/420now.co\/fr-ca\/wp-json\/wp\/v2\/product"}],"about":[{"href":"https:\/\/420now.co\/fr-ca\/wp-json\/wp\/v2\/types\/product"}],"replies":[{"embeddable":true,"href":"https:\/\/420now.co\/fr-ca\/wp-json\/wp\/v2\/comments?post=17874"}],"wp:featuredmedia":[{"embeddable":true,"href":"https:\/\/420now.co\/fr-ca\/wp-json\/wp\/v2\/media\/17783"}],"wp:attachment":[{"href":"https:\/\/420now.co\/fr-ca\/wp-json\/wp\/v2\/media?parent=17874"}],"wp:term":[{"taxonomy":"product_brand","embeddable":true,"href":"https:\/\/420now.co\/fr-ca\/wp-json\/wp\/v2\/product_brand?post=17874"},{"taxonomy":"product_cat","embeddable":true,"href":"https:\/\/420now.co\/fr-ca\/wp-json\/wp\/v2\/product_cat?post=17874"},{"taxonomy":"product_tag","embeddable":true,"href":"https:\/\/420now.co\/fr-ca\/wp-json\/wp\/v2\/product_tag?post=17874"}],"curies":[{"name":"wp","href":"https:\/\/api.w.org\/{rel}","templated":true}]}}