{"id":17875,"date":"2024-09-11T17:36:10","date_gmt":"2024-09-11T21:36:10","guid":{"rendered":"https:\/\/420now.co\/product\/drizzle-factory-moon-rocket-watermelon-12-gr\/"},"modified":"2026-03-11T19:35:15","modified_gmt":"2026-03-11T23:35:15","slug":"drizzle-factory-moon-rocket-watermelon-12-gr","status":"publish","type":"product","link":"https:\/\/420now.co\/fr-ca\/product\/drizzle-factory-moon-rocket-watermelon-12-gr\/","title":{"rendered":"Drizzle Factory Moon Rocket Watermelon 1,2 gr."},"content":{"rendered":"<p>Plongez dans une explosion de saveur rafra\u00eechissante avec le pr\u00e9-rouleau de fus\u00e9e de Watermelon Drizzle Factory.<\/p>\n<p>Ce pr\u00e9-rouleau de 1,2 g contient des fleurs de qualit\u00e9 sup\u00e9rieure infus\u00e9es de puissant distillat D9, offrant \u00e0 la fois une saveur et des effets intenses. Enrob\u00e9 de diamants THCA purs HTCE, il donne des bouff\u00e9es douces et puissantes avec le go\u00fbt sucr\u00e9 et juteux du melon d\u2019eau frais. Surmont\u00e9e d\u2019une couche de kief haut de gamme, chaque bouff\u00e9e offre une exp\u00e9rience estivale rafra\u00eechissante qui est parfaite pour se d\u00e9tendre ou stimuler la cr\u00e9ativit\u00e9.<\/p>\n<p>Que vous vous d\u00e9tendiez ou que vous profitiez d\u2019un moment de d\u00e9tente, la Watermelon Rocket offre un effet savoureux et \u00e9difiant.<\/p>\n<p>Savourez l\u2019\u00e9vasion croquante et sucr\u00e9e avec les fus\u00e9es de Watermelon Drizzle Factory.<\/p>\n<h2>Livraison de fus\u00e9es lunaires Drizzle Factory dans la r\u00e9gion de Toronto<\/h2>\n<p>Si vous \u00eates dans la r\u00e9gion du Grand Toronto (RGT), vous pouvez vous procurer des fus\u00e9es lunaires Drizzle Factory en 2 heures* \u00e0 votre porte! Commandez avant 20 h et l\u2019un de nos chauffeurs vous livrera le jour m\u00eame, 2 heures gratuitement, lorsque vous commandez un minimum de 100,00 $ de l\u2019un des produits sur notre site Web. <\/p>\n<p>*Livraison en deux heures \u00e0 Toronto (Scarborough, North York, Etobicoke, DownTown, York \u2013 toutes les r\u00e9gions \u00e0 l\u2019int\u00e9rieur des fronti\u00e8res de la ville de Toronto), Richmond Hill, King, Aurora, Newmarket, Woodbridge, Vaughan et Markham.<\/p>\n<p>Nous exp\u00e9dions \u00e9galement partout au Canada et dans des r\u00e9gions \u00e9loign\u00e9es en dehors de notre zone de livraison gratuite habituelle.<\/p>\n","protected":false},"excerpt":{"rendered":"<p>Plongez dans une explosion de saveur rafra\u00eechissante avec le pr\u00e9-rouleau de fus\u00e9e de Watermelon Drizzle Factory.<\/p>\n<p>Ce pr\u00e9-rouleau de 1,2 g contient des fleurs de qualit\u00e9 sup\u00e9rieure infus\u00e9es de puissant distillat D9, offrant \u00e0 la fois une saveur et des effets intenses. Enrob\u00e9 de diamants THCA purs HTCE, il donne des bouff\u00e9es douces et puissantes avec le go\u00fbt sucr\u00e9 et juteux du melon d\u2019eau frais. Surmont\u00e9e d\u2019une couche de kief haut de gamme, chaque bouff\u00e9e offre une exp\u00e9rience estivale rafra\u00eechissante qui est parfaite pour se d\u00e9tendre ou stimuler la cr\u00e9ativit\u00e9.<\/p>\n<p>Que vous vous d\u00e9tendiez ou que vous profitiez d\u2019un moment de d\u00e9tente, la Watermelon Rocket offre un effet savoureux et \u00e9difiant.<\/p>\n<p>Savourez l\u2019\u00e9vasion croquante et sucr\u00e9e avec les fus\u00e9es de Watermelon Drizzle Factory.<\/p>\n","protected":false},"featured_media":17781,"comment_status":"open","ping_status":"closed","template":"","meta":{"_acf_changed":false},"product_brand":[180],"product_cat":[254],"product_tag":[205,286],"class_list":{"0":"post-17875","1":"product","2":"type-product","3":"status-publish","4":"has-post-thumbnail","6":"product_brand-drizzle-factory","7":"product_cat-moon-rockets-fr-ca","8":"product_tag-drizzle-factory-fr-ca","9":"product_tag-drizzle-factory-rockets-fr-ca","11":"first","12":"instock","13":"shipping-taxable","14":"purchasable","15":"product-type-simple"},"acf":[],"_links":{"self":[{"href":"https:\/\/420now.co\/fr-ca\/wp-json\/wp\/v2\/product\/17875","targetHints":{"allow":["GET"]}}],"collection":[{"href":"https:\/\/420now.co\/fr-ca\/wp-json\/wp\/v2\/product"}],"about":[{"href":"https:\/\/420now.co\/fr-ca\/wp-json\/wp\/v2\/types\/product"}],"replies":[{"embeddable":true,"href":"https:\/\/420now.co\/fr-ca\/wp-json\/wp\/v2\/comments?post=17875"}],"wp:featuredmedia":[{"embeddable":true,"href":"https:\/\/420now.co\/fr-ca\/wp-json\/wp\/v2\/media\/17781"}],"wp:attachment":[{"href":"https:\/\/420now.co\/fr-ca\/wp-json\/wp\/v2\/media?parent=17875"}],"wp:term":[{"taxonomy":"product_brand","embeddable":true,"href":"https:\/\/420now.co\/fr-ca\/wp-json\/wp\/v2\/product_brand?post=17875"},{"taxonomy":"product_cat","embeddable":true,"href":"https:\/\/420now.co\/fr-ca\/wp-json\/wp\/v2\/product_cat?post=17875"},{"taxonomy":"product_tag","embeddable":true,"href":"https:\/\/420now.co\/fr-ca\/wp-json\/wp\/v2\/product_tag?post=17875"}],"curies":[{"name":"wp","href":"https:\/\/api.w.org\/{rel}","templated":true}]}}