{"id":17876,"date":"2024-09-11T17:09:09","date_gmt":"2024-09-11T21:09:09","guid":{"rendered":"https:\/\/420now.co\/product\/drizzle-factory-moon-rocket-pink-lemonade-12-gr\/"},"modified":"2026-03-11T19:40:18","modified_gmt":"2026-03-11T23:40:18","slug":"drizzle-factory-moon-rocket-pink-lemonade-12-gr","status":"publish","type":"product","link":"https:\/\/420now.co\/fr-ca\/product\/drizzle-factory-moon-rocket-pink-lemonade-12-gr\/","title":{"rendered":"Drizzle Factory Moon Rocket Pink Lemonade 1,2 gr."},"content":{"rendered":"<p>Rafra\u00eechissez vos sens avec le vibrant Drizzle Factory Pink Lemonade Rocket Pre-Roll.  <\/p>\n<p>Ce pr\u00e9-roul\u00e9 de 1,2g combine des fleurs premium avec un puissant distillat de D9 pour offrir une exp\u00e9rience audacieuse et piquante. Enrob\u00e9 d\u2019un pur THCA Diamonds HTCE, chaque bouff\u00e9e est douce et puissante, avec les saveurs sucr\u00e9es et acidul\u00e9es de la limonade rose qui ressortent.  Termin\u00e9 par une pinc\u00e9e de kief haut de gamme, les notes d\u2019agrumes rafra\u00eechissantes cr\u00e9ent un m\u00e9lange parfaitement \u00e9quilibr\u00e9 de douceur et d\u2019acidit\u00e9.  <\/p>\n<p>Que vous cherchiez \u00e0 vous d\u00e9tendre ou \u00e0 stimuler votre cr\u00e9ativit\u00e9, la Pink Lemonade Rocket offre un effet stimulant et savoureux.  <\/p>\n<p>Sirotez ce d\u00e9lice d\u2019agrumes avec les fus\u00e9es de Pink Lemonade de Drizzle Factory.<\/p>\n<h2>Livraison de fus\u00e9es lunaires Drizzle Factory dans la r\u00e9gion de Toronto<\/h2>\n<p>Si vous \u00eates dans la r\u00e9gion du Grand Toronto (RGT), vous pouvez vous procurer des fus\u00e9es lunaires Drizzle Factory en 2 heures* \u00e0 votre porte! Commandez avant 20 h et l\u2019un de nos chauffeurs vous livrera le jour m\u00eame, 2 heures gratuitement, lorsque vous commandez un minimum de 100,00 $ de l\u2019un des produits sur notre site Web. <\/p>\n<p>*Livraison en deux heures \u00e0 Toronto (Scarborough, North York, Etobicoke, DownTown, York \u2013 toutes les r\u00e9gions \u00e0 l\u2019int\u00e9rieur des fronti\u00e8res de la ville de Toronto), Richmond Hill, King, Aurora, Newmarket, Woodbridge, Vaughan et Markham.<\/p>\n<p>Nous exp\u00e9dions \u00e9galement partout au Canada et dans des r\u00e9gions \u00e9loign\u00e9es en dehors de notre zone de livraison gratuite habituelle.<\/p>\n","protected":false},"excerpt":{"rendered":"<p>Rafra\u00eechissez vos sens avec le vibrant Drizzle Factory Pink Lemonade Rocket Pre-Roll.  <\/p>\n<p>Ce pr\u00e9-rouleau de 1,2 g combine une fleur de qualit\u00e9 sup\u00e9rieure avec un puissant distillat D9 pour offrir une exp\u00e9rience audacieuse et piquante. Enrob\u00e9e de purs diamants THCA HTCE, chaque bouff\u00e9e est douce et puissante, avec les saveurs sucr\u00e9es et acidul\u00e9es de la limonade rose qui brillent. Fini avec un saupoudrage de kief haut de gamme, les notes rafra\u00eechissantes d\u2019agrumes cr\u00e9ent un m\u00e9lange parfaitement \u00e9quilibr\u00e9 de douceur et d\u2019acidit\u00e9.    <\/p>\n<p>Que vous cherchiez \u00e0 vous d\u00e9tendre ou \u00e0 stimuler votre cr\u00e9ativit\u00e9, la Pink Lemonade Rocket offre un effet stimulant et savoureux.  <\/p>\n<p>Sirotez ce d\u00e9lice d\u2019agrumes avec les fus\u00e9es de Pink Lemonade de Drizzle Factory.<\/p>\n","protected":false},"featured_media":17777,"comment_status":"open","ping_status":"closed","template":"","meta":{"_acf_changed":false},"product_brand":[180],"product_cat":[254],"product_tag":[205,286],"class_list":{"0":"post-17876","1":"product","2":"type-product","3":"status-publish","4":"has-post-thumbnail","6":"product_brand-drizzle-factory","7":"product_cat-moon-rockets-fr-ca","8":"product_tag-drizzle-factory-fr-ca","9":"product_tag-drizzle-factory-rockets-fr-ca","11":"first","12":"instock","13":"shipping-taxable","14":"purchasable","15":"product-type-simple"},"acf":[],"_links":{"self":[{"href":"https:\/\/420now.co\/fr-ca\/wp-json\/wp\/v2\/product\/17876","targetHints":{"allow":["GET"]}}],"collection":[{"href":"https:\/\/420now.co\/fr-ca\/wp-json\/wp\/v2\/product"}],"about":[{"href":"https:\/\/420now.co\/fr-ca\/wp-json\/wp\/v2\/types\/product"}],"replies":[{"embeddable":true,"href":"https:\/\/420now.co\/fr-ca\/wp-json\/wp\/v2\/comments?post=17876"}],"wp:featuredmedia":[{"embeddable":true,"href":"https:\/\/420now.co\/fr-ca\/wp-json\/wp\/v2\/media\/17777"}],"wp:attachment":[{"href":"https:\/\/420now.co\/fr-ca\/wp-json\/wp\/v2\/media?parent=17876"}],"wp:term":[{"taxonomy":"product_brand","embeddable":true,"href":"https:\/\/420now.co\/fr-ca\/wp-json\/wp\/v2\/product_brand?post=17876"},{"taxonomy":"product_cat","embeddable":true,"href":"https:\/\/420now.co\/fr-ca\/wp-json\/wp\/v2\/product_cat?post=17876"},{"taxonomy":"product_tag","embeddable":true,"href":"https:\/\/420now.co\/fr-ca\/wp-json\/wp\/v2\/product_tag?post=17876"}],"curies":[{"name":"wp","href":"https:\/\/api.w.org\/{rel}","templated":true}]}}