{"id":17877,"date":"2024-09-11T17:24:27","date_gmt":"2024-09-11T21:24:27","guid":{"rendered":"https:\/\/420now.co\/product\/drizzle-factory-moon-rocket-fraise-reglisse-12-gr\/"},"modified":"2026-03-11T19:36:29","modified_gmt":"2026-03-11T23:36:29","slug":"drizzle-factory-moon-rocket-fraise-reglisse-12-gr","status":"publish","type":"product","link":"https:\/\/420now.co\/fr-ca\/product\/drizzle-factory-moon-rocket-fraise-reglisse-12-gr\/","title":{"rendered":"Drizzle Factory Moon Rocket Strawberry Licorice 1,2 gr."},"content":{"rendered":"<p>Comblez votre dent sucr\u00e9e avec le pr\u00e9-rouleau de roquette \u00e0 la fraise et \u00e0 la r\u00e9glisse de Drizzle Factory .<\/p>\n<p>Rempli de 1,2 g de fleur premium et infus\u00e9 d\u2019un distillat puissant de D9, ce pr\u00e9-roul\u00e9 offre un punch audacieux et fruit\u00e9. Enrob\u00e9 de THCA pur Diamonds HTCE, il procure un high doux et puissant \u00e0 chaque bouff\u00e9e.  Le kief haut de gamme ajoute une couche suppl\u00e9mentaire de douceur, compl\u00e9tant parfaitement les saveurs de fraise et de r\u00e9glisse qui d\u00e9bordent \u00e0 chaque bouff\u00e9e.  <\/p>\n<p>Que vous cherchiez \u00e0 vous d\u00e9tendre ou \u00e0 explorer votre c\u00f4t\u00e9 cr\u00e9atif, la fus\u00e9e \u00e0 la fraise et \u00e0 la r\u00e9glisse offre une escapade d\u00e9licieusement sucr\u00e9e.  <\/p>\n<p>D\u00e9couvrez le m\u00e9lange parfait de saveurs et d\u2019effets avec les fus\u00e9es \u00e0 la fraise et \u00e0 la r\u00e9glisse de Drizzle Factory .<\/p>\n<h2>Livraison de fus\u00e9es lunaires Drizzle Factory dans la r\u00e9gion de Toronto<\/h2>\n<p>Si vous \u00eates dans la r\u00e9gion du Grand Toronto (RGT), vous pouvez vous procurer des fus\u00e9es lunaires Drizzle Factory en 2 heures* \u00e0 votre porte! Commandez avant 20 h et l\u2019un de nos chauffeurs vous livrera le jour m\u00eame, 2 heures gratuitement, lorsque vous commandez un minimum de 100,00 $ de l\u2019un des produits sur notre site Web. <\/p>\n<p>*Livraison en deux heures \u00e0 Toronto (Scarborough, North York, Etobicoke, DownTown, York \u2013 toutes les r\u00e9gions \u00e0 l\u2019int\u00e9rieur des fronti\u00e8res de la ville de Toronto), Richmond Hill, King, Aurora, Newmarket, Woodbridge, Vaughan et Markham.<\/p>\n<p>Nous exp\u00e9dions \u00e9galement partout au Canada et dans des r\u00e9gions \u00e9loign\u00e9es en dehors de notre zone de livraison gratuite habituelle.<\/p>\n","protected":false},"excerpt":{"rendered":"<p>Comblez votre dent sucr\u00e9e avec le pr\u00e9-rouleau de roquette \u00e0 la fraise et \u00e0 la r\u00e9glisse de Drizzle Factory .<\/p>\n<p>Emball\u00e9 avec 1,2 g de fleurs de qualit\u00e9 sup\u00e9rieure et infus\u00e9 de puissant distillat D9, ce pr\u00e9-rouleau offre un punch audacieux et fruit\u00e9. Recouvert de diamants THCA purs HTCE, il procure un high doux et puissant \u00e0 chaque bouff\u00e9e. Le kief haut de gamme ajoute une couche suppl\u00e9mentaire de douceur, compl\u00e9tant parfaitement les saveurs de fraise et de r\u00e9glisse qui \u00e9clatent \u00e0 chaque bouff\u00e9e.    <\/p>\n<p>Que vous cherchiez \u00e0 vous d\u00e9tendre ou \u00e0 explorer votre c\u00f4t\u00e9 cr\u00e9atif, la fus\u00e9e \u00e0 la fraise et \u00e0 la r\u00e9glisse offre une escapade d\u00e9licieusement sucr\u00e9e.  <\/p>\n<p>D\u00e9couvrez le m\u00e9lange parfait de saveurs et d\u2019effets avec les fus\u00e9es \u00e0 la fraise et \u00e0 la r\u00e9glisse de Drizzle Factory .<\/p>\n","protected":false},"featured_media":17780,"comment_status":"open","ping_status":"closed","template":"","meta":{"_acf_changed":false},"product_brand":[180],"product_cat":[254],"product_tag":[205,286],"class_list":{"0":"post-17877","1":"product","2":"type-product","3":"status-publish","4":"has-post-thumbnail","6":"product_brand-drizzle-factory","7":"product_cat-moon-rockets-fr-ca","8":"product_tag-drizzle-factory-fr-ca","9":"product_tag-drizzle-factory-rockets-fr-ca","11":"first","12":"instock","13":"shipping-taxable","14":"purchasable","15":"product-type-simple"},"acf":[],"_links":{"self":[{"href":"https:\/\/420now.co\/fr-ca\/wp-json\/wp\/v2\/product\/17877","targetHints":{"allow":["GET"]}}],"collection":[{"href":"https:\/\/420now.co\/fr-ca\/wp-json\/wp\/v2\/product"}],"about":[{"href":"https:\/\/420now.co\/fr-ca\/wp-json\/wp\/v2\/types\/product"}],"replies":[{"embeddable":true,"href":"https:\/\/420now.co\/fr-ca\/wp-json\/wp\/v2\/comments?post=17877"}],"wp:featuredmedia":[{"embeddable":true,"href":"https:\/\/420now.co\/fr-ca\/wp-json\/wp\/v2\/media\/17780"}],"wp:attachment":[{"href":"https:\/\/420now.co\/fr-ca\/wp-json\/wp\/v2\/media?parent=17877"}],"wp:term":[{"taxonomy":"product_brand","embeddable":true,"href":"https:\/\/420now.co\/fr-ca\/wp-json\/wp\/v2\/product_brand?post=17877"},{"taxonomy":"product_cat","embeddable":true,"href":"https:\/\/420now.co\/fr-ca\/wp-json\/wp\/v2\/product_cat?post=17877"},{"taxonomy":"product_tag","embeddable":true,"href":"https:\/\/420now.co\/fr-ca\/wp-json\/wp\/v2\/product_tag?post=17877"}],"curies":[{"name":"wp","href":"https:\/\/api.w.org\/{rel}","templated":true}]}}