{"id":17879,"date":"2024-09-11T17:18:42","date_gmt":"2024-09-11T21:18:42","guid":{"rendered":"https:\/\/420now.co\/product\/drizzle-factory-moon-rocket-cream-soda-crush-12-gr\/"},"modified":"2026-03-11T19:37:39","modified_gmt":"2026-03-11T23:37:39","slug":"drizzle-factory-moon-rocket-cream-soda-crush-12-gr","status":"publish","type":"product","link":"https:\/\/420now.co\/fr-ca\/product\/drizzle-factory-moon-rocket-cream-soda-crush-12-gr\/","title":{"rendered":"Drizzle Factory Moon Rocket Cream Soda Crush 1,2 gr."},"content":{"rendered":"<p>Laissez-vous tenter par une g\u00e2terie cr\u00e9meuse et nostalgique avec le Red Cream Soda Crush Pre-Roll de Drizzle Factory. <\/p>\n<p>Ce pr\u00e9-roul\u00e9 de 1,2 g est fait avec une fleur premium et infus\u00e9 avec un distillat puissant de D9 pour rehausser \u00e0 la fois la saveur et la puissance. Enrob\u00e9 de THCA pur Diamonds HTCE, il d\u00e9livre des coups doux et puissants avec la saveur sucr\u00e9e et cr\u00e9meuse du classique soda \u00e0 la cr\u00e8me rouge.  Une touche de kief haut de gamme ajoute de la profondeur aux notes sucr\u00e9es infus\u00e9es \u00e0 la vanille, rendant chaque bouff\u00e9e vraiment riche et satisfaisante.  <\/p>\n<p>Que vous cherchiez \u00e0 vous d\u00e9tendre ou \u00e0 ajouter un peu de douceur \u00e0 votre journ\u00e9e, la Red Cream Soda Crush offre un effet doux et euphorisant auquel il est difficile de r\u00e9sister.  <\/p>\n<p>Offrez-vous ce d\u00e9licieux m\u00e9lange de saveurs et de puissance avec les fus\u00e9es de Cream Soda Crush rouge de Drizzle Factory.<\/p>\n<h2>Livraison de fus\u00e9es lunaires Drizzle Factory dans la r\u00e9gion de Toronto<\/h2>\n<p>Si vous \u00eates dans la r\u00e9gion du Grand Toronto (RGT), vous pouvez vous procurer des fus\u00e9es lunaires Drizzle Factory en 2 heures* \u00e0 votre porte! Commandez avant 20 h et l\u2019un de nos chauffeurs vous livrera le jour m\u00eame, 2 heures gratuitement, lorsque vous commandez un minimum de 100,00 $ de l\u2019un des produits sur notre site Web. <\/p>\n<p>*Livraison en deux heures \u00e0 Toronto (Scarborough, North York, Etobicoke, DownTown, York \u2013 toutes les r\u00e9gions \u00e0 l\u2019int\u00e9rieur des fronti\u00e8res de la ville de Toronto), Richmond Hill, King, Aurora, Newmarket, Woodbridge, Vaughan et Markham.<\/p>\n<p>Nous exp\u00e9dions \u00e9galement partout au Canada et dans des r\u00e9gions \u00e9loign\u00e9es en dehors de notre zone de livraison gratuite habituelle.<\/p>\n","protected":false},"excerpt":{"rendered":"<p>Laissez-vous tenter par une g\u00e2terie cr\u00e9meuse et nostalgique avec le Red Cream Soda Crush Pre-Roll de Drizzle Factory. <\/p>\n<p>Ce pr\u00e9-roll de 1,2 g est compos\u00e9 de fleurs de qualit\u00e9 sup\u00e9rieure et infus\u00e9 de puissant distillat D9 pour rehausser \u00e0 la fois la saveur et la puissance. Enrob\u00e9 de THCA Diamonds HTCE pur, il offre des bouff\u00e9es douces et puissantes avec la saveur sucr\u00e9e et cr\u00e9meuse du soda \u00e0 la cr\u00e8me rouge classique. Un saupoudrage de kief haut de gamme ajoute de la profondeur aux notes sucr\u00e9es infus\u00e9es \u00e0 la vanille, faisant de chaque bouff\u00e9e une exp\u00e9rience vraiment riche et satisfaisante.    <\/p>\n<p>Que vous cherchiez \u00e0 vous d\u00e9tendre ou \u00e0 ajouter un peu de douceur \u00e0 votre journ\u00e9e, la Red Cream Soda Crush offre un effet doux et euphorisant auquel il est difficile de r\u00e9sister.  <\/p>\n<p>Offrez-vous ce d\u00e9licieux m\u00e9lange de saveurs et de puissance avec les fus\u00e9es de Cream Soda Crush rouge de Drizzle Factory.<\/p>\n","protected":false},"featured_media":17779,"comment_status":"open","ping_status":"closed","template":"","meta":{"_acf_changed":false},"product_brand":[180],"product_cat":[254],"product_tag":[205,286],"class_list":{"0":"post-17879","1":"product","2":"type-product","3":"status-publish","4":"has-post-thumbnail","6":"product_brand-drizzle-factory","7":"product_cat-moon-rockets-fr-ca","8":"product_tag-drizzle-factory-fr-ca","9":"product_tag-drizzle-factory-rockets-fr-ca","11":"first","12":"instock","13":"shipping-taxable","14":"purchasable","15":"product-type-simple"},"acf":[],"_links":{"self":[{"href":"https:\/\/420now.co\/fr-ca\/wp-json\/wp\/v2\/product\/17879","targetHints":{"allow":["GET"]}}],"collection":[{"href":"https:\/\/420now.co\/fr-ca\/wp-json\/wp\/v2\/product"}],"about":[{"href":"https:\/\/420now.co\/fr-ca\/wp-json\/wp\/v2\/types\/product"}],"replies":[{"embeddable":true,"href":"https:\/\/420now.co\/fr-ca\/wp-json\/wp\/v2\/comments?post=17879"}],"wp:featuredmedia":[{"embeddable":true,"href":"https:\/\/420now.co\/fr-ca\/wp-json\/wp\/v2\/media\/17779"}],"wp:attachment":[{"href":"https:\/\/420now.co\/fr-ca\/wp-json\/wp\/v2\/media?parent=17879"}],"wp:term":[{"taxonomy":"product_brand","embeddable":true,"href":"https:\/\/420now.co\/fr-ca\/wp-json\/wp\/v2\/product_brand?post=17879"},{"taxonomy":"product_cat","embeddable":true,"href":"https:\/\/420now.co\/fr-ca\/wp-json\/wp\/v2\/product_cat?post=17879"},{"taxonomy":"product_tag","embeddable":true,"href":"https:\/\/420now.co\/fr-ca\/wp-json\/wp\/v2\/product_tag?post=17879"}],"curies":[{"name":"wp","href":"https:\/\/api.w.org\/{rel}","templated":true}]}}