{"id":17880,"date":"2024-09-11T17:14:53","date_gmt":"2024-09-11T21:14:53","guid":{"rendered":"https:\/\/420now.co\/product\/drizzle-factory-moon-rocket-raspberry-rush-12-gr\/"},"modified":"2026-03-11T19:39:05","modified_gmt":"2026-03-11T23:39:05","slug":"drizzle-factory-moon-rocket-raspberry-rush-12-gr","status":"publish","type":"product","link":"https:\/\/420now.co\/fr-ca\/product\/drizzle-factory-moon-rocket-raspberry-rush-12-gr\/","title":{"rendered":"Drizzle Factory Moon Rocket Raspberry Rush 1,2 gr."},"content":{"rendered":"<p>Ressentez la saveur sucr\u00e9e et fruit\u00e9e avec le pr\u00e9-rouleau Drizzle Factory Raspberry Rush Rocket.  <\/p>\n<p>Fabriqu\u00e9 avec 1,2 g de fleur de qualit\u00e9 sup\u00e9rieure et tremp\u00e9 dans un puissant distillat D9, ce pr\u00e9-rouleau a un punch puissant tout en offrant une explosion de saveur de framboise m\u00fbre et juteuse. Recouvert de diamants THCA purs HTCE, il procure un effet doux et puissant \u00e0 chaque inhalation. La touche finale du kief haut de gamme rehausse les notes sucr\u00e9es et acidul\u00e9es de framboise, faisant de chaque bouff\u00e9e une exp\u00e9rience d\u00e9licieusement audacieuse.  <\/p>\n<p>Que vous cherchiez \u00e0 vous d\u00e9tendre ou \u00e0 explorer votre c\u00f4t\u00e9 cr\u00e9atif, la Raspberry Rush apporte un \u00e9quilibre parfait entre douceur et puissance.  <\/p>\n<p>Savourez la saveur et les effets avec les fus\u00e9es Raspberry Rush de Drizzle Factory.<\/p>\n<h2>Livraison de fus\u00e9es lunaires Drizzle Factory dans la r\u00e9gion de Toronto<\/h2>\n<p>Si vous \u00eates dans la r\u00e9gion du Grand Toronto (RGT), vous pouvez vous procurer des fus\u00e9es lunaires Drizzle Factory en 2 heures* \u00e0 votre porte! Commandez avant 20 h et l\u2019un de nos chauffeurs vous livrera le jour m\u00eame, 2 heures gratuitement, lorsque vous commandez un minimum de 100,00 $ de l\u2019un des produits sur notre site Web. <\/p>\n<p>*Livraison en deux heures \u00e0 Toronto (Scarborough, North York, Etobicoke, DownTown, York \u2013 toutes les r\u00e9gions \u00e0 l\u2019int\u00e9rieur des fronti\u00e8res de la ville de Toronto), Richmond Hill, King, Aurora, Newmarket, Woodbridge, Vaughan et Markham.<\/p>\n<p>Nous exp\u00e9dions \u00e9galement partout au Canada et dans des r\u00e9gions \u00e9loign\u00e9es en dehors de notre zone de livraison gratuite habituelle.<\/p>\n","protected":false},"excerpt":{"rendered":"<p>Ressentez la saveur sucr\u00e9e et fruit\u00e9e avec le pr\u00e9-rouleau Drizzle Factory Raspberry Rush Rocket.  <\/p>\n<p>Fabriqu\u00e9 avec 1,2 g de fleur de qualit\u00e9 sup\u00e9rieure et tremp\u00e9 dans un puissant distillat D9, ce pr\u00e9-rouleau a un punch puissant tout en offrant une explosion de saveur de framboise m\u00fbre et juteuse. Recouvert de diamants THCA purs HTCE, il procure un effet doux et puissant \u00e0 chaque inhalation. La touche finale du kief haut de gamme rehausse les notes sucr\u00e9es et acidul\u00e9es de framboise, faisant de chaque bouff\u00e9e une exp\u00e9rience d\u00e9licieusement audacieuse.  <\/p>\n<p>Que vous cherchiez \u00e0 vous d\u00e9tendre ou \u00e0 explorer votre c\u00f4t\u00e9 cr\u00e9atif, la Raspberry Rush apporte un \u00e9quilibre parfait entre douceur et puissance.  <\/p>\n<p>Savourez la saveur et les effets avec les fus\u00e9es Raspberry Rush de Drizzle Factory.<\/p>\n","protected":false},"featured_media":17778,"comment_status":"open","ping_status":"closed","template":"","meta":{"_acf_changed":false},"product_brand":[180],"product_cat":[254],"product_tag":[205,286],"class_list":{"0":"post-17880","1":"product","2":"type-product","3":"status-publish","4":"has-post-thumbnail","6":"product_brand-drizzle-factory","7":"product_cat-moon-rockets-fr-ca","8":"product_tag-drizzle-factory-fr-ca","9":"product_tag-drizzle-factory-rockets-fr-ca","11":"first","12":"instock","13":"shipping-taxable","14":"purchasable","15":"product-type-simple"},"acf":[],"_links":{"self":[{"href":"https:\/\/420now.co\/fr-ca\/wp-json\/wp\/v2\/product\/17880","targetHints":{"allow":["GET"]}}],"collection":[{"href":"https:\/\/420now.co\/fr-ca\/wp-json\/wp\/v2\/product"}],"about":[{"href":"https:\/\/420now.co\/fr-ca\/wp-json\/wp\/v2\/types\/product"}],"replies":[{"embeddable":true,"href":"https:\/\/420now.co\/fr-ca\/wp-json\/wp\/v2\/comments?post=17880"}],"wp:featuredmedia":[{"embeddable":true,"href":"https:\/\/420now.co\/fr-ca\/wp-json\/wp\/v2\/media\/17778"}],"wp:attachment":[{"href":"https:\/\/420now.co\/fr-ca\/wp-json\/wp\/v2\/media?parent=17880"}],"wp:term":[{"taxonomy":"product_brand","embeddable":true,"href":"https:\/\/420now.co\/fr-ca\/wp-json\/wp\/v2\/product_brand?post=17880"},{"taxonomy":"product_cat","embeddable":true,"href":"https:\/\/420now.co\/fr-ca\/wp-json\/wp\/v2\/product_cat?post=17880"},{"taxonomy":"product_tag","embeddable":true,"href":"https:\/\/420now.co\/fr-ca\/wp-json\/wp\/v2\/product_tag?post=17880"}],"curies":[{"name":"wp","href":"https:\/\/api.w.org\/{rel}","templated":true}]}}