{"id":17881,"date":"2024-09-08T17:39:40","date_gmt":"2024-09-08T21:39:40","guid":{"rendered":"https:\/\/420now.co\/product\/drizzle-factory-moon-rocket-orange-og-12-gr\/"},"modified":"2026-03-11T19:43:14","modified_gmt":"2026-03-11T23:43:14","slug":"drizzle-factory-moon-rocket-orange-og-12-gr","status":"publish","type":"product","link":"https:\/\/420now.co\/fr-ca\/product\/drizzle-factory-moon-rocket-orange-og-12-gr\/","title":{"rendered":"Drizzle Factory Moon Rocket Orange OG 1,2 gr."},"content":{"rendered":"<p>Amateurs d\u2019agrumes, rencontrez votre partenaire avec le pr\u00e9-roll Orange OG Rocket de Drizzle Factory. <\/p>\n<p>Ce pr\u00e9-roul\u00e9 de 1,2g est fabriqu\u00e9 avec une fleur premium et infus\u00e9 avec un distillat puissant de D9 pour offrir une couche suppl\u00e9mentaire d\u2019intensit\u00e9. Enrob\u00e9 d\u2019un pur THCA Diamonds HTCE, il offre un high doux et puissant, parfaitement compl\u00e9t\u00e9 par une saveur acidul\u00e9e et sucr\u00e9e d\u2019orange.  Termin\u00e9 par une couche de kief haut de gamme, chaque bouff\u00e9e d\u00e9borde de notes d\u2019agrumes piquantes, offrant une exp\u00e9rience rafra\u00eechissante et inspirante.  <\/p>\n<p>Que vous cherchiez \u00e0 vous d\u00e9tendre ou \u00e0 \u00e9gayer votre humeur, Orange OG Rocket offre une foul\u00e9e vibrante et savoureuse avec un effet fort et euphorique.  <\/p>\n<p>Go\u00fbtez au soleil avec les fus\u00e9es Orange OG de Drizzle Factory.<\/p>\n<h2>Livraison de fus\u00e9es lunaires Drizzle Factory dans la r\u00e9gion de Toronto<\/h2>\n<p>Si vous \u00eates dans la r\u00e9gion du Grand Toronto (RGT), vous pouvez vous procurer des fus\u00e9es lunaires Drizzle Factory en 2 heures* \u00e0 votre porte! Commandez avant 20 h et l\u2019un de nos chauffeurs vous livrera le jour m\u00eame, 2 heures gratuitement, lorsque vous commandez un minimum de 100,00 $ de l\u2019un des produits sur notre site Web. <\/p>\n<p>*Livraison en deux heures \u00e0 Toronto (Scarborough, North York, Etobicoke, DownTown, York \u2013 toutes les r\u00e9gions \u00e0 l\u2019int\u00e9rieur des fronti\u00e8res de la ville de Toronto), Richmond Hill, King, Aurora, Newmarket, Woodbridge, Vaughan et Markham.<\/p>\n<p>Nous exp\u00e9dions \u00e9galement partout au Canada et dans des r\u00e9gions \u00e9loign\u00e9es en dehors de notre zone de livraison gratuite habituelle.<\/p>\n","protected":false},"excerpt":{"rendered":"<p>Amateurs d\u2019agrumes, rencontrez votre partenaire avec le pr\u00e9-roll Orange OG Rocket de Drizzle Factory. <\/p>\n<p>Ce pr\u00e9-rouleau de 1,2 g est fabriqu\u00e9 avec des fleurs de qualit\u00e9 sup\u00e9rieure et infus\u00e9 de puissant distillat D9 pour offrir une couche suppl\u00e9mentaire d\u2019intensit\u00e9. Enrob\u00e9 de THCA Diamonds HTCE pur, il offre un high doux et puissant, parfaitement compl\u00e9t\u00e9 par la saveur acidul\u00e9e et douce d\u2019orange. Fini avec une couche de kief haut de gamme, chaque choux \u00e9clate de notes d\u2019agrumes piquantes, offrant une exp\u00e9rience rafra\u00eechissante et \u00e9difiante.    <\/p>\n<p>Que vous cherchiez \u00e0 vous d\u00e9tendre ou \u00e0 \u00e9gayer votre humeur, Orange OG Rocket offre une foul\u00e9e vibrante et savoureuse avec un effet fort et euphorique.  <\/p>\n<p>Go\u00fbtez au soleil avec les fus\u00e9es Orange OG de Drizzle Factory.<\/p>\n","protected":false},"featured_media":17774,"comment_status":"open","ping_status":"closed","template":"","meta":{"_acf_changed":false},"product_brand":[180],"product_cat":[254],"product_tag":[205,286],"class_list":{"0":"post-17881","1":"product","2":"type-product","3":"status-publish","4":"has-post-thumbnail","6":"product_brand-drizzle-factory","7":"product_cat-moon-rockets-fr-ca","8":"product_tag-drizzle-factory-fr-ca","9":"product_tag-drizzle-factory-rockets-fr-ca","11":"first","12":"instock","13":"shipping-taxable","14":"purchasable","15":"product-type-simple"},"acf":[],"_links":{"self":[{"href":"https:\/\/420now.co\/fr-ca\/wp-json\/wp\/v2\/product\/17881","targetHints":{"allow":["GET"]}}],"collection":[{"href":"https:\/\/420now.co\/fr-ca\/wp-json\/wp\/v2\/product"}],"about":[{"href":"https:\/\/420now.co\/fr-ca\/wp-json\/wp\/v2\/types\/product"}],"replies":[{"embeddable":true,"href":"https:\/\/420now.co\/fr-ca\/wp-json\/wp\/v2\/comments?post=17881"}],"wp:featuredmedia":[{"embeddable":true,"href":"https:\/\/420now.co\/fr-ca\/wp-json\/wp\/v2\/media\/17774"}],"wp:attachment":[{"href":"https:\/\/420now.co\/fr-ca\/wp-json\/wp\/v2\/media?parent=17881"}],"wp:term":[{"taxonomy":"product_brand","embeddable":true,"href":"https:\/\/420now.co\/fr-ca\/wp-json\/wp\/v2\/product_brand?post=17881"},{"taxonomy":"product_cat","embeddable":true,"href":"https:\/\/420now.co\/fr-ca\/wp-json\/wp\/v2\/product_cat?post=17881"},{"taxonomy":"product_tag","embeddable":true,"href":"https:\/\/420now.co\/fr-ca\/wp-json\/wp\/v2\/product_tag?post=17881"}],"curies":[{"name":"wp","href":"https:\/\/api.w.org\/{rel}","templated":true}]}}