{"id":17882,"date":"2024-09-11T16:49:04","date_gmt":"2024-09-11T20:49:04","guid":{"rendered":"https:\/\/420now.co\/product\/drizzle-factory-moon-rocket-peche-12-gr\/"},"modified":"2026-03-11T19:42:22","modified_gmt":"2026-03-11T23:42:22","slug":"drizzle-factory-moon-rocket-peche-12-gr","status":"publish","type":"product","link":"https:\/\/420now.co\/fr-ca\/product\/drizzle-factory-moon-rocket-peche-12-gr\/","title":{"rendered":"Drizzle Factory Moon Rocket Peach 1,2 gr."},"content":{"rendered":"<p>Juteux, sucr\u00e9 et si onctueux, le pr\u00e9-rouleau \u00e0 la roquette \u00e0 la p\u00eache de Drizzle Factory offre une \u00e9vasion d\u00e9licieusement fruit\u00e9e.  <\/p>\n<p>Rempli de 1,2 g de fleur premium et infus\u00e9 avec un puissant distillat D9, ce pr\u00e9-roul\u00e9 est con\u00e7u pour offrir \u00e0 la fois saveur et puissance dans chaque bouff\u00e9e. Enrob\u00e9 de THCA pur Diamonds HTCE, il offre une fum\u00e9e soyeuse et douce avec un high puissant qui s\u2019accorde.  Termin\u00e9 par une couche de kief haut de gamme, la saveur all\u00e9chante de p\u00eache transpara\u00eet, offrant une douceur fra\u00eeche et estivale qui persiste en bouche.  <\/p>\n<p>Que vous vous d\u00e9tendiez ou que vous vous lanciez dans un flux cr\u00e9atif, le Peach Rocket apporte l\u2019\u00e9quilibre parfait entre saveur et effets.  <\/p>\n<p>Savourez la douceur et la douceur de la balade avec les Peach Rockets de Drizzle Factory .<\/p>\n<h2>Livraison de fus\u00e9es lunaires Drizzle Factory dans la r\u00e9gion de Toronto<\/h2>\n<p>Si vous \u00eates dans la r\u00e9gion du Grand Toronto (RGT), vous pouvez vous procurer des fus\u00e9es lunaires Drizzle Factory en 2 heures* \u00e0 votre porte! Commandez avant 20 h et l\u2019un de nos chauffeurs vous livrera le jour m\u00eame, 2 heures gratuitement, lorsque vous commandez un minimum de 100,00 $ de l\u2019un des produits sur notre site Web. <\/p>\n<p>*Livraison en deux heures \u00e0 Toronto (Scarborough, North York, Etobicoke, DownTown, York \u2013 toutes les r\u00e9gions \u00e0 l\u2019int\u00e9rieur des fronti\u00e8res de la ville de Toronto), Richmond Hill, King, Aurora, Newmarket, Woodbridge, Vaughan et Markham.<\/p>\n<p>Nous exp\u00e9dions \u00e9galement partout au Canada et dans des r\u00e9gions \u00e9loign\u00e9es en dehors de notre zone de livraison gratuite habituelle.<\/p>\n","protected":false},"excerpt":{"rendered":"<p>Juteux, sucr\u00e9 et si onctueux, le pr\u00e9-rouleau \u00e0 la roquette \u00e0 la p\u00eache de Drizzle Factory offre une \u00e9vasion d\u00e9licieusement fruit\u00e9e.  <\/p>\n<p>Emball\u00e9 avec 1,2 g de fleur de qualit\u00e9 sup\u00e9rieure et infus\u00e9 de puissant distillat D9, ce pr\u00e9-rouleau est con\u00e7u pour offrir \u00e0 la fois de la saveur et de la puissance \u00e0 chaque bouff\u00e9e. Enduit de diamants THCA purs HTCE, il procure une fum\u00e9e douce et soyeuse avec un effet puissant assorti. Fini avec une couche de kief haut de gamme, la d\u00e9licieuse saveur de p\u00eache brille, offrant une douceur fra\u00eeche et estivale qui persiste en bouche.    <\/p>\n<p>Que vous vous d\u00e9tendiez ou que vous vous lanciez dans un flux cr\u00e9atif, le Peach Rocket apporte l\u2019\u00e9quilibre parfait entre saveur et effets.  <\/p>\n<p>Savourez la douceur et la douceur de la balade avec les Peach Rockets de Drizzle Factory .<\/p>\n","protected":false},"featured_media":17775,"comment_status":"open","ping_status":"closed","template":"","meta":{"_acf_changed":false},"product_brand":[180],"product_cat":[254],"product_tag":[205,286],"class_list":{"0":"post-17882","1":"product","2":"type-product","3":"status-publish","4":"has-post-thumbnail","6":"product_brand-drizzle-factory","7":"product_cat-moon-rockets-fr-ca","8":"product_tag-drizzle-factory-fr-ca","9":"product_tag-drizzle-factory-rockets-fr-ca","11":"first","12":"instock","13":"shipping-taxable","14":"purchasable","15":"product-type-simple"},"acf":[],"_links":{"self":[{"href":"https:\/\/420now.co\/fr-ca\/wp-json\/wp\/v2\/product\/17882","targetHints":{"allow":["GET"]}}],"collection":[{"href":"https:\/\/420now.co\/fr-ca\/wp-json\/wp\/v2\/product"}],"about":[{"href":"https:\/\/420now.co\/fr-ca\/wp-json\/wp\/v2\/types\/product"}],"replies":[{"embeddable":true,"href":"https:\/\/420now.co\/fr-ca\/wp-json\/wp\/v2\/comments?post=17882"}],"wp:featuredmedia":[{"embeddable":true,"href":"https:\/\/420now.co\/fr-ca\/wp-json\/wp\/v2\/media\/17775"}],"wp:attachment":[{"href":"https:\/\/420now.co\/fr-ca\/wp-json\/wp\/v2\/media?parent=17882"}],"wp:term":[{"taxonomy":"product_brand","embeddable":true,"href":"https:\/\/420now.co\/fr-ca\/wp-json\/wp\/v2\/product_brand?post=17882"},{"taxonomy":"product_cat","embeddable":true,"href":"https:\/\/420now.co\/fr-ca\/wp-json\/wp\/v2\/product_cat?post=17882"},{"taxonomy":"product_tag","embeddable":true,"href":"https:\/\/420now.co\/fr-ca\/wp-json\/wp\/v2\/product_tag?post=17882"}],"curies":[{"name":"wp","href":"https:\/\/api.w.org\/{rel}","templated":true}]}}