{"id":17883,"date":"2024-09-08T17:14:44","date_gmt":"2024-09-08T21:14:44","guid":{"rendered":"https:\/\/420now.co\/product\/drizzle-factory-moon-rocket-icey-blue-raspberry-12-gr\/"},"modified":"2026-03-11T19:44:32","modified_gmt":"2026-03-11T23:44:32","slug":"drizzle-factory-moon-rocket-icey-blue-raspberry-12-gr","status":"publish","type":"product","link":"https:\/\/420now.co\/fr-ca\/product\/drizzle-factory-moon-rocket-icey-blue-raspberry-12-gr\/","title":{"rendered":"Drizzle Factory Moon Rocket ICEY Blue Raspberry 1,2 gr."},"content":{"rendered":"<p>Pr\u00e9parez-vous \u00e0 une explosion givr\u00e9e et acidul\u00e9e avec le pr\u00e9-rouleau de fus\u00e9e ICEY Blue Raspberry de Drizzle Factory. <\/p>\n<p>Ce pr\u00e9-roul\u00e9 de 1,2 g est rempli de fleurs premium et tremp\u00e9 dans un puissant distillat D9 pour rehausser \u00e0 la fois la saveur et la puissance. Enrob\u00e9 de THCA pur THCA Diamonds HTCE, il d\u00e9livre une fum\u00e9e douce et puissante, aussi fra\u00eeche qu\u2019intense.  Avec une derni\u00e8re poussi\u00e8re de kief haut de gamme, la saveur vibrante et acidul\u00e9e de framboise bleue ressort \u00e0 chaque bouff\u00e9e, offrant une touche glaciale et rafra\u00eechissante.  <\/p>\n<p>Que vous vous d\u00e9tendiez ou que vous recherchiez une explosion d\u2019\u00e9nergie cr\u00e9ative, la fus\u00e9e \u00e0 ICEY Blue Raspberry offre un effet audacieux et savoureux avec un coup de fouet rafra\u00eechissant.  <\/p>\n<p>Adoptez la saveur de fruits givr\u00e9s et les effets puissants des fus\u00e9es \u00e0 ICEY Blue Raspberry de Drizzle Factory.<\/p>\n<h2>Livraison de fus\u00e9es lunaires Drizzle Factory dans la r\u00e9gion de Toronto<\/h2>\n<p>Si vous \u00eates dans la r\u00e9gion du Grand Toronto (RGT), vous pouvez vous procurer des fus\u00e9es lunaires Drizzle Factory en 2 heures* \u00e0 votre porte! Commandez avant 20 h et l\u2019un de nos chauffeurs vous livrera le jour m\u00eame, 2 heures gratuitement, lorsque vous commandez un minimum de 100,00 $ de l\u2019un des produits sur notre site Web. <\/p>\n<p>*Livraison en deux heures \u00e0 Toronto (Scarborough, North York, Etobicoke, DownTown, York \u2013 toutes les r\u00e9gions \u00e0 l\u2019int\u00e9rieur des fronti\u00e8res de la ville de Toronto), Richmond Hill, King, Aurora, Newmarket, Woodbridge, Vaughan et Markham.<\/p>\n<p>Nous exp\u00e9dions \u00e9galement partout au Canada et dans des r\u00e9gions \u00e9loign\u00e9es en dehors de notre zone de livraison gratuite habituelle.<\/p>\n","protected":false},"excerpt":{"rendered":"<p>Pr\u00e9parez-vous \u00e0 une explosion givr\u00e9e et acidul\u00e9e avec le pr\u00e9-rouleau de fus\u00e9e ICEY Blue Raspberry de Drizzle Factory. <\/p>\n<p>Ce pr\u00e9-roll de 1,2 g est rempli de fleurs de qualit\u00e9 sup\u00e9rieure et tremp\u00e9 dans un puissant distillat de D9 pour rehausser \u00e0 la fois la saveur et la puissance. Enduit de THCA Diamonds HTCE pur, il offre une fum\u00e9e douce et puissante, aussi fra\u00eeche qu\u2019intense. Avec un dernier saupoudrage de kief haut de gamme, la saveur vibrante et acidul\u00e9e de framboise bleue ressort dans chaque bouff\u00e9e, offrant une touche glac\u00e9e et rafra\u00eechissante.    <\/p>\n<p>Que vous vous d\u00e9tendiez ou que vous recherchiez une explosion d\u2019\u00e9nergie cr\u00e9ative, la fus\u00e9e \u00e0 ICEY Blue Raspberry offre un effet audacieux et savoureux avec un coup de fouet rafra\u00eechissant.  <\/p>\n<p>Adoptez la saveur de fruits givr\u00e9s et les effets puissants des fus\u00e9es \u00e0 ICEY Blue Raspberry de Drizzle Factory.<\/p>\n","protected":false},"featured_media":17772,"comment_status":"open","ping_status":"closed","template":"","meta":{"_acf_changed":false},"product_brand":[180],"product_cat":[254],"product_tag":[205,286],"class_list":{"0":"post-17883","1":"product","2":"type-product","3":"status-publish","4":"has-post-thumbnail","6":"product_brand-drizzle-factory","7":"product_cat-moon-rockets-fr-ca","8":"product_tag-drizzle-factory-fr-ca","9":"product_tag-drizzle-factory-rockets-fr-ca","11":"first","12":"instock","13":"shipping-taxable","14":"purchasable","15":"product-type-simple"},"acf":[],"_links":{"self":[{"href":"https:\/\/420now.co\/fr-ca\/wp-json\/wp\/v2\/product\/17883","targetHints":{"allow":["GET"]}}],"collection":[{"href":"https:\/\/420now.co\/fr-ca\/wp-json\/wp\/v2\/product"}],"about":[{"href":"https:\/\/420now.co\/fr-ca\/wp-json\/wp\/v2\/types\/product"}],"replies":[{"embeddable":true,"href":"https:\/\/420now.co\/fr-ca\/wp-json\/wp\/v2\/comments?post=17883"}],"wp:featuredmedia":[{"embeddable":true,"href":"https:\/\/420now.co\/fr-ca\/wp-json\/wp\/v2\/media\/17772"}],"wp:attachment":[{"href":"https:\/\/420now.co\/fr-ca\/wp-json\/wp\/v2\/media?parent=17883"}],"wp:term":[{"taxonomy":"product_brand","embeddable":true,"href":"https:\/\/420now.co\/fr-ca\/wp-json\/wp\/v2\/product_brand?post=17883"},{"taxonomy":"product_cat","embeddable":true,"href":"https:\/\/420now.co\/fr-ca\/wp-json\/wp\/v2\/product_cat?post=17883"},{"taxonomy":"product_tag","embeddable":true,"href":"https:\/\/420now.co\/fr-ca\/wp-json\/wp\/v2\/product_tag?post=17883"}],"curies":[{"name":"wp","href":"https:\/\/api.w.org\/{rel}","templated":true}]}}