{"id":17884,"date":"2024-09-08T17:10:03","date_gmt":"2024-09-08T21:10:03","guid":{"rendered":"https:\/\/420now.co\/product\/drizzle-factory-moon-rocket-grusher-12-gr\/"},"modified":"2026-03-11T19:45:32","modified_gmt":"2026-03-11T23:45:32","slug":"drizzle-factory-moon-rocket-grusher-12-gr","status":"publish","type":"product","link":"https:\/\/420now.co\/fr-ca\/product\/drizzle-factory-moon-rocket-grusher-12-gr\/","title":{"rendered":"Drizzle Factory Moon Rocket Grusher 1,2 gr."},"content":{"rendered":"<p>Pr\u00e9parez-vous \u00e0 vivre une exp\u00e9rience juteuse inspir\u00e9e des bonbons avec le pr\u00e9-rouleau de fus\u00e9e Grusher de Drizzle Factory. <\/p>\n<p>Rempli de 1,2 g de fleur premium et tremp\u00e9 dans un distillat puissant de D9, ce pr\u00e9-roul\u00e9 offre une explosion sucr\u00e9e et fruit\u00e9e rappelant vos friandises pr\u00e9f\u00e9r\u00e9es d\u2019enfance. Enrob\u00e9 de THCA pur Diamonds HTCE, il procure un high doux et puissant \u00e0 chaque bouff\u00e9e.  Termin\u00e9 d\u2019une pinc\u00e9e de kief haut de gamme, la saveur riche et fruit\u00e9e \u00e9clate \u00e0 chaque bouff\u00e9e, offrant un \u00e9quilibre entre puissance et douceur gourmande.  <\/p>\n<p>Que vous cherchiez \u00e0 vous d\u00e9tendre ou \u00e0 faire preuve de cr\u00e9ativit\u00e9, le Grusher Rocket offre une exp\u00e9rience all\u00e9chante qui a du punch.  <\/p>\n<p>Savourez la balade d\u00e9licieusement sucr\u00e9e avec les fus\u00e9es Grusher de Drizzle Factory.<\/p>\n<h2>Livraison de fus\u00e9es lunaires Drizzle Factory dans la r\u00e9gion de Toronto<\/h2>\n<p>Si vous \u00eates dans la r\u00e9gion du Grand Toronto (RGT), vous pouvez vous procurer des fus\u00e9es lunaires Drizzle Factory en 2 heures* \u00e0 votre porte! Commandez avant 20 h et l\u2019un de nos chauffeurs vous livrera le jour m\u00eame, 2 heures gratuitement, lorsque vous commandez un minimum de 100,00 $ de l\u2019un des produits sur notre site Web. <\/p>\n<p>*Livraison en deux heures \u00e0 Toronto (Scarborough, North York, Etobicoke, DownTown, York \u2013 toutes les r\u00e9gions \u00e0 l\u2019int\u00e9rieur des fronti\u00e8res de la ville de Toronto), Richmond Hill, King, Aurora, Newmarket, Woodbridge, Vaughan et Markham.<\/p>\n<p>Nous exp\u00e9dions \u00e9galement partout au Canada et dans des r\u00e9gions \u00e9loign\u00e9es en dehors de notre zone de livraison gratuite habituelle.<\/p>\n","protected":false},"excerpt":{"rendered":"<p>Pr\u00e9parez-vous \u00e0 vivre une exp\u00e9rience juteuse inspir\u00e9e des bonbons avec le pr\u00e9-rouleau de fus\u00e9e Grusher de Drizzle Factory. <\/p>\n<p>Emball\u00e9 avec 1,2 g de fleurs de qualit\u00e9 sup\u00e9rieure et tremp\u00e9 dans un puissant distillat D9, ce pr\u00e9-rouleau offre une explosion sucr\u00e9e et fruit\u00e9e qui rappelle vos friandises pr\u00e9f\u00e9r\u00e9es de l\u2019enfance. Recouvert de diamants THCA purs HTCE, il procure un high doux et puissant \u00e0 chaque bouff\u00e9e. Fini avec un saupoudrage de kief haut de gamme, la saveur riche et fruit\u00e9e \u00e9clate dans chaque bouff\u00e9e, offrant une combinaison \u00e9quilibr\u00e9e de puissance et de douceur indulgente.    <\/p>\n<p>Que vous cherchiez \u00e0 vous d\u00e9tendre ou \u00e0 faire preuve de cr\u00e9ativit\u00e9, le Grusher Rocket offre une exp\u00e9rience all\u00e9chante qui a du punch.  <\/p>\n<p>Savourez la balade d\u00e9licieusement sucr\u00e9e avec les fus\u00e9es Grusher de Drizzle Factory.<\/p>\n","protected":false},"featured_media":17771,"comment_status":"open","ping_status":"closed","template":"","meta":{"_acf_changed":false},"product_brand":[180],"product_cat":[254],"product_tag":[205,286],"class_list":{"0":"post-17884","1":"product","2":"type-product","3":"status-publish","4":"has-post-thumbnail","6":"product_brand-drizzle-factory","7":"product_cat-moon-rockets-fr-ca","8":"product_tag-drizzle-factory-fr-ca","9":"product_tag-drizzle-factory-rockets-fr-ca","11":"first","12":"instock","13":"shipping-taxable","14":"purchasable","15":"product-type-simple"},"acf":[],"_links":{"self":[{"href":"https:\/\/420now.co\/fr-ca\/wp-json\/wp\/v2\/product\/17884","targetHints":{"allow":["GET"]}}],"collection":[{"href":"https:\/\/420now.co\/fr-ca\/wp-json\/wp\/v2\/product"}],"about":[{"href":"https:\/\/420now.co\/fr-ca\/wp-json\/wp\/v2\/types\/product"}],"replies":[{"embeddable":true,"href":"https:\/\/420now.co\/fr-ca\/wp-json\/wp\/v2\/comments?post=17884"}],"wp:featuredmedia":[{"embeddable":true,"href":"https:\/\/420now.co\/fr-ca\/wp-json\/wp\/v2\/media\/17771"}],"wp:attachment":[{"href":"https:\/\/420now.co\/fr-ca\/wp-json\/wp\/v2\/media?parent=17884"}],"wp:term":[{"taxonomy":"product_brand","embeddable":true,"href":"https:\/\/420now.co\/fr-ca\/wp-json\/wp\/v2\/product_brand?post=17884"},{"taxonomy":"product_cat","embeddable":true,"href":"https:\/\/420now.co\/fr-ca\/wp-json\/wp\/v2\/product_cat?post=17884"},{"taxonomy":"product_tag","embeddable":true,"href":"https:\/\/420now.co\/fr-ca\/wp-json\/wp\/v2\/product_tag?post=17884"}],"curies":[{"name":"wp","href":"https:\/\/api.w.org\/{rel}","templated":true}]}}