{"id":17885,"date":"2024-09-08T16:31:36","date_gmt":"2024-09-08T20:31:36","guid":{"rendered":"https:\/\/420now.co\/product\/cotton-candy-moon-rocket-de-drizzle-factory-12-gr\/"},"modified":"2026-03-11T19:49:38","modified_gmt":"2026-03-11T23:49:38","slug":"cotton-candy-moon-rocket-de-drizzle-factory-12-gr","status":"publish","type":"product","link":"https:\/\/420now.co\/fr-ca\/product\/cotton-candy-moon-rocket-de-drizzle-factory-12-gr\/","title":{"rendered":"Cotton Candy Moon Rocket de Drizzle Factory 1,2 gr."},"content":{"rendered":"<p>Pr\u00e9parez-vous \u00e0 une g\u00e2terie fantaisiste avec le pr\u00e9-rouleau de fus\u00e9e \u00e0 Cotton Candy de Drizzle Factory.<\/p>\n<p>Ce pr\u00e9-rouleau de 1,2 g est rempli de fleurs de qualit\u00e9 sup\u00e9rieure et tremp\u00e9 dans un puissant distillat D9, offrant un effet doux et r\u00eaveur. Enduit de purs diamants THCA HTCE, il procure une fum\u00e9e douce et savoureuse avec une touche de nostalgie. La finition kief haut de gamme rehausse la saveur l\u00e9g\u00e8re et sucr\u00e9e de barbe \u00e0 papa, faisant de chaque bouff\u00e9e une exp\u00e9rience d\u00e9licieusement sucr\u00e9e.  <\/p>\n<p>Parfaite pour ceux qui veulent se d\u00e9tendre tout en se livrant \u00e0 un high ludique et \u00e9difiant, la Cotton Candy est aussi amusante que puissante.<\/p>\n<p>Flottez sur des nuages de douceur avec les fus\u00e9es de Cotton Candy de Drizzle Factory.<\/p>\n<h2>Livraison de fus\u00e9es lunaires Drizzle Factory dans la r\u00e9gion de Toronto<\/h2>\n<p>Si vous \u00eates dans la r\u00e9gion du Grand Toronto (RGT), vous pouvez vous procurer des fus\u00e9es lunaires Drizzle Factory en 2 heures* \u00e0 votre porte! Commandez avant 20 h et l\u2019un de nos chauffeurs vous livrera le jour m\u00eame, 2 heures gratuitement, lorsque vous commandez un minimum de 100,00 $ de l\u2019un des produits sur notre site Web. <\/p>\n<p>*Livraison en deux heures \u00e0 Toronto (Scarborough, North York, Etobicoke, DownTown, York \u2013 toutes les r\u00e9gions \u00e0 l\u2019int\u00e9rieur des fronti\u00e8res de la ville de Toronto), Richmond Hill, King, Aurora, Newmarket, Woodbridge, Vaughan et Markham.<\/p>\n<p>Nous exp\u00e9dions \u00e9galement partout au Canada et dans des r\u00e9gions \u00e9loign\u00e9es en dehors de notre zone de livraison gratuite habituelle.<\/p>\n","protected":false},"excerpt":{"rendered":"<p>Pr\u00e9parez-vous \u00e0 une g\u00e2terie fantaisiste avec le pr\u00e9-rouleau de fus\u00e9e \u00e0 Cotton Candy de Drizzle Factory.<\/p>\n<p>Ce pr\u00e9-rouleau de 1,2 g est rempli de fleurs de qualit\u00e9 sup\u00e9rieure et tremp\u00e9 dans un puissant distillat D9, offrant un effet doux et r\u00eaveur. Enduit de purs diamants THCA HTCE, il procure une fum\u00e9e douce et savoureuse avec une touche de nostalgie. La finition kief haut de gamme rehausse la saveur l\u00e9g\u00e8re et sucr\u00e9e de barbe \u00e0 papa, faisant de chaque bouff\u00e9e une exp\u00e9rience d\u00e9licieusement sucr\u00e9e.  <\/p>\n<p>Parfaite pour ceux qui veulent se d\u00e9tendre tout en se livrant \u00e0 un high ludique et \u00e9difiant, la Cotton Candy est aussi amusante que puissante.<\/p>\n<p>Flottez sur des nuages de douceur avec les fus\u00e9es de Cotton Candy de Drizzle Factory.<\/p>\n","protected":false},"featured_media":17768,"comment_status":"open","ping_status":"closed","template":"","meta":{"_acf_changed":false},"product_brand":[180],"product_cat":[254],"product_tag":[205,286],"class_list":{"0":"post-17885","1":"product","2":"type-product","3":"status-publish","4":"has-post-thumbnail","6":"product_brand-drizzle-factory","7":"product_cat-moon-rockets-fr-ca","8":"product_tag-drizzle-factory-fr-ca","9":"product_tag-drizzle-factory-rockets-fr-ca","11":"first","12":"instock","13":"shipping-taxable","14":"purchasable","15":"product-type-simple"},"acf":[],"_links":{"self":[{"href":"https:\/\/420now.co\/fr-ca\/wp-json\/wp\/v2\/product\/17885","targetHints":{"allow":["GET"]}}],"collection":[{"href":"https:\/\/420now.co\/fr-ca\/wp-json\/wp\/v2\/product"}],"about":[{"href":"https:\/\/420now.co\/fr-ca\/wp-json\/wp\/v2\/types\/product"}],"replies":[{"embeddable":true,"href":"https:\/\/420now.co\/fr-ca\/wp-json\/wp\/v2\/comments?post=17885"}],"wp:featuredmedia":[{"embeddable":true,"href":"https:\/\/420now.co\/fr-ca\/wp-json\/wp\/v2\/media\/17768"}],"wp:attachment":[{"href":"https:\/\/420now.co\/fr-ca\/wp-json\/wp\/v2\/media?parent=17885"}],"wp:term":[{"taxonomy":"product_brand","embeddable":true,"href":"https:\/\/420now.co\/fr-ca\/wp-json\/wp\/v2\/product_brand?post=17885"},{"taxonomy":"product_cat","embeddable":true,"href":"https:\/\/420now.co\/fr-ca\/wp-json\/wp\/v2\/product_cat?post=17885"},{"taxonomy":"product_tag","embeddable":true,"href":"https:\/\/420now.co\/fr-ca\/wp-json\/wp\/v2\/product_tag?post=17885"}],"curies":[{"name":"wp","href":"https:\/\/api.w.org\/{rel}","templated":true}]}}