{"id":17888,"date":"2024-09-08T17:01:40","date_gmt":"2024-09-08T21:01:40","guid":{"rendered":"https:\/\/420now.co\/product\/grape-drink-moon-rocket-de-drizzle-factory-12-gr\/"},"modified":"2026-03-11T19:46:42","modified_gmt":"2026-03-11T23:46:42","slug":"grape-drink-moon-rocket-de-drizzle-factory-12-gr","status":"publish","type":"product","link":"https:\/\/420now.co\/fr-ca\/product\/grape-drink-moon-rocket-de-drizzle-factory-12-gr\/","title":{"rendered":"Grape Drink Moon Rocket de Drizzle Factory 1,2 gr."},"content":{"rendered":"<p>\u00c9tanchez votre soif de saveur avec le pr\u00e9-rouleau de Grape Drink Rocket de Drizzle Factory. Ou peut-\u00eatre voudrez-vous avoir une boisson \u00e0 port\u00e9e de main lorsque vous les allumerez. <\/p>\n<p>Chaque pr\u00e9-roul\u00e9 de 1,2 g est fabriqu\u00e9 \u00e0 partir de fleurs premium et tremp\u00e9 dans un puissant distillat D9, offrant une explosion audacieuse et juteuse de douceur de raisin. Enrob\u00e9 de THCA pur Diamonds HTCE, il offre une fum\u00e9e douce et puissante avec une touche fruit\u00e9e irr\u00e9sistible.  Surmont\u00e9 d\u2019une g\u00e9n\u00e9reuse couche de kief haut de gamme, chaque bouff\u00e9e sublime la richesse du raisin qui persiste bien apr\u00e8s l\u2019expiration.  <\/p>\n<p>Que vous cherchiez \u00e0 vous d\u00e9tendre ou \u00e0 vous d\u00e9tendre avec une touche nostalgique, la Grape Drink Rocket offre un effet doux et puissant envelopp\u00e9 d\u2019une saveur douce et classique.  <\/p>\n<p>Sirotez l\u2019exp\u00e9rience riche que seules les fus\u00e9es \u00e0 Grape Drink de Drizzle Factory peuvent offrir.<\/p>\n<h2>Livraison de fus\u00e9es lunaires Drizzle Factory dans la r\u00e9gion de Toronto<\/h2>\n<p>Si vous \u00eates dans la r\u00e9gion du Grand Toronto (RGT), vous pouvez vous procurer des fus\u00e9es lunaires Drizzle Factory en 2 heures* \u00e0 votre porte! Commandez avant 20 h et l\u2019un de nos chauffeurs vous livrera le jour m\u00eame, 2 heures gratuitement, lorsque vous commandez un minimum de 100,00 $ de l\u2019un des produits sur notre site Web. <\/p>\n<p>*Livraison en deux heures \u00e0 Toronto (Scarborough, North York, Etobicoke, DownTown, York \u2013 toutes les r\u00e9gions \u00e0 l\u2019int\u00e9rieur des fronti\u00e8res de la ville de Toronto), Richmond Hill, King, Aurora, Newmarket, Woodbridge, Vaughan et Markham.<\/p>\n<p>Nous exp\u00e9dions \u00e9galement partout au Canada et dans des r\u00e9gions \u00e9loign\u00e9es en dehors de notre zone de livraison gratuite habituelle.<\/p>\n","protected":false},"excerpt":{"rendered":"<p>\u00c9tanchez votre soif de saveur avec le pr\u00e9-rouleau de Grape Drink Rocket de Drizzle Factory. Ou peut-\u00eatre voudrez-vous avoir une boisson \u00e0 port\u00e9e de main lorsque vous les allumerez. <\/p>\n<p>Chaque pr\u00e9-rouleau de 1,2 g est fabriqu\u00e9 \u00e0 partir de fleurs de qualit\u00e9 sup\u00e9rieure et tremp\u00e9 dans un puissant distillat de D9, offrant une explosion audacieuse et juteuse de bienfaits de raisin sucr\u00e9. Enduit de diamants THCA HTCE purs, il procure une fum\u00e9e douce et puissante avec une touche fruit\u00e9e irr\u00e9sistible. Surmont\u00e9e d\u2019une g\u00e9n\u00e9reuse couche de kief haut de gamme, chaque bouff\u00e9e rehausse la riche saveur de raisin qui persiste longtemps apr\u00e8s l\u2019expiration.    <\/p>\n<p>Que vous cherchiez \u00e0 vous d\u00e9tendre ou \u00e0 vous d\u00e9tendre avec une touche nostalgique, la Grape Drink Rocket offre un effet doux et puissant envelopp\u00e9 d\u2019une saveur douce et classique.  <\/p>\n<p>Sirotez l\u2019exp\u00e9rience riche que seules les fus\u00e9es \u00e0 Grape Drink de Drizzle Factory peuvent offrir.<\/p>\n","protected":false},"featured_media":17770,"comment_status":"open","ping_status":"closed","template":"","meta":{"_acf_changed":false},"product_brand":[180],"product_cat":[254],"product_tag":[205,286],"class_list":{"0":"post-17888","1":"product","2":"type-product","3":"status-publish","4":"has-post-thumbnail","6":"product_brand-drizzle-factory","7":"product_cat-moon-rockets-fr-ca","8":"product_tag-drizzle-factory-fr-ca","9":"product_tag-drizzle-factory-rockets-fr-ca","11":"first","12":"instock","13":"shipping-taxable","14":"purchasable","15":"product-type-simple"},"acf":[],"_links":{"self":[{"href":"https:\/\/420now.co\/fr-ca\/wp-json\/wp\/v2\/product\/17888","targetHints":{"allow":["GET"]}}],"collection":[{"href":"https:\/\/420now.co\/fr-ca\/wp-json\/wp\/v2\/product"}],"about":[{"href":"https:\/\/420now.co\/fr-ca\/wp-json\/wp\/v2\/types\/product"}],"replies":[{"embeddable":true,"href":"https:\/\/420now.co\/fr-ca\/wp-json\/wp\/v2\/comments?post=17888"}],"wp:featuredmedia":[{"embeddable":true,"href":"https:\/\/420now.co\/fr-ca\/wp-json\/wp\/v2\/media\/17770"}],"wp:attachment":[{"href":"https:\/\/420now.co\/fr-ca\/wp-json\/wp\/v2\/media?parent=17888"}],"wp:term":[{"taxonomy":"product_brand","embeddable":true,"href":"https:\/\/420now.co\/fr-ca\/wp-json\/wp\/v2\/product_brand?post=17888"},{"taxonomy":"product_cat","embeddable":true,"href":"https:\/\/420now.co\/fr-ca\/wp-json\/wp\/v2\/product_cat?post=17888"},{"taxonomy":"product_tag","embeddable":true,"href":"https:\/\/420now.co\/fr-ca\/wp-json\/wp\/v2\/product_tag?post=17888"}],"curies":[{"name":"wp","href":"https:\/\/api.w.org\/{rel}","templated":true}]}}