{"id":17889,"date":"2024-09-08T15:55:44","date_gmt":"2024-09-08T19:55:44","guid":{"rendered":"https:\/\/420now.co\/product\/drizzle-factory-moon-rocket-candy-apple-12-gr\/"},"modified":"2026-03-11T19:51:20","modified_gmt":"2026-03-11T23:51:20","slug":"drizzle-factory-moon-rocket-candy-apple-12-gr","status":"publish","type":"product","link":"https:\/\/420now.co\/fr-ca\/product\/drizzle-factory-moon-rocket-candy-apple-12-gr\/","title":{"rendered":"Drizzle Factory Moon Rocket Candy Apple 1,2 gr."},"content":{"rendered":"<p>Offrez-vous une g\u00e2terie sucr\u00e9e et croustillante avec le pr\u00e9-rouleau de fus\u00e9e aux Candy Apple Drizzle Factory. <\/p>\n<p>Chaque pr\u00e9-roul\u00e9 de 1,2 g est rempli de fleur premium, puis tremp\u00e9 dans un puissant distillat de D9 pour une pouss\u00e9e suppl\u00e9mentaire de puissance. Enrob\u00e9 de THCA pur THCA Diamonds HTCE, il offre un high doux et puissant qui s\u2019accorde parfaitement avec la douceur riche et caramel\u00e9e de la pomme d\u2019amour.  Termin\u00e9 par une pinc\u00e9e de kief haut de gamme, chaque bouff\u00e9e offre un m\u00e9lange \u00e9quilibr\u00e9 de saveurs sucr\u00e9es et acidul\u00e9es, vraiment all\u00e9chant.  <\/p>\n<p>Que vous cherchiez \u00e0 vous d\u00e9tendre ou \u00e0 vous inspirer, le Candy Apple Rocket offre une exp\u00e9rience ludique mais puissante.  <\/p>\n<p>Offrez-vous ce m\u00e9lange parfait de saveur et de puissance, uniquement avec les fus\u00e9es aux Candy Apple de Drizzle Factory.<\/p>\n<h2>Livraison de fus\u00e9es lunaires Drizzle Factory dans la r\u00e9gion de Toronto<\/h2>\n<p>Si vous \u00eates dans la r\u00e9gion du Grand Toronto (RGT), vous pouvez vous procurer des fus\u00e9es lunaires Drizzle Factory en 2 heures* \u00e0 votre porte! Commandez avant 20 h et l\u2019un de nos chauffeurs vous livrera le jour m\u00eame, 2 heures gratuitement, lorsque vous commandez un minimum de 100,00 $ de l\u2019un des produits sur notre site Web. <\/p>\n<p>*Livraison en deux heures \u00e0 Toronto (Scarborough, North York, Etobicoke, DownTown, York \u2013 toutes les r\u00e9gions \u00e0 l\u2019int\u00e9rieur des fronti\u00e8res de la ville de Toronto), Richmond Hill, King, Aurora, Newmarket, Woodbridge, Vaughan et Markham.<\/p>\n<p>Nous exp\u00e9dions \u00e9galement partout au Canada et dans des r\u00e9gions \u00e9loign\u00e9es en dehors de notre zone de livraison gratuite habituelle.<\/p>\n","protected":false},"excerpt":{"rendered":"<p>Offrez-vous une g\u00e2terie sucr\u00e9e et croustillante avec le pr\u00e9-rouleau de fus\u00e9e aux Candy Apple Drizzle Factory. <\/p>\n<p>Chaque pr\u00e9-rouleau de 1,2 g est rempli de fleurs de qualit\u00e9 sup\u00e9rieure, puis tremp\u00e9 dans un puissant distillat de D9 pour une explosion de puissance suppl\u00e9mentaire. Enrob\u00e9e de diamants THCA HTCE purs, elle offre un high doux et puissant qui se marie parfaitement avec la douceur riche et caramell\u00e9e de la pomme bonbon. Fini avec un saupoudrage de kief haut de gamme, chaque choux offre un m\u00e9lange \u00e9quilibr\u00e9 de saveurs sucr\u00e9es et acidul\u00e9es qui est vraiment all\u00e9chant.    <\/p>\n<p>Que vous cherchiez \u00e0 vous d\u00e9tendre ou \u00e0 vous inspirer, le Candy Apple Rocket offre une exp\u00e9rience ludique mais puissante.  <\/p>\n<p>Offrez-vous ce m\u00e9lange parfait de saveur et de puissance, uniquement avec les fus\u00e9es aux Candy Apple de Drizzle Factory.<\/p>\n","protected":false},"featured_media":17766,"comment_status":"open","ping_status":"closed","template":"","meta":{"_acf_changed":false},"product_brand":[180],"product_cat":[254],"product_tag":[205,286],"class_list":{"0":"post-17889","1":"product","2":"type-product","3":"status-publish","4":"has-post-thumbnail","6":"product_brand-drizzle-factory","7":"product_cat-moon-rockets-fr-ca","8":"product_tag-drizzle-factory-fr-ca","9":"product_tag-drizzle-factory-rockets-fr-ca","11":"first","12":"instock","13":"shipping-taxable","14":"purchasable","15":"product-type-simple"},"acf":[],"_links":{"self":[{"href":"https:\/\/420now.co\/fr-ca\/wp-json\/wp\/v2\/product\/17889","targetHints":{"allow":["GET"]}}],"collection":[{"href":"https:\/\/420now.co\/fr-ca\/wp-json\/wp\/v2\/product"}],"about":[{"href":"https:\/\/420now.co\/fr-ca\/wp-json\/wp\/v2\/types\/product"}],"replies":[{"embeddable":true,"href":"https:\/\/420now.co\/fr-ca\/wp-json\/wp\/v2\/comments?post=17889"}],"wp:featuredmedia":[{"embeddable":true,"href":"https:\/\/420now.co\/fr-ca\/wp-json\/wp\/v2\/media\/17766"}],"wp:attachment":[{"href":"https:\/\/420now.co\/fr-ca\/wp-json\/wp\/v2\/media?parent=17889"}],"wp:term":[{"taxonomy":"product_brand","embeddable":true,"href":"https:\/\/420now.co\/fr-ca\/wp-json\/wp\/v2\/product_brand?post=17889"},{"taxonomy":"product_cat","embeddable":true,"href":"https:\/\/420now.co\/fr-ca\/wp-json\/wp\/v2\/product_cat?post=17889"},{"taxonomy":"product_tag","embeddable":true,"href":"https:\/\/420now.co\/fr-ca\/wp-json\/wp\/v2\/product_tag?post=17889"}],"curies":[{"name":"wp","href":"https:\/\/api.w.org\/{rel}","templated":true}]}}