{"id":17891,"date":"2024-09-08T15:44:53","date_gmt":"2024-09-08T19:44:53","guid":{"rendered":"https:\/\/420now.co\/product\/drizzle-factory-moon-rocket-bubblegum-12-gr\/"},"modified":"2026-03-11T19:52:08","modified_gmt":"2026-03-11T23:52:08","slug":"drizzle-factory-moon-rocket-bubblegum-12-gr","status":"publish","type":"product","link":"https:\/\/420now.co\/fr-ca\/product\/drizzle-factory-moon-rocket-bubblegum-12-gr\/","title":{"rendered":"Drizzle Factory Moon Rocket Bubblegum 1,2 gr."},"content":{"rendered":"<p>Entrez dans un monde de douceur nostalgique avec le pr\u00e9-rouleau Drizzle Factory Bubblegum Rocket.  <\/p>\n<p>Ce pr\u00e9-roul\u00e9 de 1,2 g combine des fleurs haut de gamme avec un trempage dans un distillat puissant de D9 pour une exp\u00e9rience douce et durable. Enrob\u00e9 de THCA Diamonds HTCE, il offre un punch puissant parfaitement \u00e9quilibr\u00e9 avec la saveur classique et sucr\u00e9e du chewing-gum.  Termin\u00e9 avec une couche de kief haut de gamme, chaque bouff\u00e9e apporte une explosion de douceur et de gourmettes qui persiste sur votre palais.  <\/p>\n<p>Id\u00e9al pour ceux qui veulent se d\u00e9tendre tout en profitant d\u2019un high ludique et \u00e9difiant, le Bubblegum Rocket offre une \u00e9vasion savoureuse.  <\/p>\n<p>Revivez la douce simplicit\u00e9 du chewing-gum avec une touche puissante, uniquement de Drizzle Factory Bubblegum Rockets.<\/p>\n<h2>Livraison de fus\u00e9es lunaires Drizzle Factory dans la r\u00e9gion de Toronto<\/h2>\n<p>Si vous \u00eates dans la r\u00e9gion du Grand Toronto (RGT), vous pouvez vous procurer des fus\u00e9es lunaires Drizzle Factory en 2 heures* \u00e0 votre porte! Commandez avant 20 h et l\u2019un de nos chauffeurs vous livrera le jour m\u00eame, 2 heures gratuitement, lorsque vous commandez un minimum de 100,00 $ de l\u2019un des produits sur notre site Web. <\/p>\n<p>*Livraison en deux heures \u00e0 Toronto (Scarborough, North York, Etobicoke, DownTown, York \u2013 toutes les r\u00e9gions \u00e0 l\u2019int\u00e9rieur des fronti\u00e8res de la ville de Toronto), Richmond Hill, King, Aurora, Newmarket, Woodbridge, Vaughan et Markham.<\/p>\n<p>Nous exp\u00e9dions \u00e9galement partout au Canada et dans des r\u00e9gions \u00e9loign\u00e9es en dehors de notre zone de livraison gratuite habituelle.<\/p>\n","protected":false},"excerpt":{"rendered":"<p>Entrez dans un monde de douceur nostalgique avec le pr\u00e9-rouleau Drizzle Factory Bubblegum Rocket.  <\/p>\n<p>Ce pr\u00e9-rouleau de 1,2 g combine une fleur de qualit\u00e9 sup\u00e9rieure avec une trempette dans un puissant distillat de D9 pour une exp\u00e9rience douce et durable. Recouvert de THCA Diamonds HTCE, il offre un punch puissant qui est parfaitement \u00e9quilibr\u00e9 avec la saveur classique et sucr\u00e9e de chewing-gum. Fini avec une couche de kief haut de gamme, chaque choux apporte une explosion de bont\u00e9 sucr\u00e9e et moelleuse qui persiste dans votre palais.    <\/p>\n<p>Id\u00e9al pour ceux qui veulent se d\u00e9tendre tout en profitant d\u2019un high ludique et \u00e9difiant, le Bubblegum Rocket offre une \u00e9vasion savoureuse.  <\/p>\n<p>Revivez la douce simplicit\u00e9 du chewing-gum avec une touche puissante, uniquement de Drizzle Factory Bubblegum Rockets.<\/p>\n","protected":false},"featured_media":17765,"comment_status":"open","ping_status":"closed","template":"","meta":{"_acf_changed":false},"product_brand":[180],"product_cat":[254],"product_tag":[205,286],"class_list":{"0":"post-17891","1":"product","2":"type-product","3":"status-publish","4":"has-post-thumbnail","6":"product_brand-drizzle-factory","7":"product_cat-moon-rockets-fr-ca","8":"product_tag-drizzle-factory-fr-ca","9":"product_tag-drizzle-factory-rockets-fr-ca","11":"first","12":"instock","13":"shipping-taxable","14":"purchasable","15":"product-type-simple"},"acf":[],"_links":{"self":[{"href":"https:\/\/420now.co\/fr-ca\/wp-json\/wp\/v2\/product\/17891","targetHints":{"allow":["GET"]}}],"collection":[{"href":"https:\/\/420now.co\/fr-ca\/wp-json\/wp\/v2\/product"}],"about":[{"href":"https:\/\/420now.co\/fr-ca\/wp-json\/wp\/v2\/types\/product"}],"replies":[{"embeddable":true,"href":"https:\/\/420now.co\/fr-ca\/wp-json\/wp\/v2\/comments?post=17891"}],"wp:featuredmedia":[{"embeddable":true,"href":"https:\/\/420now.co\/fr-ca\/wp-json\/wp\/v2\/media\/17765"}],"wp:attachment":[{"href":"https:\/\/420now.co\/fr-ca\/wp-json\/wp\/v2\/media?parent=17891"}],"wp:term":[{"taxonomy":"product_brand","embeddable":true,"href":"https:\/\/420now.co\/fr-ca\/wp-json\/wp\/v2\/product_brand?post=17891"},{"taxonomy":"product_cat","embeddable":true,"href":"https:\/\/420now.co\/fr-ca\/wp-json\/wp\/v2\/product_cat?post=17891"},{"taxonomy":"product_tag","embeddable":true,"href":"https:\/\/420now.co\/fr-ca\/wp-json\/wp\/v2\/product_tag?post=17891"}],"curies":[{"name":"wp","href":"https:\/\/api.w.org\/{rel}","templated":true}]}}