{"id":17892,"date":"2024-09-08T13:58:08","date_gmt":"2024-09-08T17:58:08","guid":{"rendered":"https:\/\/420now.co\/product\/drizzle-factory-moon-rocket-spearmint-12-gr\/"},"modified":"2026-03-11T19:56:25","modified_gmt":"2026-03-11T23:56:25","slug":"drizzle-factory-moon-rocket-spearmint-12-gr","status":"publish","type":"product","link":"https:\/\/420now.co\/fr-ca\/product\/drizzle-factory-moon-rocket-spearmint-12-gr\/","title":{"rendered":"Drizzle Factory Moon Rocket Spearmint 1,2 gr."},"content":{"rendered":"<p>Frais, croustillant et puissant, le pr\u00e9-rouleau de fus\u00e9e Spearmint de Drizzle Factory apporte une touche rafra\u00eechissante \u00e0 votre exp\u00e9rience de fum\u00e9e. <\/p>\n<p>Chaque pr\u00e9-roul\u00e9 de 1,2 g est roul\u00e9 \u00e0 la perfection avec une fleur premium, puis tremp\u00e9 dans un distillat puissant de D9 pour rehausser \u00e0 la fois la saveur et l\u2019effet. Enrob\u00e9 de THCA Diamonds HTCE pur, ce pr\u00e9-roul\u00e9 offre un effet doux et intense qui persiste \u00e0 chaque expiration.  Une derni\u00e8re couche de kief haut de gamme rehausse le go\u00fbt frais et menthol\u00e9, faisant de chaque bouff\u00e9e une exp\u00e9rience rafra\u00eechissante et audacieuse.  <\/p>\n<p>Que vous soyez \u00e0 la recherche d\u2019un moment de d\u00e9tente ou d\u2019une explosion de cr\u00e9ativit\u00e9, la Spearmint Rocket offre une bouff\u00e9e nette et nette avec un effet puissant.  <\/p>\n<p>Faites l\u2019exp\u00e9rience de la sensation rafra\u00eechissante et revigorante que seules les fus\u00e9es \u00e0 Spearmint de Drizzle Factory peuvent procurer.<\/p>\n<h2>Livraison de fus\u00e9es lunaires Drizzle Factory dans la r\u00e9gion de Toronto<\/h2>\n<p>Si vous \u00eates dans la r\u00e9gion du Grand Toronto (RGT), vous pouvez vous procurer des fus\u00e9es lunaires Drizzle Factory en 2 heures* \u00e0 votre porte! Commandez avant 20 h et l\u2019un de nos chauffeurs vous livrera le jour m\u00eame, 2 heures gratuitement, lorsque vous commandez un minimum de 100,00 $ de l\u2019un des produits sur notre site Web. <\/p>\n<p>*Livraison en deux heures \u00e0 Toronto (Scarborough, North York, Etobicoke, DownTown, York \u2013 toutes les r\u00e9gions \u00e0 l\u2019int\u00e9rieur des fronti\u00e8res de la ville de Toronto), Richmond Hill, King, Aurora, Newmarket, Woodbridge, Vaughan et Markham.<\/p>\n<p>Nous exp\u00e9dions \u00e9galement partout au Canada et dans des r\u00e9gions \u00e9loign\u00e9es en dehors de notre zone de livraison gratuite habituelle.<\/p>\n","protected":false},"excerpt":{"rendered":"<p>Frais, croustillant et puissant, le pr\u00e9-rouleau de fus\u00e9e Spearmint de Drizzle Factory apporte une touche rafra\u00eechissante \u00e0 votre exp\u00e9rience de fum\u00e9e. <\/p>\n<p>Chaque pr\u00e9-roul\u00e9 de 1,2 g est roul\u00e9 \u00e0 la perfection avec une fleur premium, puis tremp\u00e9 dans un distillat puissant de D9 pour rehausser \u00e0 la fois la saveur et l\u2019effet. Enrob\u00e9 de THCA Diamonds HTCE pur, ce pr\u00e9-roul\u00e9 offre un effet doux et intense qui persiste \u00e0 chaque expiration.  Une derni\u00e8re couche de kief haut de gamme rehausse le go\u00fbt frais et menthol\u00e9, faisant de chaque bouff\u00e9e une exp\u00e9rience rafra\u00eechissante et audacieuse.  <\/p>\n<p>Que vous soyez \u00e0 la recherche d\u2019un moment de d\u00e9tente ou d\u2019une explosion de cr\u00e9ativit\u00e9, la Spearmint Rocket offre une bouff\u00e9e nette et nette avec un effet puissant.  <\/p>\n<p>Faites l\u2019exp\u00e9rience de la sensation rafra\u00eechissante et revigorante que seules les fus\u00e9es \u00e0 Spearmint de Drizzle Factory peuvent procurer.<\/p>\n","protected":false},"featured_media":17761,"comment_status":"open","ping_status":"closed","template":"","meta":{"_acf_changed":false},"product_brand":[180],"product_cat":[254],"product_tag":[205,286],"class_list":{"0":"post-17892","1":"product","2":"type-product","3":"status-publish","4":"has-post-thumbnail","6":"product_brand-drizzle-factory","7":"product_cat-moon-rockets-fr-ca","8":"product_tag-drizzle-factory-fr-ca","9":"product_tag-drizzle-factory-rockets-fr-ca","11":"first","12":"instock","13":"shipping-taxable","14":"purchasable","15":"product-type-simple"},"acf":[],"_links":{"self":[{"href":"https:\/\/420now.co\/fr-ca\/wp-json\/wp\/v2\/product\/17892","targetHints":{"allow":["GET"]}}],"collection":[{"href":"https:\/\/420now.co\/fr-ca\/wp-json\/wp\/v2\/product"}],"about":[{"href":"https:\/\/420now.co\/fr-ca\/wp-json\/wp\/v2\/types\/product"}],"replies":[{"embeddable":true,"href":"https:\/\/420now.co\/fr-ca\/wp-json\/wp\/v2\/comments?post=17892"}],"wp:featuredmedia":[{"embeddable":true,"href":"https:\/\/420now.co\/fr-ca\/wp-json\/wp\/v2\/media\/17761"}],"wp:attachment":[{"href":"https:\/\/420now.co\/fr-ca\/wp-json\/wp\/v2\/media?parent=17892"}],"wp:term":[{"taxonomy":"product_brand","embeddable":true,"href":"https:\/\/420now.co\/fr-ca\/wp-json\/wp\/v2\/product_brand?post=17892"},{"taxonomy":"product_cat","embeddable":true,"href":"https:\/\/420now.co\/fr-ca\/wp-json\/wp\/v2\/product_cat?post=17892"},{"taxonomy":"product_tag","embeddable":true,"href":"https:\/\/420now.co\/fr-ca\/wp-json\/wp\/v2\/product_tag?post=17892"}],"curies":[{"name":"wp","href":"https:\/\/api.w.org\/{rel}","templated":true}]}}