{"id":17894,"date":"2024-09-08T14:30:29","date_gmt":"2024-09-08T18:30:29","guid":{"rendered":"https:\/\/420now.co\/product\/drizzle-factory-moon-rocket-banana-kush-12-gr\/"},"modified":"2026-03-11T19:54:58","modified_gmt":"2026-03-11T23:54:58","slug":"drizzle-factory-moon-rocket-banana-kush-12-gr","status":"publish","type":"product","link":"https:\/\/420now.co\/fr-ca\/product\/drizzle-factory-moon-rocket-banana-kush-12-gr\/","title":{"rendered":"Drizzle Factory Moon Rocket Banana Kush 1,2 gr."},"content":{"rendered":"<p>Frais, croustillant et puissant, le pr\u00e9-rouleau de fus\u00e9e Spearmint de Drizzle Factory apporte une touche rafra\u00eechissante \u00e0 votre exp\u00e9rience de fum\u00e9e. <\/p>\n<p>Chaque pr\u00e9-roul\u00e9 de 1,2 g est roul\u00e9 \u00e0 la perfection avec une fleur premium, puis tremp\u00e9 dans un distillat puissant de D9 pour rehausser \u00e0 la fois la saveur et l\u2019effet. Enrob\u00e9 de THCA Diamonds HTCE pur, ce pr\u00e9-roul\u00e9 offre un effet doux et intense qui persiste \u00e0 chaque expiration.  Une derni\u00e8re couche de kief haut de gamme rehausse le go\u00fbt frais et menthol\u00e9, faisant de chaque bouff\u00e9e une exp\u00e9rience rafra\u00eechissante et audacieuse.  <\/p>\n<p>Que vous soyez \u00e0 la recherche d\u2019un moment de d\u00e9tente ou d\u2019une explosion de cr\u00e9ativit\u00e9, la Spearmint Rocket offre une bouff\u00e9e nette et nette avec un effet puissant.  <\/p>\n<p>Faites l\u2019exp\u00e9rience de la sensation rafra\u00eechissante et revigorante que seules les fus\u00e9es \u00e0 Spearmint de Drizzle Factory peuvent procurer.<\/strong>Pr\u00e9parez-vous \u00e0 profiter d\u2019une exp\u00e9rience onctueuse et cr\u00e9meuse avec le pr\u00e9-rouleau Banana Kush Rocket de Drizzle Factory. <\/p>\n<p>Ce pr\u00e9-roul\u00e9 de 1,2 g pr\u00e9sente une fleur de Banana Kush haut de gamme, habilement roul\u00e9e et tremp\u00e9e dans un puissant distillat D9 pour une vague suppl\u00e9mentaire d\u2019intensit\u00e9. Enrob\u00e9 de THCA pur THCA Diamonds HTCE, il offre une fum\u00e9e soyeuse et savoureuse avec un high puissant et euphorique.  Surmont\u00e9 d\u2019une g\u00e9n\u00e9reuse couche de kief haut de gamme, chaque bouff\u00e9e fait ressortir la saveur riche et sucr\u00e9e de banane pour laquelle le Banana Kush est c\u00e9l\u00e8bre.  <\/p>\n<p>Que vous cherchiez \u00e0 vous d\u00e9tendre ou \u00e0 stimuler votre cr\u00e9ativit\u00e9, la Banana Kush Rocket est votre choix pour une exp\u00e9rience douce et stimulante. Comblez vos sens avec une ambiance tropicale et un puissant punch de la Drizzle Factory Banana Kush Rockets. <\/p>\n<h2>Livraison de fus\u00e9es lunaires Drizzle Factory dans la r\u00e9gion de Toronto<\/h2>\n<p>Si vous \u00eates dans la r\u00e9gion du Grand Toronto (RGT), vous pouvez vous procurer des fus\u00e9es lunaires Drizzle Factory en 2 heures* \u00e0 votre porte! Commandez avant 20 h et l\u2019un de nos chauffeurs vous livrera le jour m\u00eame, 2 heures gratuitement, lorsque vous commandez un minimum de 100,00 $ de l\u2019un des produits sur notre site Web. <\/p>\n<p>*Livraison en deux heures \u00e0 Toronto (Scarborough, North York, Etobicoke, DownTown, York \u2013 toutes les r\u00e9gions \u00e0 l\u2019int\u00e9rieur des fronti\u00e8res de la ville de Toronto), Richmond Hill, King, Aurora, Newmarket, Woodbridge, Vaughan et Markham.<\/p>\n<p>Nous exp\u00e9dions \u00e9galement partout au Canada et dans des r\u00e9gions \u00e9loign\u00e9es en dehors de notre zone de livraison gratuite habituelle.<\/p>\n","protected":false},"excerpt":{"rendered":"<p>Pr\u00e9parez-vous \u00e0 profiter d\u2019une exp\u00e9rience onctueuse et cr\u00e9meuse avec le pr\u00e9-rouleau Banana Kush Rocket de Drizzle Factory. <\/p>\n<p>Ce pr\u00e9-roul\u00e9 de 1,2 g pr\u00e9sente une fleur de Banana Kush haut de gamme, habilement roul\u00e9e et tremp\u00e9e dans un puissant distillat D9 pour une vague suppl\u00e9mentaire d\u2019intensit\u00e9. Enrob\u00e9 de THCA pur THCA Diamonds HTCE, il offre une fum\u00e9e soyeuse et savoureuse avec un high puissant et euphorique.  Surmont\u00e9 d\u2019une g\u00e9n\u00e9reuse couche de kief haut de gamme, chaque bouff\u00e9e fait ressortir la saveur riche et sucr\u00e9e de banane pour laquelle le Banana Kush est c\u00e9l\u00e8bre.  <\/p>\n<p>Que vous cherchiez \u00e0 vous d\u00e9tendre ou \u00e0 stimuler votre cr\u00e9ativit\u00e9, la Banana Kush Rocket est votre choix pour une exp\u00e9rience douce et stimulante. Comblez vos sens avec une ambiance tropicale et un puissant punch de la Drizzle Factory Banana Kush Rockets. <\/p>\n","protected":false},"featured_media":17762,"comment_status":"open","ping_status":"closed","template":"","meta":{"_acf_changed":false},"product_brand":[180],"product_cat":[254],"product_tag":[205,286],"class_list":{"0":"post-17894","1":"product","2":"type-product","3":"status-publish","4":"has-post-thumbnail","6":"product_brand-drizzle-factory","7":"product_cat-moon-rockets-fr-ca","8":"product_tag-drizzle-factory-fr-ca","9":"product_tag-drizzle-factory-rockets-fr-ca","11":"first","12":"instock","13":"shipping-taxable","14":"purchasable","15":"product-type-simple"},"acf":[],"_links":{"self":[{"href":"https:\/\/420now.co\/fr-ca\/wp-json\/wp\/v2\/product\/17894","targetHints":{"allow":["GET"]}}],"collection":[{"href":"https:\/\/420now.co\/fr-ca\/wp-json\/wp\/v2\/product"}],"about":[{"href":"https:\/\/420now.co\/fr-ca\/wp-json\/wp\/v2\/types\/product"}],"replies":[{"embeddable":true,"href":"https:\/\/420now.co\/fr-ca\/wp-json\/wp\/v2\/comments?post=17894"}],"wp:featuredmedia":[{"embeddable":true,"href":"https:\/\/420now.co\/fr-ca\/wp-json\/wp\/v2\/media\/17762"}],"wp:attachment":[{"href":"https:\/\/420now.co\/fr-ca\/wp-json\/wp\/v2\/media?parent=17894"}],"wp:term":[{"taxonomy":"product_brand","embeddable":true,"href":"https:\/\/420now.co\/fr-ca\/wp-json\/wp\/v2\/product_brand?post=17894"},{"taxonomy":"product_cat","embeddable":true,"href":"https:\/\/420now.co\/fr-ca\/wp-json\/wp\/v2\/product_cat?post=17894"},{"taxonomy":"product_tag","embeddable":true,"href":"https:\/\/420now.co\/fr-ca\/wp-json\/wp\/v2\/product_tag?post=17894"}],"curies":[{"name":"wp","href":"https:\/\/api.w.org\/{rel}","templated":true}]}}