{"id":17895,"date":"2024-09-08T13:50:17","date_gmt":"2024-09-08T17:50:17","guid":{"rendered":"https:\/\/420now.co\/product\/drizzle-factory-moon-rocket-sour-gummy-worms-12-gr\/"},"modified":"2026-03-11T19:57:14","modified_gmt":"2026-03-11T23:57:14","slug":"drizzle-factory-moon-rocket-sour-gummy-worms-12-gr","status":"publish","type":"product","link":"https:\/\/420now.co\/fr-ca\/product\/drizzle-factory-moon-rocket-sour-gummy-worms-12-gr\/","title":{"rendered":"Drizzle Factory Moon Rocket Sour Gummy Worms 1,2 gr."},"content":{"rendered":"<p>Voici le Drizzle Factory Root Beer Rocket Pre-Roll, un m\u00e9lange nostalgique et puissant qui fusionne la saveur classique avec un savoir-faire de niveau sup\u00e9rieur.  <\/p>\n<p>Chaque pr\u00e9-roul\u00e9 de 1,2 g est rempli de fleurs de qualit\u00e9 sup\u00e9rieure, roul\u00e9es de mani\u00e8re experte et tremp\u00e9es dans un puissant distillat D9 pour amplifier votre exp\u00e9rience. Enduit de purs diamants THCA HTCE, ce pr\u00e9-rouleau promet douceur et intensit\u00e9 \u00e0 chaque bouff\u00e9e. La touche finale est une g\u00e9n\u00e9reuse couche de kief haut de gamme, qui rehausse la saveur profonde et riche de la racinette pour une exp\u00e9rience unique et rafra\u00eechissante.    <\/p>\n<p>Que vous cherchiez \u00e0 vous d\u00e9tendre ou \u00e0 stimuler votre cr\u00e9ativit\u00e9, la Root Beer Rocket offre un go\u00fbt \u00e0 l\u2019ancienne avec une touche moderne. Pr\u00e9parez-vous \u00e0 savourer les notes sucr\u00e9es et p\u00e9tillantes tout en vous lan\u00e7ant dans un high puissant et \u00e9difiant que seule Drizzle Factory Rockets peut fournir. <\/p>\n<h2>Livraison de fus\u00e9es lunaires Drizzle Factory dans la r\u00e9gion de Toronto<\/h2>\n<p>Si vous \u00eates dans la r\u00e9gion du Grand Toronto (RGT), vous pouvez vous procurer des fus\u00e9es lunaires Drizzle Factory en 2 heures* \u00e0 votre porte! Commandez avant 20 h et l\u2019un de nos chauffeurs vous livrera le jour m\u00eame, 2 heures gratuitement, lorsque vous commandez un minimum de 100,00 $ de l\u2019un des produits sur notre site Web. <\/p>\n<p>*Livraison en deux heures \u00e0 Toronto (Scarborough, North York, Etobicoke, DownTown, York \u2013 toutes les r\u00e9gions \u00e0 l\u2019int\u00e9rieur des fronti\u00e8res de la ville de Toronto), Richmond Hill, King, Aurora, Newmarket, Woodbridge, Vaughan et Markham.<\/p>\n<p>Nous exp\u00e9dions \u00e9galement partout au Canada et dans des r\u00e9gions \u00e9loign\u00e9es en dehors de notre zone de livraison gratuite habituelle.<\/p>\n","protected":false},"excerpt":{"rendered":"<p>Envie de quelque chose d\u2019acide, de sucr\u00e9 et de s\u00e9rieusement puissant? Le pr\u00e9-rouleau de fus\u00e9e Sour Gummy Worms de Drizzle Factory est l\u00e0 pour satisfaire vos papilles tout en lan\u00e7ant votre exp\u00e9rience vers de nouveaux sommets. <\/p>\n<p>Chaque pr\u00e9-rouleau de 1,2 g est fabriqu\u00e9 \u00e0 partir de fleurs de qualit\u00e9 sup\u00e9rieure, tremp\u00e9 dans un puissant distillat D9 pour un coup de fouet suppl\u00e9mentaire et enrob\u00e9 d\u2019une couche de diamants THCA HTCE purs pour des effets doux et durables. La finition kief haut de gamme ajoute de la profondeur aux saveurs d\u00e9j\u00e0 all\u00e9chantes des bonbons aigres, cr\u00e9ant une touche acidul\u00e9e qui persiste apr\u00e8s chaque bouff\u00e9e. Parfait pour ceux qui aiment les go\u00fbts audacieux et les exp\u00e9riences audacieuses, ce pr\u00e9-rouleau offre un effet euphorisant et \u00e9difiant.  <\/p>\n<p>Pr\u00e9parez-vous pour un voyage savoureux \u00e0 la fois amusant et puissant avec la fus\u00e9e Sour Gummy Worms .<\/p>\n","protected":false},"featured_media":17760,"comment_status":"open","ping_status":"closed","template":"","meta":{"_acf_changed":false},"product_brand":[180],"product_cat":[254],"product_tag":[205,286],"class_list":{"0":"post-17895","1":"product","2":"type-product","3":"status-publish","4":"has-post-thumbnail","6":"product_brand-drizzle-factory","7":"product_cat-moon-rockets-fr-ca","8":"product_tag-drizzle-factory-fr-ca","9":"product_tag-drizzle-factory-rockets-fr-ca","11":"first","12":"instock","13":"shipping-taxable","14":"purchasable","15":"product-type-simple"},"acf":[],"_links":{"self":[{"href":"https:\/\/420now.co\/fr-ca\/wp-json\/wp\/v2\/product\/17895","targetHints":{"allow":["GET"]}}],"collection":[{"href":"https:\/\/420now.co\/fr-ca\/wp-json\/wp\/v2\/product"}],"about":[{"href":"https:\/\/420now.co\/fr-ca\/wp-json\/wp\/v2\/types\/product"}],"replies":[{"embeddable":true,"href":"https:\/\/420now.co\/fr-ca\/wp-json\/wp\/v2\/comments?post=17895"}],"wp:featuredmedia":[{"embeddable":true,"href":"https:\/\/420now.co\/fr-ca\/wp-json\/wp\/v2\/media\/17760"}],"wp:attachment":[{"href":"https:\/\/420now.co\/fr-ca\/wp-json\/wp\/v2\/media?parent=17895"}],"wp:term":[{"taxonomy":"product_brand","embeddable":true,"href":"https:\/\/420now.co\/fr-ca\/wp-json\/wp\/v2\/product_brand?post=17895"},{"taxonomy":"product_cat","embeddable":true,"href":"https:\/\/420now.co\/fr-ca\/wp-json\/wp\/v2\/product_cat?post=17895"},{"taxonomy":"product_tag","embeddable":true,"href":"https:\/\/420now.co\/fr-ca\/wp-json\/wp\/v2\/product_tag?post=17895"}],"curies":[{"name":"wp","href":"https:\/\/api.w.org\/{rel}","templated":true}]}}