{"id":17896,"date":"2024-09-08T13:28:27","date_gmt":"2024-09-08T17:28:27","guid":{"rendered":"https:\/\/420now.co\/product\/drizzle-factory-moon-rocket-mai-tai-12-gr\/"},"modified":"2026-03-11T20:03:27","modified_gmt":"2026-03-12T00:03:27","slug":"drizzle-factory-moon-rocket-mai-tai-12-gr","status":"publish","type":"product","link":"https:\/\/420now.co\/fr-ca\/product\/drizzle-factory-moon-rocket-mai-tai-12-gr\/","title":{"rendered":"Drizzle Factory Moon Rocket Mai Tai 1,2 gr."},"content":{"rendered":"<p>Voici le Drizzle Factory Mai Thai Rocket Pre-Roll, un chef-d\u2019\u0153uvre d\u2019inspiration tropicale con\u00e7u pour ceux qui recherchent \u00e0 la fois la saveur et la puissance en parfaite harmonie.  <\/p>\n<p>Chaque pr\u00e9-roul\u00e9 de 1,2 g est fabriqu\u00e9 \u00e0 partir de fleurs haut de gamme, roul\u00e9 avec expertise et tremp\u00e9 dans du distillat D9 pour une couche d\u2019intensit\u00e9 suppl\u00e9mentaire. Enduit de THCA pur THCA Diamonds HTCE, il offre une exp\u00e9rience douce et puissante, difficile \u00e0 \u00e9galer.  Termin\u00e9 par une touche de kief haut de gamme, ce pr\u00e9-roul\u00e9 d\u00e9borde de saveurs rafra\u00eechissantes et exotiques qui vous transportent dans un paradis baign\u00e9 de soleil.  <\/p>\n<p>Que vous vous d\u00e9tendiez ou que vous am\u00e9lioriez votre humeur, le Mai Thai Rocket offre un effet \u00e9quilibr\u00e9 et \u00e9difiant avec une touche tropicale. Pr\u00e9parez-vous \u00e0 vous asseoir, \u00e0 vous d\u00e9tendre et \u00e0 profiter de l\u2019aventure vibrante et heureuse que seul Drizzle Factory Mai Thai Rockets peut offrir. <\/p>\n<h2>Livraison de fus\u00e9es lunaires Drizzle Factory dans la r\u00e9gion de Toronto<\/h2>\n<p>Si vous \u00eates dans la r\u00e9gion du Grand Toronto (RGT), vous pouvez vous procurer des fus\u00e9es lunaires Drizzle Factory en 2 heures* \u00e0 votre porte! Commandez avant 20 h et l\u2019un de nos chauffeurs vous livrera le jour m\u00eame, 2 heures gratuitement, lorsque vous commandez un minimum de 100,00 $ de l\u2019un des produits sur notre site Web. <\/p>\n<p>*Livraison en deux heures \u00e0 Toronto (Scarborough, North York, Etobicoke, DownTown, York \u2013 toutes les r\u00e9gions \u00e0 l\u2019int\u00e9rieur des fronti\u00e8res de la ville de Toronto), Richmond Hill, King, Aurora, Newmarket, Woodbridge, Vaughan et Markham.<\/p>\n<p>Nous exp\u00e9dions \u00e9galement partout au Canada et dans des r\u00e9gions \u00e9loign\u00e9es en dehors de notre zone de livraison gratuite habituelle.<\/p>\n","protected":false},"excerpt":{"rendered":"<p>Voici le Drizzle Factory Mai Thai Rocket Pre-Roll, un chef-d\u2019\u0153uvre d\u2019inspiration tropicale con\u00e7u pour ceux qui recherchent \u00e0 la fois la saveur et la puissance en parfaite harmonie.  <\/p>\n<p>Chaque pr\u00e9-roul\u00e9 de 1,2 g est fabriqu\u00e9 \u00e0 partir de fleurs de qualit\u00e9 sup\u00e9rieure, roul\u00e9es de mani\u00e8re experte et tremp\u00e9es dans du distillat de D9 pour une couche suppl\u00e9mentaire d\u2019intensit\u00e9. Recouvert de diamants THCA purs HTCE, il offre une exp\u00e9rience douce et puissante difficile \u00e0 \u00e9galer. Fini avec un saupoudrage de kief haut de gamme, ce pr\u00e9-roll d\u00e9borde de saveurs rafra\u00eechissantes et exotiques qui vous transportent dans un paradis ensoleill\u00e9.    <\/p>\n<p>Que vous vous d\u00e9tendiez ou que vous am\u00e9lioriez votre humeur, le Mai Thai Rocket offre un effet \u00e9quilibr\u00e9 et \u00e9difiant avec une touche tropicale. Pr\u00e9parez-vous \u00e0 vous asseoir, \u00e0 vous d\u00e9tendre et \u00e0 profiter de l\u2019aventure vibrante et heureuse que seul Drizzle Factory Mai Thai Rockets peut offrir. <\/p>\n","protected":false},"featured_media":17758,"comment_status":"open","ping_status":"closed","template":"","meta":{"_acf_changed":false},"product_brand":[180],"product_cat":[254],"product_tag":[205,286],"class_list":{"0":"post-17896","1":"product","2":"type-product","3":"status-publish","4":"has-post-thumbnail","6":"product_brand-drizzle-factory","7":"product_cat-moon-rockets-fr-ca","8":"product_tag-drizzle-factory-fr-ca","9":"product_tag-drizzle-factory-rockets-fr-ca","11":"first","12":"instock","13":"shipping-taxable","14":"purchasable","15":"product-type-simple"},"acf":[],"_links":{"self":[{"href":"https:\/\/420now.co\/fr-ca\/wp-json\/wp\/v2\/product\/17896","targetHints":{"allow":["GET"]}}],"collection":[{"href":"https:\/\/420now.co\/fr-ca\/wp-json\/wp\/v2\/product"}],"about":[{"href":"https:\/\/420now.co\/fr-ca\/wp-json\/wp\/v2\/types\/product"}],"replies":[{"embeddable":true,"href":"https:\/\/420now.co\/fr-ca\/wp-json\/wp\/v2\/comments?post=17896"}],"wp:featuredmedia":[{"embeddable":true,"href":"https:\/\/420now.co\/fr-ca\/wp-json\/wp\/v2\/media\/17758"}],"wp:attachment":[{"href":"https:\/\/420now.co\/fr-ca\/wp-json\/wp\/v2\/media?parent=17896"}],"wp:term":[{"taxonomy":"product_brand","embeddable":true,"href":"https:\/\/420now.co\/fr-ca\/wp-json\/wp\/v2\/product_brand?post=17896"},{"taxonomy":"product_cat","embeddable":true,"href":"https:\/\/420now.co\/fr-ca\/wp-json\/wp\/v2\/product_cat?post=17896"},{"taxonomy":"product_tag","embeddable":true,"href":"https:\/\/420now.co\/fr-ca\/wp-json\/wp\/v2\/product_tag?post=17896"}],"curies":[{"name":"wp","href":"https:\/\/api.w.org\/{rel}","templated":true}]}}