{"id":17897,"date":"2024-09-08T11:19:45","date_gmt":"2024-09-08T15:19:45","guid":{"rendered":"https:\/\/420now.co\/product\/drizzle-factory-moon-rocket-energy-monster-12-gr\/"},"modified":"2025-04-11T09:35:45","modified_gmt":"2025-04-11T13:35:45","slug":"drizzle-factory-moon-rocket-energy-monster-12-gr","status":"publish","type":"product","link":"https:\/\/420now.co\/fr-ca\/product\/drizzle-factory-moon-rocket-energy-monster-12-gr\/","title":{"rendered":"Drizzle Factory Moon Rocket Energy Monster 1,2 gr."},"content":{"rendered":"<p>Voici le Drizzle Factory Energy Monster Rocket Pre-Roll, un concentr\u00e9 de saveur et de puissance con\u00e7u pour ceux qui veulent faire passer leur exp\u00e9rience au niveau sup\u00e9rieur.  <\/p>\n<p>Chaque pr\u00e9-rouleau m\u00e9ticuleusement con\u00e7u contient 1,2 g de fleur de qualit\u00e9 sup\u00e9rieure, soigneusement roul\u00e9e \u00e0 la perfection. Mais ce n\u2019est que le d\u00e9but : chaque pr\u00e9-rouleau est tremp\u00e9 dans un riche distillat de D9 pour une explosion d\u2019intensit\u00e9 suppl\u00e9mentaire, puis givr\u00e9 avec des diamants THCA HTCE purs, rehaussant \u00e0 la fois sa puissance et sa douceur.   <\/p>\n<p>Pour couronner le tout, une g\u00e9n\u00e9reuse couche de kief haut de gamme am\u00e9liore le profil de saveur, offrant un voyage sensoriel in\u00e9gal\u00e9 \u00e0 chaque bouff\u00e9e.  <\/p>\n<p>Attendez-vous \u00e0 une combinaison unique de saveurs audacieuses et all\u00e9chantes et d\u2019une puissance vertigineuse qui procure un lifting vraiment euphorique.  <\/p>\n<p>Drizzle Factory Les fus\u00e9es sont votre billet pour une exp\u00e9rience stellaire, que vous cherchiez \u00e0 vous d\u00e9tendre ou \u00e0 vous lancer dans une toute nouvelle dimension de d\u00e9tente.<\/p>\n<h2>Livraison de fus\u00e9es lunaires Drizzle Factory dans la r\u00e9gion de Toronto<\/h2>\n<p>Si vous \u00eates dans la r\u00e9gion du Grand Toronto (RGT), vous pouvez vous procurer des fus\u00e9es lunaires Drizzle Factory en 2 heures* \u00e0 votre porte! Commandez avant 20 h et l\u2019un de nos chauffeurs vous livrera le jour m\u00eame, 2 heures gratuitement, lorsque vous commandez un minimum de 100,00 $ de l\u2019un des produits sur notre site Web. <\/p>\n<p>*Livraison en deux heures \u00e0 Toronto (Scarborough, North York, Etobicoke, DownTown, York \u2013 toutes les r\u00e9gions \u00e0 l\u2019int\u00e9rieur des fronti\u00e8res de la ville de Toronto), Richmond Hill, King, Aurora, Newmarket, Woodbridge, Vaughan et Markham.<\/p>\n<p>Nous exp\u00e9dions \u00e9galement partout au Canada et dans des r\u00e9gions \u00e9loign\u00e9es en dehors de notre zone de livraison gratuite habituelle.<\/p>\n","protected":false},"excerpt":{"rendered":"<p>Voici le Drizzle Factory Energy Monster Rocket Pre-Roll, un concentr\u00e9 de saveur et de puissance con\u00e7u pour ceux qui veulent faire passer leur exp\u00e9rience au niveau sup\u00e9rieur.  <\/p>\n<p>Chaque pr\u00e9-rouleau m\u00e9ticuleusement con\u00e7u contient 1,2 g de fleur de qualit\u00e9 sup\u00e9rieure, soigneusement roul\u00e9e \u00e0 la perfection. Mais ce n\u2019est que le d\u00e9but : chaque pr\u00e9-rouleau est tremp\u00e9 dans un riche distillat de D9 pour une explosion d\u2019intensit\u00e9 suppl\u00e9mentaire, puis givr\u00e9 avec des diamants THCA HTCE purs, rehaussant \u00e0 la fois sa puissance et sa douceur.   <\/p>\n<p>Pour couronner le tout, une g\u00e9n\u00e9reuse couche de kief haut de gamme am\u00e9liore le profil de saveur, offrant un voyage sensoriel in\u00e9gal\u00e9 \u00e0 chaque bouff\u00e9e.  <\/p>\n<p>Attendez-vous \u00e0 une combinaison unique de saveurs audacieuses et all\u00e9chantes et d\u2019une puissance vertigineuse qui procure un lifting vraiment euphorique.  <\/p>\n<p>Drizzle Factory Les fus\u00e9es sont votre billet pour une exp\u00e9rience stellaire, que vous cherchiez \u00e0 vous d\u00e9tendre ou \u00e0 vous lancer dans une toute nouvelle dimension de d\u00e9tente.<\/p>\n","protected":false},"featured_media":17756,"comment_status":"open","ping_status":"closed","template":"","meta":{"_acf_changed":false},"product_brand":[180],"product_cat":[253,254,242],"product_tag":[205,286],"class_list":{"0":"post-17897","1":"product","2":"type-product","3":"status-publish","4":"has-post-thumbnail","6":"product_brand-drizzle-factory","7":"product_cat-joints-preroules","8":"product_cat-moon-rockets-fr-ca","9":"product_cat-pot","10":"product_tag-drizzle-factory-fr-ca","11":"product_tag-drizzle-factory-rockets-fr-ca","13":"first","14":"instock","15":"shipping-taxable","16":"purchasable","17":"product-type-simple"},"acf":[],"_links":{"self":[{"href":"https:\/\/420now.co\/fr-ca\/wp-json\/wp\/v2\/product\/17897","targetHints":{"allow":["GET"]}}],"collection":[{"href":"https:\/\/420now.co\/fr-ca\/wp-json\/wp\/v2\/product"}],"about":[{"href":"https:\/\/420now.co\/fr-ca\/wp-json\/wp\/v2\/types\/product"}],"replies":[{"embeddable":true,"href":"https:\/\/420now.co\/fr-ca\/wp-json\/wp\/v2\/comments?post=17897"}],"wp:featuredmedia":[{"embeddable":true,"href":"https:\/\/420now.co\/fr-ca\/wp-json\/wp\/v2\/media\/17756"}],"wp:attachment":[{"href":"https:\/\/420now.co\/fr-ca\/wp-json\/wp\/v2\/media?parent=17897"}],"wp:term":[{"taxonomy":"product_brand","embeddable":true,"href":"https:\/\/420now.co\/fr-ca\/wp-json\/wp\/v2\/product_brand?post=17897"},{"taxonomy":"product_cat","embeddable":true,"href":"https:\/\/420now.co\/fr-ca\/wp-json\/wp\/v2\/product_cat?post=17897"},{"taxonomy":"product_tag","embeddable":true,"href":"https:\/\/420now.co\/fr-ca\/wp-json\/wp\/v2\/product_tag?post=17897"}],"curies":[{"name":"wp","href":"https:\/\/api.w.org\/{rel}","templated":true}]}}