{"id":17898,"date":"2024-03-09T17:57:46","date_gmt":"2024-03-09T22:57:46","guid":{"rendered":"https:\/\/420now.co\/product\/moonrocket-canada-1g-watermelon\/"},"modified":"2026-03-11T20:15:43","modified_gmt":"2026-03-12T00:15:43","slug":"moonrocket-canada-1g-watermelon","status":"publish","type":"product","link":"https:\/\/420now.co\/fr-ca\/product\/moonrocket-canada-1g-watermelon\/","title":{"rendered":"Moonrocket Canada 1G &#8211; Watermelon"},"content":{"rendered":"<p>1g AAAA pr\u00e9-roul\u00e9. Le Pre-Roll est tremp\u00e9 dans de l\u2019huile de miel et saupoudr\u00e9 avec du keif.<\/p>\n<p>Poids net 1,2 g.<\/p>\n<p>Watermelon Saveur.<\/p>\n","protected":false},"excerpt":{"rendered":"<p>1g AAAA pr\u00e9-roul\u00e9. Le Pre-Roll est tremp\u00e9 dans de l\u2019huile de miel et saupoudr\u00e9 avec du keif.<\/p>\n<p>Poids net 1,2 g.<\/p>\n<p>Watermelon Saveur.<\/p>\n","protected":false},"featured_media":17712,"comment_status":"open","ping_status":"closed","template":"","meta":{"_acf_changed":false},"product_brand":[],"product_cat":[253],"product_tag":[],"class_list":{"0":"post-17898","1":"product","2":"type-product","3":"status-publish","4":"has-post-thumbnail","6":"product_cat-joints-preroules","8":"first","9":"instock","10":"shipping-taxable","11":"purchasable","12":"product-type-simple"},"acf":[],"_links":{"self":[{"href":"https:\/\/420now.co\/fr-ca\/wp-json\/wp\/v2\/product\/17898","targetHints":{"allow":["GET"]}}],"collection":[{"href":"https:\/\/420now.co\/fr-ca\/wp-json\/wp\/v2\/product"}],"about":[{"href":"https:\/\/420now.co\/fr-ca\/wp-json\/wp\/v2\/types\/product"}],"replies":[{"embeddable":true,"href":"https:\/\/420now.co\/fr-ca\/wp-json\/wp\/v2\/comments?post=17898"}],"wp:featuredmedia":[{"embeddable":true,"href":"https:\/\/420now.co\/fr-ca\/wp-json\/wp\/v2\/media\/17712"}],"wp:attachment":[{"href":"https:\/\/420now.co\/fr-ca\/wp-json\/wp\/v2\/media?parent=17898"}],"wp:term":[{"taxonomy":"product_brand","embeddable":true,"href":"https:\/\/420now.co\/fr-ca\/wp-json\/wp\/v2\/product_brand?post=17898"},{"taxonomy":"product_cat","embeddable":true,"href":"https:\/\/420now.co\/fr-ca\/wp-json\/wp\/v2\/product_cat?post=17898"},{"taxonomy":"product_tag","embeddable":true,"href":"https:\/\/420now.co\/fr-ca\/wp-json\/wp\/v2\/product_tag?post=17898"}],"curies":[{"name":"wp","href":"https:\/\/api.w.org\/{rel}","templated":true}]}}