{"id":17902,"date":"2024-06-27T23:06:40","date_gmt":"2024-06-28T03:06:40","guid":{"rendered":"https:\/\/420now.co\/product\/shishkaberry-1-ounce\/"},"modified":"2026-04-03T15:35:04","modified_gmt":"2026-04-03T19:35:04","slug":"shishkaberry-1-ounce","status":"publish","type":"product","link":"https:\/\/420now.co\/fr-ca\/product\/shishkaberry-1-ounce\/","title":{"rendered":"Shishkaberry &#8211; 1 once"},"content":{"rendered":"<p>1 once.<\/p>\n<p>Hybride.<\/p>\n<p>Voici Shishkaberry, l\u2019exp\u00e9rience ultime du cannabis pour ceux qui recherchent un parfait m\u00e9lange de relaxation et d\u2019euphorie. Reconnu pour son ar\u00f4me doux de baies et ses notes douces et terreuses, Shishkaberry promet un d\u00e9lice sensoriel in\u00e9gal\u00e9.  Cette vari\u00e9t\u00e9 hybride procure un high corporel apaisant tout en remontant le moral, ce qui la rend id\u00e9ale pour se d\u00e9tendre apr\u00e8s une longue journ\u00e9e ou pour animer les rencontres anim\u00e9es. Avec ses bourgeons denses couverts de trichomes et son profil cannabino\u00efde riche, Shishkaberry est un incontournable tant pour les novices que pour les passionn\u00e9s de cannabis exp\u00e9riment\u00e9s. Ne manquez pas cette vari\u00e9t\u00e9 premium \u00e0 un prix fantastique \u2013 am\u00e9liorez votre exp\u00e9rience avec Shishkaberry d\u00e8s aujourd\u2019hui! <\/p>\n<p><strong>Prix sp\u00e9cial Tant que les stocks sont \u00e9puis\u00e9s!<\/strong>  Commandez d\u00e8s aujourd\u2019hui avant que cette offre ne disparaisse.<\/p>\n<p>La Shishkaberry, aussi appel\u00e9e Kish, offre plusieurs bienfaits potentiels pour la sant\u00e9, gr\u00e2ce \u00e0 sa combinaison unique de cannabino\u00efdes et de terp\u00e8nes. Voici quelques-uns des principaux bienfaits pour la sant\u00e9 ainsi qu\u2019un bref aper\u00e7u de son profil de terp\u00e8nes : <\/p>\n<h2>Bienfaits pour la sant\u00e9 de la vari\u00e9t\u00e9 Shishkaberry<\/h2>\n<p><strong>Soulagement de la douleur :<\/strong> La Shishkaberry est reconnue pour ses puissantes propri\u00e9t\u00e9s analg\u00e9siques, ce qui la rend efficace pour soulager la douleur chronique, les migraines et les spasmes musculaires.<br \/>\n<strong>R\u00e9duction du stress et de l\u2019anxi\u00e9t\u00e9 :<\/strong> Les effets calmants de la vari\u00e9t\u00e9 peuvent aider \u00e0 r\u00e9duire le stress et l\u2019anxi\u00e9t\u00e9, favorisant un sentiment de relaxation et de bien-\u00eatre.<br \/>\n<strong>Soulagement de l\u2019insomnie :<\/strong> Ses propri\u00e9t\u00e9s s\u00e9datives peuvent aider \u00e0 am\u00e9liorer la qualit\u00e9 du sommeil, aidant ainsi les personnes souffrant d\u2019insomnie ou d\u2019autres troubles du sommeil.<br \/>\n<strong>Am\u00e9lioration de l\u2019humeur :<\/strong> Les effets euphoriques de la Shishkaberry peuvent aider \u00e0 remonter votre humeur, ce qui la rend b\u00e9n\u00e9fique pour combattre la d\u00e9pression et les sautes d\u2019humeur.<br \/>\n<strong>Stimulation de l\u2019app\u00e9tit :<\/strong> Cette vari\u00e9t\u00e9 peut aussi aider \u00e0 augmenter l\u2019app\u00e9tit, ce qui est particuli\u00e8rement utile pour les personnes souffrant d\u2019une perte d\u2019app\u00e9tit due \u00e0 des traitements m\u00e9dicaux ou \u00e0 des conditions.<\/p>\n<p><em>REMARQUE : Les informations sur ce site sont fournies \u00e0 des fins \u00e9ducatives seulement et ne remplacent pas un avis m\u00e9dical professionnel.<\/em> <\/p>\n<h2>Profil terp\u00e8ne<\/h2>\n<p><strong>Myrc\u00e8ne :<\/strong> C\u2019est le terp\u00e8ne le plus abondant de Shishkaberry. Le myrc\u00e8ne a une odeur musqu\u00e9e et terreuse et est reconnu pour ses effets s\u00e9datifs et relaxants musculaires, contribuant aux propri\u00e9t\u00e9s globales relaxantes de la vari\u00e9t\u00e9. <\/p>\n<p><strong>Caryophyl\u00e8ne :<\/strong> Reconnu pour son ar\u00f4me \u00e9pic\u00e9 et poivr\u00e9, le caryophyll\u00e8ne poss\u00e8de des propri\u00e9t\u00e9s anti-inflammatoires et analg\u00e9siques, renfor\u00e7ant encore les capacit\u00e9s analg\u00e9siques de la Shishkaberry.<\/p>\n<p><strong>Pin\u00e8ne :<\/strong> Avec un parfum frais de pin, le pin\u00e8ne est reconnu pour ses effets anti-inflammatoires, bronchodilatateurs et stimulant la m\u00e9moire. Il aide aussi \u00e0 contrer certaines des pertes de m\u00e9moire \u00e0 court terme associ\u00e9es au THC. <\/p>\n<p><strong>Limon\u00e8ne :<\/strong> Ce terp\u00e8ne conf\u00e8re un ar\u00f4me d\u2019agrumes et est reconnu pour ses effets am\u00e9liorant l\u2019humeur et anti-anxi\u00e9t\u00e9. Le limon\u00e8ne peut aussi avoir des propri\u00e9t\u00e9s antifongiques et antibact\u00e9riennes. <\/p>\n<p><strong>Linalool :<\/strong> Pr\u00e9sent en plus petites quantit\u00e9s, le linalool a une odeur florale et est reconnu pour ses effets calmants et anxiolytiques, contribuant ainsi \u00e0 la qualit\u00e9 globalement relaxante de cette vari\u00e9t\u00e9.<\/p>\n<p>Le m\u00e9lange unique de terp\u00e8nes de la Shishkaberry renforce non seulement sa saveur et son ar\u00f4me, mais joue aussi un r\u00f4le crucial dans ses effets th\u00e9rapeutiques. Que vous cherchiez un soulagement des maux physiques ou que vous souhaitiez am\u00e9liorer votre humeur, Shishkaberry offre une exp\u00e9rience \u00e9quilibr\u00e9e et agr\u00e9able. <\/p>\n<h2>Shishkaberry Cannabis &#8211; Livraison gratuite de deux heures dans la r\u00e9gion du Grand Toronto<\/h2>\n<p>Si vous \u00eates dans la r\u00e9gion du Grand Toronto (RGT), vous pouvez vous procurer de Shishkaberry en 2 heures* \u00e0 votre porte! Commandez avant 20 h et l\u2019un de nos chauffeurs vous livrera le jour m\u00eame, 2 heures gratuitement, lorsque vous commandez un minimum de 100,00 $ de l\u2019un des produits sur notre site Web. <\/p>\n<p>*Livraison en deux heures \u00e0 Toronto (Scarborough, North York, Etobicoke, DownTown, York \u2013 toutes les r\u00e9gions \u00e0 l\u2019int\u00e9rieur des fronti\u00e8res de la ville de Toronto), Richmond Hill, King, Aurora, Newmarket, Woodbridge, Vaughan et Markham.<\/p>\n<p>Nous exp\u00e9dions \u00e9galement partout au Canada et dans des r\u00e9gions \u00e9loign\u00e9es en dehors de notre zone de livraison gratuite habituelle.<\/p>\n","protected":false},"excerpt":{"rendered":"<p><strong>Les coupons de rabais ne s\u2019appliquent pas \u00e0 ce produit<\/strong><\/p>\n<p>1 once.<\/p>\n<p>Hybride.<\/p>\n<p>Voici Shishkaberry, l\u2019exp\u00e9rience ultime du cannabis pour ceux qui recherchent un parfait m\u00e9lange de relaxation et d\u2019euphorie. Reconnu pour son ar\u00f4me doux de baies et ses notes douces et terreuses, Shishkaberry promet un d\u00e9lice sensoriel in\u00e9gal\u00e9. <\/p>\n<p>Cette vari\u00e9t\u00e9 hybride procure un high corporel apaisant tout en remontant le moral, ce qui la rend id\u00e9ale pour se d\u00e9tendre apr\u00e8s une longue journ\u00e9e ou pour animer les rencontres anim\u00e9es.<\/p>\n<p>Avec ses bourgeons denses couverts de trichomes et son profil cannabino\u00efde riche, Shishkaberry est un incontournable tant pour les novices que pour les passionn\u00e9s de cannabis exp\u00e9riment\u00e9s. Ne manquez pas cette vari\u00e9t\u00e9 premium \u00e0 un prix fantastique \u2013 am\u00e9liorez votre exp\u00e9rience avec Shishkaberry d\u00e8s aujourd\u2019hui! <\/p>\n<p><strong>Jusqu\u2019\u00e0 ce que les stocks soient disponibles!<\/strong><\/p>\n","protected":false},"featured_media":17743,"comment_status":"open","ping_status":"closed","template":"","meta":{"_acf_changed":false},"product_brand":[],"product_cat":[249,244,245],"product_tag":[],"class_list":{"0":"post-17902","1":"product","2":"type-product","3":"status-publish","4":"has-post-thumbnail","6":"product_cat-hybride-pot","7":"product_cat-40-dollar-ounces-fr-ca","8":"product_cat-50-dollar-ounces-fr-ca","10":"first","11":"instock","12":"shipping-taxable","13":"purchasable","14":"product-type-simple"},"acf":[],"_links":{"self":[{"href":"https:\/\/420now.co\/fr-ca\/wp-json\/wp\/v2\/product\/17902","targetHints":{"allow":["GET"]}}],"collection":[{"href":"https:\/\/420now.co\/fr-ca\/wp-json\/wp\/v2\/product"}],"about":[{"href":"https:\/\/420now.co\/fr-ca\/wp-json\/wp\/v2\/types\/product"}],"replies":[{"embeddable":true,"href":"https:\/\/420now.co\/fr-ca\/wp-json\/wp\/v2\/comments?post=17902"}],"wp:featuredmedia":[{"embeddable":true,"href":"https:\/\/420now.co\/fr-ca\/wp-json\/wp\/v2\/media\/17743"}],"wp:attachment":[{"href":"https:\/\/420now.co\/fr-ca\/wp-json\/wp\/v2\/media?parent=17902"}],"wp:term":[{"taxonomy":"product_brand","embeddable":true,"href":"https:\/\/420now.co\/fr-ca\/wp-json\/wp\/v2\/product_brand?post=17902"},{"taxonomy":"product_cat","embeddable":true,"href":"https:\/\/420now.co\/fr-ca\/wp-json\/wp\/v2\/product_cat?post=17902"},{"taxonomy":"product_tag","embeddable":true,"href":"https:\/\/420now.co\/fr-ca\/wp-json\/wp\/v2\/product_tag?post=17902"}],"curies":[{"name":"wp","href":"https:\/\/api.w.org\/{rel}","templated":true}]}}