{"id":17904,"date":"2024-06-28T00:05:38","date_gmt":"2024-06-28T04:05:38","guid":{"rendered":"https:\/\/420now.co\/product\/pink-alien-1-ounce\/"},"modified":"2026-03-11T20:05:45","modified_gmt":"2026-03-12T00:05:45","slug":"pink-alien-1-ounce","status":"publish","type":"product","link":"https:\/\/420now.co\/fr-ca\/product\/pink-alien-1-ounce\/","title":{"rendered":"Pink Alien &#8211; 1 Ounce"},"content":{"rendered":"<p>1 once.<\/p>\n<p>Hybride.<\/p>\n<p>D\u00e9voilez la merveille cosmique de Pink Alien, une vari\u00e9t\u00e9 de cannabis extraordinaire qui promet un voyage exceptionnel de relaxation et d\u2019euphorie. Avec son m\u00e9lange envo\u00fbtant de notes douces et florales et de subtiles notes terreuses, Pink Alien offre une exp\u00e9rience fluide et hors du commun.  Cet hybride \u00e0 dominance indica offre un \u00e9quilibre parfait entre une relaxation corporelle profonde et un \u00e9lan mental bienheureux, ce qui le rend id\u00e9al pour se d\u00e9tendre apr\u00e8s une longue journ\u00e9e ou profiter d\u2019une soir\u00e9e paisible. Les bourgeons denses et givr\u00e9s de Pink Alien t\u00e9moignent de sa qualit\u00e9 sup\u00e9rieure. Saisissez ce d\u00e9lice intergalactique \u00e0 un prix fantastique &#8211; rehaussez votre exp\u00e9rience du cannabis avec Pink Alien d\u00e8s aujourd\u2019hui! <\/p>\n<p><strong>Prix sp\u00e9cial Tant que les stocks sont \u00e9puis\u00e9s!<\/strong>  Commandez d\u00e8s aujourd\u2019hui avant que cette offre ne disparaisse.<\/p>\n<p>Pink Alien offre plusieurs avantages potentiels pour la sant\u00e9, gr\u00e2ce \u00e0 sa combinaison unique de cannabino\u00efdes et de terp\u00e8nes. Voici quelques-uns des principaux avantages pour la sant\u00e9 et un bref aper\u00e7u de son profil terp\u00e9nique : <\/p>\n<h2>Bienfaits pour la sant\u00e9 de la Strain Pink Alien :<\/h2>\n<p><strong>Soulagement de la douleur :<\/strong> Pink Alien est r\u00e9put\u00e9 pour ses puissantes propri\u00e9t\u00e9s analg\u00e9siques, ce qui le rend efficace pour soulager la douleur chronique, les maux de t\u00eate et les spasmes musculaires.<br \/>\n<strong>R\u00e9duction du stress et de l\u2019anxi\u00e9t\u00e9 :<\/strong> Les effets calmants de la vari\u00e9t\u00e9 aident \u00e0 r\u00e9duire le stress et l\u2019anxi\u00e9t\u00e9, procurant un sentiment apaisant de relaxation et de clart\u00e9 mentale.<br \/>\n<strong>Soulagement de l\u2019insomnie :<\/strong> Ses qualit\u00e9s s\u00e9datives sont parfaites pour ceux qui luttent contre l\u2019insomnie ou d\u2019autres troubles du sommeil, favorisant un sommeil r\u00e9parateur et profond.<br \/>\n<strong>Am\u00e9lioration de l\u2019humeur :<\/strong> Les effets euphoriques et stimulants de Pink Alien peuvent aider \u00e0 combattre les sympt\u00f4mes de la d\u00e9pression et \u00e0 am\u00e9liorer l\u2019humeur g\u00e9n\u00e9rale.<br \/>\n<strong>Stimulation de l\u2019app\u00e9tit :<\/strong> Cette vari\u00e9t\u00e9 peut stimuler l\u2019app\u00e9tit, ce qui est particuli\u00e8rement b\u00e9n\u00e9fique pour les personnes souffrant d\u2019une perte d\u2019app\u00e9tit due \u00e0 des conditions m\u00e9dicales ou \u00e0 des traitements.<\/p>\n<p><em>REMARQUE : Les informations sur ce site sont fournies \u00e0 des fins \u00e9ducatives seulement et ne remplacent pas un avis m\u00e9dical professionnel.  <\/em><\/p>\n<h2>Profil terp\u00e8ne<\/h2>\n<p>           <strong>Myrc\u00e8ne :<\/strong> Le terp\u00e8ne le plus abondant de Pink Alien, le myrc\u00e8ne, a un ar\u00f4me musqu\u00e9 et terreux et est connu pour ses propri\u00e9t\u00e9s s\u00e9datives et relaxantes musculaires, contribuant de mani\u00e8re significative aux effets relaxants de la vari\u00e9t\u00e9.<br \/>\n    <strong>Caryophyll\u00e8ne :<\/strong> Ce terp\u00e8ne donne un parfum \u00e9pic\u00e9 et poivr\u00e9 et poss\u00e8de de fortes propri\u00e9t\u00e9s anti-inflammatoires et analg\u00e9siques, am\u00e9liorant les bienfaits analg\u00e9siques de Pink Alien.<br \/>\n    <strong>Limon\u00e8ne :<\/strong> Avec un ar\u00f4me citronn\u00e9 d\u2019agrumes, le limon\u00e8ne est connu pour ses effets stimulants et anxiolytiques. Il poss\u00e8de \u00e9galement des propri\u00e9t\u00e9s antifongiques et antibact\u00e9riennes potentielles.<br \/>\n    <strong>Pin\u00e8ne :<\/strong> Connu pour son parfum de pin frais, le pin\u00e8ne offre des effets anti-inflammatoires, bronchodilatateurs et stimulants de la m\u00e9moire, aidant \u00e0 contrecarrer certains des effets cognitifs associ\u00e9s au THC.<br \/>\n    <strong>Linalol :<\/strong> Pr\u00e9sent en plus petite quantit\u00e9, le linalol a un ar\u00f4me floral de lavande et est reconnu pour ses effets calmants et anxiolytiques, contribuant davantage aux propri\u00e9t\u00e9s relaxantes globales de la vari\u00e9t\u00e9. <\/p>\n<p>Le m\u00e9lange unique de terp\u00e8nes de Pink Alien am\u00e9liore non seulement sa d\u00e9licieuse saveur et son ar\u00f4me, mais joue \u00e9galement un r\u00f4le crucial dans ses bienfaits th\u00e9rapeutiques. Que vous cherchiez \u00e0 soulager les maux physiques, \u00e0 r\u00e9duire le stress ou \u00e0 am\u00e9liorer la qualit\u00e9 du sommeil, Pink Alien offre une exp\u00e9rience cannabique compl\u00e8te et agr\u00e9able. Ne manquez pas cette vari\u00e9t\u00e9 exceptionnelle \u00e0 un prix fantastique &#8211; am\u00e9liorez votre bien-\u00eatre avec Pink Alien d\u00e8s aujourd\u2019hui!  <\/p>\n<h2>Pink Alien Cannabis &#8211; Livraison gratuite en deux heures dans la r\u00e9gion du Grand Toronto<\/h2>\n<p>Si vous \u00eates dans la r\u00e9gion du Grand Toronto (GTA), vous pouvez obtenir du pot Pink Alien en moins de 2 heures* \u00e0 votre porte! Commandez avant 20 h et l\u2019un de nos chauffeurs vous livrera le jour m\u00eame, 2 heures gratuitement, lorsque vous commandez un minimum de 100,00 $ de l\u2019un des produits sur notre site Web.<\/p>\n<p>*Livraison en deux heures \u00e0 Toronto (Scarborough, North York, Etobicoke, DownTown, York \u2013 toutes les r\u00e9gions \u00e0 l\u2019int\u00e9rieur des fronti\u00e8res de la ville de Toronto), Richmond Hill, King, Aurora, Newmarket, Woodbridge, Vaughan et Markham.<\/p>\n<p>Nous exp\u00e9dions \u00e9galement partout au Canada et dans des r\u00e9gions \u00e9loign\u00e9es en dehors de notre zone de livraison gratuite habituelle.<\/p>\n","protected":false},"excerpt":{"rendered":"<p>1 once.<\/p>\n<p>Hybride.<\/p>\n<p>D\u00e9voilez la merveille cosmique de Pink Alien, une vari\u00e9t\u00e9 de cannabis extraordinaire qui promet un voyage exceptionnel de relaxation et d\u2019euphorie. Avec son m\u00e9lange envo\u00fbtant de notes douces et florales et de subtiles notes terreuses, Pink Alien offre une exp\u00e9rience fluide et hors du commun.  <\/p>\n<p>Cet hybride \u00e0 dominante indica offre un \u00e9quilibre parfait entre relaxation corporelle profonde et \u00e9l\u00e9vation mentale b\u00e9ate, ce qui le rend id\u00e9al pour se d\u00e9tendre apr\u00e8s une longue journ\u00e9e ou am\u00e9liorer une soir\u00e9e tranquille.  <\/p>\n<p>Les bourgeons denses et givr\u00e9s de Pink Alien t\u00e9moignent de sa qualit\u00e9 sup\u00e9rieure. Saisissez ce d\u00e9lice intergalactique \u00e0 un prix fantastique &#8211; rehaussez votre exp\u00e9rience du cannabis avec Pink Alien d\u00e8s aujourd\u2019hui! <\/p>\n<p><strong>Prix extra sp\u00e9cial jusqu\u2019\u00e0 \u00e9puisement des stocks!<\/strong><\/p>\n<p>EN RUPTURE DE STOCK<\/p>\n","protected":false},"featured_media":17746,"comment_status":"open","ping_status":"closed","template":"","meta":{"_acf_changed":false},"product_brand":[],"product_cat":[249,244],"product_tag":[],"class_list":{"0":"post-17904","1":"product","2":"type-product","3":"status-publish","4":"has-post-thumbnail","6":"product_cat-hybride-pot","7":"product_cat-40-dollar-ounces-fr-ca","9":"first","10":"outofstock","11":"shipping-taxable","12":"purchasable","13":"product-type-simple"},"acf":[],"_links":{"self":[{"href":"https:\/\/420now.co\/fr-ca\/wp-json\/wp\/v2\/product\/17904","targetHints":{"allow":["GET"]}}],"collection":[{"href":"https:\/\/420now.co\/fr-ca\/wp-json\/wp\/v2\/product"}],"about":[{"href":"https:\/\/420now.co\/fr-ca\/wp-json\/wp\/v2\/types\/product"}],"replies":[{"embeddable":true,"href":"https:\/\/420now.co\/fr-ca\/wp-json\/wp\/v2\/comments?post=17904"}],"wp:featuredmedia":[{"embeddable":true,"href":"https:\/\/420now.co\/fr-ca\/wp-json\/wp\/v2\/media\/17746"}],"wp:attachment":[{"href":"https:\/\/420now.co\/fr-ca\/wp-json\/wp\/v2\/media?parent=17904"}],"wp:term":[{"taxonomy":"product_brand","embeddable":true,"href":"https:\/\/420now.co\/fr-ca\/wp-json\/wp\/v2\/product_brand?post=17904"},{"taxonomy":"product_cat","embeddable":true,"href":"https:\/\/420now.co\/fr-ca\/wp-json\/wp\/v2\/product_cat?post=17904"},{"taxonomy":"product_tag","embeddable":true,"href":"https:\/\/420now.co\/fr-ca\/wp-json\/wp\/v2\/product_tag?post=17904"}],"curies":[{"name":"wp","href":"https:\/\/api.w.org\/{rel}","templated":true}]}}