{"id":17905,"date":"2024-06-27T23:35:14","date_gmt":"2024-06-28T03:35:14","guid":{"rendered":"https:\/\/420now.co\/product\/headband-1-ounce\/"},"modified":"2026-03-11T20:09:09","modified_gmt":"2026-03-12T00:09:09","slug":"headband-1-ounce","status":"publish","type":"product","link":"https:\/\/420now.co\/fr-ca\/product\/headband-1-ounce\/","title":{"rendered":"Headband &#8211; 1 Ounce"},"content":{"rendered":"<p>1 once.<\/p>\n<p>Hybride.<\/p>\n<p>Vivez l\u2019extraordinaire avec Headband, une vari\u00e9t\u00e9 de cannabis de premier plan reconnue pour ses effets puissants et son ar\u00f4me distinctif et vivifiant. Fusion parfaite de l\u2019OG Kush et du Sour Diesel, Headband offre une fum\u00e9e douce et cr\u00e9meuse avec de subtiles notes de citron et de diesel. Cette vari\u00e9t\u00e9 hybride est c\u00e9l\u00e9br\u00e9e pour son high c\u00e9r\u00e9bral, exer\u00e7ant une pression douce autour de la t\u00eate, un peu comme porter un bandeau r\u00e9confortant. Id\u00e9al pour stimuler la cr\u00e9ativit\u00e9 et soulager le stress, le bandeau offre une euphorie durable et une relaxation profonde. Profitez de cette vari\u00e9t\u00e9 exceptionnelle \u00e0 un prix fantastique et am\u00e9liorez votre parcours avec le bandeau \u2013 votre esprit vous en sera reconnaissant!   <\/p>\n<p><strong>Prix sp\u00e9cial Tant que les stocks sont \u00e9puis\u00e9s!<\/strong>  Commandez d\u00e8s aujourd\u2019hui avant que cette offre ne disparaisse.<\/p>\n<p>Headband offre plusieurs avantages potentiels pour la sant\u00e9, gr\u00e2ce \u00e0 sa combinaison unique de cannabino\u00efdes et de terp\u00e8nes. Voici quelques-uns des principaux avantages pour la sant\u00e9 et un bref aper\u00e7u de son profil terp\u00e9nique : <\/p>\n<h2>Avantages pour la sant\u00e9 de la Strain de Headband :<\/h2>\n<p><strong>Soulagement de la douleur :<\/strong> Headband est r\u00e9put\u00e9 pour ses puissantes propri\u00e9t\u00e9s analg\u00e9siques, ce qui le rend efficace dans la gestion de la douleur chronique, des migraines et des tensions musculaires.<br \/>\n<strong>R\u00e9duction du stress et de l\u2019anxi\u00e9t\u00e9 :<\/strong> Les effets calmants de la vari\u00e9t\u00e9 aident \u00e0 r\u00e9duire le stress et l\u2019anxi\u00e9t\u00e9, procurant un sentiment de paix et de clart\u00e9 mentale.<br \/>\n<strong>Am\u00e9lioration de l\u2019humeur :<\/strong> Les effets euphoriques et stimulants du Headband peuvent aider \u00e0 combattre les sympt\u00f4mes de la d\u00e9pression et \u00e0 am\u00e9liorer l\u2019humeur g\u00e9n\u00e9rale.<br \/>\n<strong>Cr\u00e9ativit\u00e9 et concentration :<\/strong> Connu pour son effet c\u00e9r\u00e9bral, Headband peut am\u00e9liorer la cr\u00e9ativit\u00e9 et la concentration, ce qui en fait un favori des artistes et des personnes engag\u00e9es dans des activit\u00e9s cr\u00e9atives.<br \/>\n<strong>Anti-inflammatoire :<\/strong> Les propri\u00e9t\u00e9s anti-inflammatoires de la souche peuvent aider \u00e0 soulager des maladies comme l\u2019arthrite et d\u2019autres probl\u00e8mes li\u00e9s \u00e0 l\u2019inflammation.<\/p>\n<p><em>REMARQUE : Les informations sur ce site sont fournies \u00e0 des fins \u00e9ducatives seulement et ne remplacent pas un avis m\u00e9dical professionnel.  <\/em><\/p>\n<h2>Profil terp\u00e8ne<\/h2>\n<p>       <strong>Myrc\u00e8ne :<\/strong> C\u2019est le terp\u00e8ne dominant de Headband, contribuant \u00e0 son ar\u00f4me terreux et musqu\u00e9. Le myrc\u00e8ne est connu pour ses effets s\u00e9datifs et ses propri\u00e9t\u00e9s relaxantes musculaires, aidant au soulagement de la douleur et \u00e0 la relaxation.<br \/>\n    <strong>Caryophyll\u00e8ne :<\/strong> Avec un parfum \u00e9pic\u00e9 et poivr\u00e9, le caryophyll\u00e8ne a des propri\u00e9t\u00e9s anti-inflammatoires et analg\u00e9siques. Il interagit \u00e9galement avec le syst\u00e8me endocannabino\u00efde du corps, renfor\u00e7ant les effets analg\u00e9siques de la souche.<br \/>\n    <strong>Limon\u00e8ne :<\/strong> Ce terp\u00e8ne conf\u00e8re un ar\u00f4me d\u2019agrumes semblable \u00e0 celui du citron et est connu pour ses effets stimulants de l\u2019humeur et anxiolytiques. Le limon\u00e8ne a \u00e9galement des propri\u00e9t\u00e9s antifongiques et antibact\u00e9riennes potentielles.<br \/>\n    <strong>Pin\u00e8ne :<\/strong> Connu pour son parfum de pin frais, le pin\u00e8ne a des effets anti-inflammatoires, bronchodilatateurs et stimulants de la m\u00e9moire. Il aide \u00e0 contrecarrer certains des effets cognitifs associ\u00e9s au THC.<br \/>\n    <strong>Linalol :<\/strong> Ce terp\u00e8ne ajoute un ar\u00f4me floral de lavande et est reconnu pour ses effets calmants et anxiolytiques, contribuant davantage aux propri\u00e9t\u00e9s relaxantes globales de la vari\u00e9t\u00e9.    <\/p>\n<p>Le m\u00e9lange unique de terp\u00e8nes de Headband am\u00e9liore non seulement sa saveur et son ar\u00f4me, mais joue \u00e9galement un r\u00f4le crucial dans ses effets th\u00e9rapeutiques. Que vous cherchiez \u00e0 soulager vos maux physiques, \u00e0 r\u00e9duire le stress ou \u00e0 stimuler votre cr\u00e9ativit\u00e9, Headband offre une exp\u00e9rience de cannabis compl\u00e8te et agr\u00e9able. Ne manquez pas cette vari\u00e9t\u00e9 exceptionnelle \u00e0 un prix fantastique &#8211; am\u00e9liorez votre bien-\u00eatre avec Headband d\u00e8s aujourd\u2019hui!  <\/p>\n<h2>Headband Cannabis &#8211; Livraison gratuite en deux heures dans la r\u00e9gion du Grand Toronto<\/h2>\n<p>Si vous \u00eates dans la r\u00e9gion du Grand Toronto (GTA), vous pouvez obtenir du pot de bandeau en moins de 2 heures* \u00e0 votre porte! Commandez avant 20 h et l\u2019un de nos chauffeurs vous livrera le jour m\u00eame, 2 heures gratuitement, lorsque vous commandez un minimum de 100,00 $ de l\u2019un des produits sur notre site Web.<\/p>\n<p>*Livraison en deux heures \u00e0 Toronto (Scarborough, North York, Etobicoke, DownTown, York \u2013 toutes les r\u00e9gions \u00e0 l\u2019int\u00e9rieur des fronti\u00e8res de la ville de Toronto), Richmond Hill, King, Aurora, Newmarket, Woodbridge, Vaughan et Markham.<\/p>\n<p>Nous exp\u00e9dions \u00e9galement partout au Canada et dans des r\u00e9gions \u00e9loign\u00e9es en dehors de notre zone de livraison gratuite habituelle.<\/p>\n","protected":false},"excerpt":{"rendered":"<p>1 once.<\/p>\n<p>Hybride.<\/p>\n<p>Vivez l\u2019extraordinaire avec Headband, une vari\u00e9t\u00e9 de cannabis de premier plan r\u00e9put\u00e9e pour ses effets puissants et son ar\u00f4me distinctif et revigorant.  <\/p>\n<p>Fusion parfaite de l\u2019OG Kush et du Sour Diesel, Headband offre une fum\u00e9e douce et cr\u00e9meuse avec de subtiles notes de citron et de diesel. Cette vari\u00e9t\u00e9 hybride est c\u00e9l\u00e9br\u00e9e pour son high c\u00e9r\u00e9bral, exer\u00e7ant une pression douce autour de la t\u00eate, un peu comme porter un bandeau r\u00e9confortant.  <\/p>\n<p>Id\u00e9al pour stimuler la cr\u00e9ativit\u00e9 et soulager le stress, Headband offre une euphorie durable et une relaxation profonde. Saisissez cette vari\u00e9t\u00e9 exceptionnelle \u00e0 un prix fantastique et am\u00e9liorez votre parcours cannabique avec Headband &#8211; votre esprit vous remerciera! <\/p>\n<p><strong>Prix extra sp\u00e9cial jusqu\u2019\u00e0 \u00e9puisement des stocks!<\/strong><\/p>\n<p>EN RUPTURE DE STOCK<\/p>\n","protected":false},"featured_media":17744,"comment_status":"open","ping_status":"closed","template":"","meta":{"_acf_changed":false},"product_brand":[],"product_cat":[249,244],"product_tag":[],"class_list":{"0":"post-17905","1":"product","2":"type-product","3":"status-publish","4":"has-post-thumbnail","6":"product_cat-hybride-pot","7":"product_cat-40-dollar-ounces-fr-ca","9":"first","10":"outofstock","11":"shipping-taxable","12":"purchasable","13":"product-type-simple"},"acf":[],"_links":{"self":[{"href":"https:\/\/420now.co\/fr-ca\/wp-json\/wp\/v2\/product\/17905","targetHints":{"allow":["GET"]}}],"collection":[{"href":"https:\/\/420now.co\/fr-ca\/wp-json\/wp\/v2\/product"}],"about":[{"href":"https:\/\/420now.co\/fr-ca\/wp-json\/wp\/v2\/types\/product"}],"replies":[{"embeddable":true,"href":"https:\/\/420now.co\/fr-ca\/wp-json\/wp\/v2\/comments?post=17905"}],"wp:featuredmedia":[{"embeddable":true,"href":"https:\/\/420now.co\/fr-ca\/wp-json\/wp\/v2\/media\/17744"}],"wp:attachment":[{"href":"https:\/\/420now.co\/fr-ca\/wp-json\/wp\/v2\/media?parent=17905"}],"wp:term":[{"taxonomy":"product_brand","embeddable":true,"href":"https:\/\/420now.co\/fr-ca\/wp-json\/wp\/v2\/product_brand?post=17905"},{"taxonomy":"product_cat","embeddable":true,"href":"https:\/\/420now.co\/fr-ca\/wp-json\/wp\/v2\/product_cat?post=17905"},{"taxonomy":"product_tag","embeddable":true,"href":"https:\/\/420now.co\/fr-ca\/wp-json\/wp\/v2\/product_tag?post=17905"}],"curies":[{"name":"wp","href":"https:\/\/api.w.org\/{rel}","templated":true}]}}