{"id":17917,"date":"2023-08-17T17:09:21","date_gmt":"2023-08-17T21:09:21","guid":{"rendered":"https:\/\/420now.co\/product\/black-truffle-aaaa\/"},"modified":"2026-03-19T09:31:39","modified_gmt":"2026-03-19T13:31:39","slug":"black-truffle-aaaa","status":"publish","type":"product","link":"https:\/\/420now.co\/fr-ca\/product\/black-truffle-aaaa\/","title":{"rendered":"Black Truffle AAAA+"},"content":{"rendered":"<h2>Black Truffle Descriptif<\/h2>\n<p>Excit\u00e9, bavard et \u00e9nergique sont souvent les adjectifs utilis\u00e9s par les connaisseurs de cannabis lorsqu\u2019ils fument Black Truffle. C\u2019est souvent un favori des couples romantiques ou de ceux qui cherchent \u00e0 augmenter les sentiments de sensualit\u00e9 et les pulsions sexuelles. <\/p>\n<p>Mais c\u2019est aussi une bonne tension sociale ou, lorsque vous souhaitez qu\u2019une grosse dose de cr\u00e9ativit\u00e9 se d\u00e9verse dans votre esprit. Une autre caract\u00e9ristique notable de la Black Truffle est \u00e0 quel point la plupart des gens la trouvent savoureuse! Des notes de fruits, de lavande, de th\u00e9 et m\u00eame de caf\u00e9 selon la personne \u00e0 qui vous demandez.  <\/p>\n<h2>Effets de la Strain Black Truffle<\/h2>\n<p>Les fumeurs de Black Truffle se sentent g\u00e9n\u00e9ralement heureux, bavards et, comme mentionn\u00e9, cela peut augmenter les pulsions sexuelles et sensuelles chez certaines personnes. Les d\u00e9butants voudront peut-\u00eatre y aller lentement au d\u00e9but avec cette vari\u00e9t\u00e9. Souvent consid\u00e9r\u00e9 comme un \u00ab creeper \u00bb car vous vous sentez bien, puis des effets plus d\u00e9tendu frappent l\u2019esprit et le corps, avec une bonne nuit de sommeil profond qui le d\u00e9passe.  <\/p>\n<p>Les d\u00e9butants doivent savoir qu\u2019il peut avoir d\u2019autres effets tels que la s\u00e9cheresse oculaire, la bouche s\u00e8che et peut-\u00eatre la parano\u00efa &#8211; comme pour toutes les vari\u00e9t\u00e9s, essayez petit \u00e0 petit pour voir comment vous r\u00e9agissez.<\/p>\n<p>Le terp\u00e8ne dominant dans cette souche est le caryophyll\u00e8ne, qui semble avoir des bienfaits anti-inflammatoires et, selon <a href=\"https:\/\/www.sciencedirect.com\/topics\/medicine-and-dentistry\/caryophyllene\" target=\"_blank\" rel=\"noopener\">Science Direct<\/a>, pourrait aussi \u00eatre utile pour l\u2019arthrose, l\u2019anxi\u00e9t\u00e9, la d\u00e9pression, le diab\u00e8te et la fibrose h\u00e9patique.<\/p>\n<p>Un peu d\u2019hydratation peut \u00eatre souhaitable &#8211; ayez des verres d\u2019eau ou d\u2019autres boissons pr\u00e9f\u00e9r\u00e9es \u00e0 port\u00e9e de main. Vous pouvez \u00e9galement avoir un cas de fringales, donc les collations pr\u00e9par\u00e9es sont \u00e9galement une bonne id\u00e9e. <\/p>\n<h2>Black Truffle Avantages<\/h2>\n<p>Dans les cercles du cannabis m\u00e9dical, cette vari\u00e9t\u00e9 est utilis\u00e9e pour traiter les sympt\u00f4mes de diverses conditions, notamment :<\/p>\n<ul>\n<li>Perte d\u2019app\u00e9tit<\/li>\n<li>Insomnie<\/li>\n<li>Anxi\u00e9t\u00e9<\/li>\n<li>Stress<\/li>\n<li>D\u00e9pression<\/li>\n<li>Douleur chronique<\/li>\n<li>Trouble bipolaire<\/li>\n<\/ul>\n<p><em><br \/>\nREMARQUE : Les informations sur ce site sont fournies \u00e0 des fins \u00e9ducatives seulement et ne remplacent pas un avis m\u00e9dical professionnel.  <\/em><\/p>\n<h2>Black Truffle Livraison de cannabis \u2013 Livraison gratuite en 2 heures GTA<\/h2>\n<p>Si vous \u00eates dans la r\u00e9gion du Grand Toronto (RGT), vous pouvez vous procurer de l\u2019herbe MAC en 2 heures* \u00e0 votre porte! Commandez avant 20 h et l\u2019un de nos chauffeurs vous livrera le jour m\u00eame, 2 heures gratuitement, lorsque vous commandez un minimum de 100,00 $ de l\u2019un des produits sur notre site Web. <\/p>\n<p>*Livraison en deux heures \u00e0 Toronto (Scarborough, North York, Etobicoke, DownTown, York &#8211; toutes les r\u00e9gions \u00e0 l\u2019int\u00e9rieur des fronti\u00e8res de la ville de Toronto), Richmond Hill, King, Aurora, Newmarket, Woodbridge, Vaughan et Markham.<\/p>\n<h2>Pink Tyson \u00c0 l\u2019ext\u00e9rieur de la r\u00e9gion du Grand Toronto<\/h2>\n<p>Si vous n\u2019habitez pas dans notre zone de livraison gratuite, nous pouvons \u00e9galement vous exp\u00e9dier MAC, partout au Canada. Les commandes de moins de 200,00 $ sont assujetties \u00e0 un tarif fixe de 20,00 $ pour les frais d\u2019exp\u00e9dition et d\u2019affranchissement. Plus de 200,00 $ vous donnera droit \u00e0 la livraison gratuite sur MAC ou l\u2019un de nos autres produits, partout au Canada.  <\/p>\n","protected":false},"excerpt":{"rendered":"<p>Excit\u00e9, bavard et \u00e9nergique sont souvent les adjectifs utilis\u00e9s par les connaisseurs de cannabis lorsqu\u2019ils fument Black Truffle. C\u2019est souvent un favori des couples romantiques ou de ceux qui cherchent \u00e0 augmenter les sentiments de sensualit\u00e9 et les pulsions sexuelles. <\/p>\n<p>Mais c\u2019est aussi une bonne tension sociale ou, lorsque vous souhaitez qu\u2019une grosse dose de cr\u00e9ativit\u00e9 se d\u00e9verse dans votre esprit. Une autre caract\u00e9ristique notable de la Black Truffle est \u00e0 quel point la plupart des gens la trouvent savoureuse! Des notes de fruits, de lavande, de th\u00e9 et m\u00eame de caf\u00e9 selon la personne \u00e0 qui vous demandez.  <\/p>\n","protected":false},"featured_media":17639,"comment_status":"closed","ping_status":"closed","template":"","meta":{"_acf_changed":false},"product_brand":[],"product_cat":[250],"product_tag":[],"class_list":{"0":"post-17917","1":"product","2":"type-product","3":"status-publish","4":"has-post-thumbnail","6":"product_cat-pot-indica","7":"pa_weight-1-oz-fr-ca","8":"pa_weight-1-2-oz-fr-ca","9":"pa_weight-1-4-oz-fr-ca-2","11":"first","12":"instock","13":"shipping-taxable","14":"purchasable","15":"product-type-variable"},"acf":[],"_links":{"self":[{"href":"https:\/\/420now.co\/fr-ca\/wp-json\/wp\/v2\/product\/17917","targetHints":{"allow":["GET"]}}],"collection":[{"href":"https:\/\/420now.co\/fr-ca\/wp-json\/wp\/v2\/product"}],"about":[{"href":"https:\/\/420now.co\/fr-ca\/wp-json\/wp\/v2\/types\/product"}],"replies":[{"embeddable":true,"href":"https:\/\/420now.co\/fr-ca\/wp-json\/wp\/v2\/comments?post=17917"}],"wp:featuredmedia":[{"embeddable":true,"href":"https:\/\/420now.co\/fr-ca\/wp-json\/wp\/v2\/media\/17639"}],"wp:attachment":[{"href":"https:\/\/420now.co\/fr-ca\/wp-json\/wp\/v2\/media?parent=17917"}],"wp:term":[{"taxonomy":"product_brand","embeddable":true,"href":"https:\/\/420now.co\/fr-ca\/wp-json\/wp\/v2\/product_brand?post=17917"},{"taxonomy":"product_cat","embeddable":true,"href":"https:\/\/420now.co\/fr-ca\/wp-json\/wp\/v2\/product_cat?post=17917"},{"taxonomy":"product_tag","embeddable":true,"href":"https:\/\/420now.co\/fr-ca\/wp-json\/wp\/v2\/product_tag?post=17917"}],"curies":[{"name":"wp","href":"https:\/\/api.w.org\/{rel}","templated":true}]}}