{"id":17918,"date":"2023-08-17T20:10:39","date_gmt":"2023-08-18T00:10:39","guid":{"rendered":"https:\/\/420now.co\/product\/pink-bubba-aaaa\/"},"modified":"2026-03-11T20:35:21","modified_gmt":"2026-03-12T00:35:21","slug":"pink-bubba-aaaa","status":"publish","type":"product","link":"https:\/\/420now.co\/fr-ca\/product\/pink-bubba-aaaa\/","title":{"rendered":"Pink Bubba AAAA+"},"content":{"rendered":"<h2>Pink Bubba Descriptif<\/h2>\n<p>Pink Bubba est l\u2019une de ces vari\u00e9t\u00e9s auxquelles vous penserez beaucoup, avec sa capacit\u00e9 \u00e0 vous plonger dans un bourdonnement mental qui s\u2019intensifie graduellement. Puis \u00e7a frappe ton corps \u2013 fondant dans la b\u00e9atitude alors que ton esprit ressent l\u2019euphorie. Prenez un peu de Pink Bubba, allumez une lumi\u00e8re, et sentez le stress fondre alors que vous adoptez une psych\u00e9 totalement d\u00e9tendue, c\u2019est parfait pour la soir\u00e9e et quand vous voulez juste relaxer.  <\/p>\n<p>Vous pourriez ressentir de jolis picotements lorsque votre esprit va sur la lune. Quoi qu\u2019il en soit, vous allez vous d\u00e9tendre avec Pink Bubba. <\/p>\n<h2>Effets de la Strain Pink Bubba<\/h2>\n<p>Les fumeurs de Pink Bubba rapportent g\u00e9n\u00e9ralement des sentiments de relaxation euphorique, de picotement et de somnolence. Pour cette raison, il est souvent utilis\u00e9 par ceux qui luttent contre l\u2019insomnie et ont de la difficult\u00e9 \u00e0 dormir. <\/p>\n<p>Son terp\u00e8ne dominant \u00e9tant le <em>limon\u00e8ne<\/em>, vous pourriez d\u00e9tecter un parfum d\u2019agrumes. Il est \u00e0 noter que ce terp\u00e8ne est \u00e9galement connu pour soulager l\u2019anxi\u00e9t\u00e9 et le stress.<br \/>\nLes d\u00e9butants doivent savoir qu\u2019il peut avoir d\u2019autres effets tels que la s\u00e9cheresse oculaire, les \u00e9tourdissements et l\u2019anxi\u00e9t\u00e9 &#8211; comme pour toutes les vari\u00e9t\u00e9s, essayez petit \u00e0 petit pour voir comment vous r\u00e9agissez. <\/p>\n<p>Un peu d\u2019hydratation peut \u00eatre souhaitable &#8211; ayez des verres d\u2019eau ou d\u2019autres boissons pr\u00e9f\u00e9r\u00e9es \u00e0 port\u00e9e de main. Vous pouvez \u00e9galement avoir un cas de fringales, donc les collations pr\u00e9par\u00e9es sont \u00e9galement une bonne id\u00e9e.  Pink Bubba peut provoquer des fringales.<\/p>\n<p>Les d\u00e9butants peuvent vouloir y aller doucement au d\u00e9but \u2013 certains ont rapport\u00e9 des effets secondaires comme des maux de t\u00eate, des \u00e9tourdissements et des yeux secs.<\/p>\n<h2>Pink Bubba Avantages<\/h2>\n<p>Dans les cercles du cannabis m\u00e9dical, cette vari\u00e9t\u00e9 est utilis\u00e9e pour traiter les sympt\u00f4mes de diverses conditions, notamment :<\/p>\n<ul>\n<li>Perte d\u2019app\u00e9tit<\/li>\n<li>Insomnie<\/li>\n<li>Anxi\u00e9t\u00e9<\/li>\n<li>Stress<\/li>\n<li>D\u00e9pression<\/li>\n<li>Douleur chronique<\/li>\n<\/ul>\n<p><em><br \/>\nREMARQUE : Les informations sur ce site sont fournies \u00e0 des fins \u00e9ducatives seulement et ne remplacent pas un avis m\u00e9dical professionnel.<\/em> <\/p>\n<h2>Pink Bubba Livraison de cannabis \u2013 Livraison gratuite en 2 heures GTA<\/h2>\n<p>Si vous \u00eates dans la r\u00e9gion du Grand Toronto (RGT), vous pouvez vous procurer de l\u2019herbe MAC en 2 heures* \u00e0 votre porte! Commandez avant 20 h et l\u2019un de nos chauffeurs vous livrera le jour m\u00eame, 2 heures gratuitement, lorsque vous commandez un minimum de 100,00 $ de l\u2019un des produits sur notre site Web. <\/p>\n<p>*Livraison en deux heures \u00e0 Toronto (Scarborough, North York, Etobicoke, DownTown, York &#8211; toutes les r\u00e9gions \u00e0 l\u2019int\u00e9rieur des fronti\u00e8res de la ville de Toronto), Richmond Hill, King, Aurora, Newmarket, Woodbridge, Vaughan et Markham.<\/p>\n<h2>Pink Bubba \u00c0 l\u2019ext\u00e9rieur de la r\u00e9gion du Grand Toronto<\/h2>\n<p>Si vous n\u2019habitez pas dans notre zone de livraison gratuite, nous pouvons \u00e9galement vous exp\u00e9dier MAC, partout au Canada. Les commandes de moins de 200,00 $ sont assujetties \u00e0 un tarif fixe de 20,00 $ pour les frais d\u2019exp\u00e9dition et d\u2019affranchissement. Plus de 200,00 $ vous donnera droit \u00e0 la livraison gratuite sur MAC ou l\u2019un de nos autres produits, partout au Canada.  <\/p>\n","protected":false},"excerpt":{"rendered":"<p>Pink Bubba est l\u2019une de ces vari\u00e9t\u00e9s auxquelles vous penserez beaucoup, avec sa capacit\u00e9 \u00e0 vous plonger dans un bourdonnement mental qui s\u2019intensifie graduellement. Puis \u00e7a frappe ton corps \u2013 fondant dans la b\u00e9atitude alors que ton esprit ressent l\u2019euphorie. Prenez un peu de Pink Bubba, allumez une lumi\u00e8re, et sentez le stress fondre alors que vous adoptez une psych\u00e9 totalement d\u00e9tendue, c\u2019est parfait pour la soir\u00e9e et quand vous voulez juste relaxer.  <\/p>\n<p>Vous pourriez ressentir de jolis picotements lorsque votre esprit va sur la lune. Quoi qu\u2019il en soit, vous allez vous d\u00e9tendre avec Pink Bubba.  Certains l\u2019appr\u00e9cient comme une vari\u00e9t\u00e9 m\u00e9ditative.<\/p>\n","protected":false},"featured_media":17641,"comment_status":"closed","ping_status":"closed","template":"","meta":{"_acf_changed":false},"product_brand":[],"product_cat":[250],"product_tag":[],"class_list":{"0":"post-17918","1":"product","2":"type-product","3":"status-publish","4":"has-post-thumbnail","6":"product_cat-pot-indica","7":"pa_weight-1-oz-fr-ca","8":"pa_weight-1-2-oz-fr-ca","9":"pa_weight-1-4-oz-fr-ca-2","11":"first","12":"instock","13":"shipping-taxable","14":"purchasable","15":"product-type-variable"},"acf":[],"_links":{"self":[{"href":"https:\/\/420now.co\/fr-ca\/wp-json\/wp\/v2\/product\/17918","targetHints":{"allow":["GET"]}}],"collection":[{"href":"https:\/\/420now.co\/fr-ca\/wp-json\/wp\/v2\/product"}],"about":[{"href":"https:\/\/420now.co\/fr-ca\/wp-json\/wp\/v2\/types\/product"}],"replies":[{"embeddable":true,"href":"https:\/\/420now.co\/fr-ca\/wp-json\/wp\/v2\/comments?post=17918"}],"wp:featuredmedia":[{"embeddable":true,"href":"https:\/\/420now.co\/fr-ca\/wp-json\/wp\/v2\/media\/17641"}],"wp:attachment":[{"href":"https:\/\/420now.co\/fr-ca\/wp-json\/wp\/v2\/media?parent=17918"}],"wp:term":[{"taxonomy":"product_brand","embeddable":true,"href":"https:\/\/420now.co\/fr-ca\/wp-json\/wp\/v2\/product_brand?post=17918"},{"taxonomy":"product_cat","embeddable":true,"href":"https:\/\/420now.co\/fr-ca\/wp-json\/wp\/v2\/product_cat?post=17918"},{"taxonomy":"product_tag","embeddable":true,"href":"https:\/\/420now.co\/fr-ca\/wp-json\/wp\/v2\/product_tag?post=17918"}],"curies":[{"name":"wp","href":"https:\/\/api.w.org\/{rel}","templated":true}]}}