{"id":17919,"date":"2023-08-17T12:44:40","date_gmt":"2023-08-17T16:44:40","guid":{"rendered":"https:\/\/420now.co\/product\/pink-tyson-aaaa\/"},"modified":"2026-03-10T20:42:34","modified_gmt":"2026-03-11T00:42:34","slug":"pink-tyson-aaaa","status":"publish","type":"product","link":"https:\/\/420now.co\/fr-ca\/product\/pink-tyson-aaaa\/","title":{"rendered":"Pink Tyson AAAA+"},"content":{"rendered":"<h2>Pink Tyson Descriptif<\/h2>\n<p>Vous cherchez une vari\u00e9t\u00e9 indica susceptible de vous assommer tout de suite?<\/p>\n<p>Pink Tyson offre un fort parfum de diesel et serait un croisement entre un OG inconnu avec Pink Kush et Tyson OG. C\u2019est une vari\u00e9t\u00e9 que nos amateurs d\u2019Indica choisissent souvent en raison de sa capacit\u00e9 \u00e0 vous frapper de fa\u00e7on intense et puissante.  Dense et de taille moyenne, cette vari\u00e9t\u00e9 collante et enrob\u00e9e de r\u00e9sine pourrait bien devenir l\u2019une de vos pr\u00e9f\u00e9r\u00e9es!<\/p>\n<h2>Effets de la Strain Pink Tyson<\/h2>\n<p>Vous vous sentirez plut\u00f4t satisfait de la physioth\u00e9rapie. Les personnes souffrant d\u2019insomnie adoreront la relaxation profonde et la capacit\u00e9 de vous mettre dans une zone de sommeil sans effort. Il peut avoir des effets s\u00e9datifs et est \u00e9galement utilis\u00e9 pour soulager la douleur.  <\/p>\n<p>Les d\u00e9butants doivent savoir qu\u2019il peut avoir d\u2019autres effets tels que la s\u00e9cheresse oculaire, la bouche s\u00e8che et les \u00e9tourdissements &#8211; comme pour toutes les vari\u00e9t\u00e9s, essayez petit \u00e0 petit pour voir comment vous r\u00e9agissez.<\/p>\n<p>Un peu d\u2019hydratation peut \u00eatre souhaitable \u2013 avoir des verres d\u2019eau ou d\u2019autres boissons pr\u00e9f\u00e9r\u00e9es \u00e0 port\u00e9e de main \u2013 comme beaucoup de vari\u00e9t\u00e9s de cannabis, Pink Tyson peut causer la bouche s\u00e8che. Vous pourriez aussi avoir une fringale, donc les collations pr\u00e9par\u00e9es sont aussi une bonne id\u00e9e. <\/p>\n<h2>Pink Tyson Avantages<\/h2>\n<p>Dans les cercles du cannabis m\u00e9dical, cette vari\u00e9t\u00e9 est utilis\u00e9e pour traiter les sympt\u00f4mes de diverses conditions, notamment :<\/p>\n<ul>\n<li>Perte d\u2019app\u00e9tit<\/li>\n<li>Insomnie<\/li>\n<li>Anxi\u00e9t\u00e9<\/li>\n<li>Stress<\/li>\n<li>D\u00e9pression<\/li>\n<li>Douleur chronique<\/li>\n<\/ul>\n<p><em>REMARQUE : Les informations sur ce site sont fournies \u00e0 des fins \u00e9ducatives seulement et ne remplacent pas un avis m\u00e9dical professionnel.<\/em><\/p>\n<h2>Pink Tyson Livraison de cannabis \u2013 Livraison gratuite en 2 heures GTA<\/h2>\n<p>Si vous \u00eates dans la grande r\u00e9gion de Toronto (GTA), vous pouvez recevoir une livraison de cannabis Pink Tyson en moins de 2 heures* \u00e0 votre porte! Commandez avant 20 h et l\u2019un de nos chauffeurs vous livrera le jour m\u00eame, 2 heures gratuitement, lorsque vous commandez un minimum de 100,00 $ de l\u2019un des produits sur notre site Web.<\/p>\n<p>*Livraison en deux heures \u00e0 Toronto (Scarborough, North York, Etobicoke, DownTown, York &#8211; toutes les r\u00e9gions \u00e0 l\u2019int\u00e9rieur des fronti\u00e8res de la ville de Toronto), Richmond Hill, King, Aurora, Newmarket, Woodbridge, Vaughan et Markham.<\/p>\n<h2>Pink Tyson \u00c0 l\u2019ext\u00e9rieur de la r\u00e9gion du Grand Toronto<\/h2>\n<p>Si vous n\u2019habitez pas dans notre zone de livraison gratuite, nous pouvons aussi vous exp\u00e9dier MAC \u00e0 travers le Canada \u2013 livraison gratuite avec des commandes de 100,00 $ ou plus.<\/p>\n","protected":false},"excerpt":{"rendered":"<p>Vous cherchez une vari\u00e9t\u00e9 indica susceptible de vous assommer tout de suite?<\/p>\n<p>Pink Tyson offre un fort parfum de diesel et serait un croisement entre un OG inconnu avec Pink Kush et Tyson OG. C\u2019est une vari\u00e9t\u00e9 que nos amateurs d\u2019Indica choisissent souvent en raison de sa capacit\u00e9 \u00e0 vous frapper de fa\u00e7on intense et puissante. <\/p>\n<p>Dense et de taille moyenne, cette vari\u00e9t\u00e9 collante et enrob\u00e9e de r\u00e9sine pourrait bien devenir l\u2019une de vos pr\u00e9f\u00e9r\u00e9es!<\/p>\n","protected":false},"featured_media":17638,"comment_status":"closed","ping_status":"closed","template":"","meta":{"_acf_changed":false},"product_brand":[],"product_cat":[250],"product_tag":[],"class_list":{"0":"post-17919","1":"product","2":"type-product","3":"status-publish","4":"has-post-thumbnail","6":"product_cat-pot-indica","7":"pa_weight-1-oz-fr-ca","8":"pa_weight-1-2-oz-fr-ca","9":"pa_weight-1-4-oz-fr-ca-2","11":"first","12":"instock","13":"shipping-taxable","14":"purchasable","15":"product-type-variable"},"acf":[],"_links":{"self":[{"href":"https:\/\/420now.co\/fr-ca\/wp-json\/wp\/v2\/product\/17919","targetHints":{"allow":["GET"]}}],"collection":[{"href":"https:\/\/420now.co\/fr-ca\/wp-json\/wp\/v2\/product"}],"about":[{"href":"https:\/\/420now.co\/fr-ca\/wp-json\/wp\/v2\/types\/product"}],"replies":[{"embeddable":true,"href":"https:\/\/420now.co\/fr-ca\/wp-json\/wp\/v2\/comments?post=17919"}],"wp:featuredmedia":[{"embeddable":true,"href":"https:\/\/420now.co\/fr-ca\/wp-json\/wp\/v2\/media\/17638"}],"wp:attachment":[{"href":"https:\/\/420now.co\/fr-ca\/wp-json\/wp\/v2\/media?parent=17919"}],"wp:term":[{"taxonomy":"product_brand","embeddable":true,"href":"https:\/\/420now.co\/fr-ca\/wp-json\/wp\/v2\/product_brand?post=17919"},{"taxonomy":"product_cat","embeddable":true,"href":"https:\/\/420now.co\/fr-ca\/wp-json\/wp\/v2\/product_cat?post=17919"},{"taxonomy":"product_tag","embeddable":true,"href":"https:\/\/420now.co\/fr-ca\/wp-json\/wp\/v2\/product_tag?post=17919"}],"curies":[{"name":"wp","href":"https:\/\/api.w.org\/{rel}","templated":true}]}}