{"id":17920,"date":"2023-08-17T17:59:00","date_gmt":"2023-08-17T21:59:00","guid":{"rendered":"https:\/\/420now.co\/product\/animal-face-aaaa\/"},"modified":"2026-03-11T20:36:34","modified_gmt":"2026-03-12T00:36:34","slug":"animal-face-aaaa-2","status":"publish","type":"product","link":"https:\/\/420now.co\/fr-ca\/product\/animal-face-aaaa-2\/","title":{"rendered":"Animal Face AAAA+"},"content":{"rendered":"<h2>Animal Face Descriptif<\/h2>\n<p>Si vous recherchez une exp\u00e9rience compl\u00e8te qui abrutit l\u2019esprit et le corps, Animal Face devrait figurer sur votre courte liste de vari\u00e9t\u00e9s \u00e0 exp\u00e9rimenter. M\u00eame de nombreux consommateurs exp\u00e9riment\u00e9s de cannabis ressentent les effets de cette puissante vari\u00e9t\u00e9 d\u00e8s la premi\u00e8re inhalation. De plus, la saveur profonde du menthol, de la menthe et du diesel est souvent not\u00e9e comme ajoutant au plaisir de cette vari\u00e9t\u00e9 de fleurs.  <\/p>\n<p>Alors que vous vous enfoncez dans un bonheur c\u00e9r\u00e9bral et corporel, vous pouvez rester concentr\u00e9 sur une t\u00e2che \u00e0 accomplir ou vous asseoir et profiter des sensations relaxantes et \u00e9difiantes qui peuvent \u00eatre ressenties rapidement.<\/p>\n<p>La vari\u00e9t\u00e9 a \u00e9t\u00e9 cr\u00e9\u00e9e \u00e0 l\u2019origine par Seed Junkie Genetics en croisant Face Off OG et Animal Mints. En 2022, il a remport\u00e9 la premi\u00e8re place aux Emerald Cup Awards. <\/p>\n<p>Le terp\u00e8ne dominant dans cette souche est <em>le myrc\u00e8ne<\/em> , connu pour avoir un effet s\u00e9datif tout en am\u00e9liorant le sommeil. C\u2019est aussi un terp\u00e8ne important pour ceux qui veulent de l\u2019aide pour r\u00e9duire et g\u00e9rer la douleur. <\/p>\n<h2>Effets de Strain Animal Face<\/h2>\n<p>Les fumeurs Animal Face rapportent g\u00e9n\u00e9ralement des sentiments de nature exalt\u00e9e et euphorique, ce qui comprend une relaxation et une meilleure concentration.<\/p>\n<p>Les d\u00e9butants doivent savoir qu\u2019il peut avoir d\u2019autres effets tels que la s\u00e9cheresse oculaire, les \u00e9tourdissements et l\u2019anxi\u00e9t\u00e9 &#8211; comme pour toutes les vari\u00e9t\u00e9s, essayez petit \u00e0 petit pour voir comment vous r\u00e9agissez.<\/p>\n<p>Un peu d\u2019hydratation peut \u00eatre souhaitable &#8211; ayez des verres d\u2019eau ou d\u2019autres boissons pr\u00e9f\u00e9r\u00e9es \u00e0 port\u00e9e de main. Vous pouvez \u00e9galement avoir un cas de fringales, donc les collations pr\u00e9par\u00e9es sont \u00e9galement une bonne id\u00e9e. <\/p>\n<h2>Animal Face Avantages<\/h2>\n<p>Dans les cercles du cannabis m\u00e9dical, cette vari\u00e9t\u00e9 est utilis\u00e9e pour traiter les sympt\u00f4mes de diverses conditions, notamment :<\/p>\n<ul>\n<li>Perte d\u2019app\u00e9tit<\/li>\n<li>Insomnie<\/li>\n<li>Anxi\u00e9t\u00e9<\/li>\n<li>Stress<\/li>\n<li>D\u00e9pression<\/li>\n<li>Douleur chronique<\/li>\n<\/ul>\n<p><em>REMARQUE : Les informations sur ce site sont fournies \u00e0 des fins \u00e9ducatives seulement et ne remplacent pas un avis m\u00e9dical professionnel.<\/em> <\/p>\n<h2>Animal Face Livraison de cannabis \u2013 Livraison gratuite en 2 heures GTA<\/h2>\n<p>Si vous \u00eates dans la r\u00e9gion du Grand Toronto (RGT), vous pouvez vous procurer de l\u2019herbe MAC en 2 heures* \u00e0 votre porte! Commandez avant 20 h et l\u2019un de nos chauffeurs vous livrera le jour m\u00eame, 2 heures gratuitement, lorsque vous commandez un minimum de 100,00 $ de l\u2019un des produits sur notre site Web. <\/p>\n<p>*Livraison en deux heures \u00e0 Toronto (Scarborough, North York, Etobicoke, DownTown, York &#8211; toutes les r\u00e9gions \u00e0 l\u2019int\u00e9rieur des fronti\u00e8res de la ville de Toronto), Richmond Hill, King, Aurora, Newmarket, Woodbridge, Vaughan et Markham.<\/p>\n<h2>Animal Face \u00c0 l\u2019ext\u00e9rieur de la r\u00e9gion du Grand Toronto<\/h2>\n<p>Si vous n\u2019habitez pas dans notre zone de livraison gratuite, nous pouvons \u00e9galement vous exp\u00e9dier MAC, partout au Canada. Les commandes de moins de 200,00 $ sont assujetties \u00e0 un tarif fixe de 20,00 $ pour les frais d\u2019exp\u00e9dition et d\u2019affranchissement. Plus de 200,00 $ vous donnera droit \u00e0 la livraison gratuite sur MAC ou l\u2019un de nos autres produits, partout au Canada.  <\/p>\n","protected":false},"excerpt":{"rendered":"<p>Si vous recherchez une exp\u00e9rience compl\u00e8te qui abrutit l\u2019esprit et le corps, Animal Face devrait figurer sur votre courte liste de vari\u00e9t\u00e9s \u00e0 exp\u00e9rimenter. M\u00eame de nombreux consommateurs exp\u00e9riment\u00e9s de cannabis ressentent les effets de cette puissante vari\u00e9t\u00e9 d\u00e8s la premi\u00e8re inhalation. De plus, la saveur profonde du menthol, de la menthe et du diesel est souvent not\u00e9e comme ajoutant au plaisir de cette vari\u00e9t\u00e9 de fleurs.  <\/p>\n<p>Alors que vous vous enfoncez dans un bonheur c\u00e9r\u00e9bral et corporel, vous pouvez rester concentr\u00e9 sur une t\u00e2che \u00e0 accomplir ou vous asseoir et profiter des sensations relaxantes et \u00e9difiantes qui peuvent \u00eatre ressenties rapidement.<\/p>\n<p>R\u00e9compens\u00e9 par la 1re place aux Emerald Cup Awards 2022.<\/p>\n","protected":false},"featured_media":17640,"comment_status":"closed","ping_status":"closed","template":"","meta":{"_acf_changed":false},"product_brand":[],"product_cat":[250],"product_tag":[],"class_list":{"0":"post-17920","1":"product","2":"type-product","3":"status-publish","4":"has-post-thumbnail","6":"product_cat-pot-indica","7":"pa_weight-1-oz-fr-ca","8":"pa_weight-1-2-oz-fr-ca","9":"pa_weight-1-4-oz-fr-ca-2","11":"first","12":"instock","13":"shipping-taxable","14":"purchasable","15":"product-type-variable"},"acf":[],"_links":{"self":[{"href":"https:\/\/420now.co\/fr-ca\/wp-json\/wp\/v2\/product\/17920","targetHints":{"allow":["GET"]}}],"collection":[{"href":"https:\/\/420now.co\/fr-ca\/wp-json\/wp\/v2\/product"}],"about":[{"href":"https:\/\/420now.co\/fr-ca\/wp-json\/wp\/v2\/types\/product"}],"replies":[{"embeddable":true,"href":"https:\/\/420now.co\/fr-ca\/wp-json\/wp\/v2\/comments?post=17920"}],"wp:featuredmedia":[{"embeddable":true,"href":"https:\/\/420now.co\/fr-ca\/wp-json\/wp\/v2\/media\/17640"}],"wp:attachment":[{"href":"https:\/\/420now.co\/fr-ca\/wp-json\/wp\/v2\/media?parent=17920"}],"wp:term":[{"taxonomy":"product_brand","embeddable":true,"href":"https:\/\/420now.co\/fr-ca\/wp-json\/wp\/v2\/product_brand?post=17920"},{"taxonomy":"product_cat","embeddable":true,"href":"https:\/\/420now.co\/fr-ca\/wp-json\/wp\/v2\/product_cat?post=17920"},{"taxonomy":"product_tag","embeddable":true,"href":"https:\/\/420now.co\/fr-ca\/wp-json\/wp\/v2\/product_tag?post=17920"}],"curies":[{"name":"wp","href":"https:\/\/api.w.org\/{rel}","templated":true}]}}