{"id":17939,"date":"2023-06-30T09:43:36","date_gmt":"2023-06-30T13:43:36","guid":{"rendered":"https:\/\/420now.co\/product\/pink-death-special-4oz\/"},"modified":"2026-03-11T20:56:34","modified_gmt":"2026-03-12T00:56:34","slug":"pink-death-special-4oz","status":"publish","type":"product","link":"https:\/\/420now.co\/fr-ca\/product\/pink-death-special-4oz\/","title":{"rendered":"Pink Death &#8211; Sp\u00e9cial 4OZ"},"content":{"rendered":"<p><a href=\"https:\/\/420now.co\/wp-content\/uploads\/2023\/06\/canada-flag-small.avif\"><img loading=\"lazy\" decoding=\"async\" src=\"https:\/\/420now.co\/wp-content\/uploads\/2023\/06\/canada-flag-small.avif\" alt=\"Drapeau canadien\" width=\"300\" height=\"150\" class=\"alignnone size-full wp-image-8675\" srcset=\"https:\/\/420now.co\/wp-content\/uploads\/2023\/06\/canada-flag-small.avif 300w, https:\/\/420now.co\/wp-content\/uploads\/2023\/06\/canada-flag-small-150x75.avif 150w, https:\/\/420now.co\/wp-content\/uploads\/2023\/06\/canada-flag-small-96x48.avif 96w, https:\/\/420now.co\/wp-content\/uploads\/2023\/06\/canada-flag-small-42x21.avif 42w, https:\/\/420now.co\/wp-content\/uploads\/2023\/06\/canada-flag-small-60x30.avif 60w\" sizes=\"auto, (max-width: 300px) 100vw, 300px\" \/><\/a><\/p>\n<p><strong>Passez un sacr\u00e9 tour avec un super sp\u00e9cial Pink Death de 420Now Weed Delivery! Ce sp\u00e9cial se termine le 28 juillet 2023 ou jusqu\u2019\u00e0 la fin des stocks \u2013 procurez-le tant que vous le pouvez!  <\/p>\n<p>En rupture de stock<br \/>\n<\/strong><\/p>\n","protected":false},"excerpt":{"rendered":"<p><a href=\"https:\/\/420now.co\/wp-content\/uploads\/2023\/06\/canada-flag-small.jpg\"><img loading=\"lazy\" decoding=\"async\" src=\"https:\/\/420now.co\/wp-content\/uploads\/2023\/06\/canada-flag-small.jpg\" alt=\"Drapeau canadien\" width=\"300\" height=\"150\" class=\"alignnone size-full wp-image-8675\"><\/a><\/p>\n<p><strong>Passez un sacr\u00e9 tour avec un super sp\u00e9cial Pink Death de 420Now Weed Delivery!<\/p>\n<p>EN RUPTURE DE STOCK POUR LE MOMENT  <\/strong><\/p>\n","protected":false},"featured_media":17569,"comment_status":"closed","ping_status":"closed","template":"","meta":{"_acf_changed":false},"product_brand":[],"product_cat":[242],"product_tag":[],"class_list":{"0":"post-17939","1":"product","2":"type-product","3":"status-publish","4":"has-post-thumbnail","6":"product_cat-pot","8":"first","9":"outofstock","10":"shipping-taxable","11":"purchasable","12":"product-type-simple"},"acf":[],"_links":{"self":[{"href":"https:\/\/420now.co\/fr-ca\/wp-json\/wp\/v2\/product\/17939","targetHints":{"allow":["GET"]}}],"collection":[{"href":"https:\/\/420now.co\/fr-ca\/wp-json\/wp\/v2\/product"}],"about":[{"href":"https:\/\/420now.co\/fr-ca\/wp-json\/wp\/v2\/types\/product"}],"replies":[{"embeddable":true,"href":"https:\/\/420now.co\/fr-ca\/wp-json\/wp\/v2\/comments?post=17939"}],"wp:featuredmedia":[{"embeddable":true,"href":"https:\/\/420now.co\/fr-ca\/wp-json\/wp\/v2\/media\/17569"}],"wp:attachment":[{"href":"https:\/\/420now.co\/fr-ca\/wp-json\/wp\/v2\/media?parent=17939"}],"wp:term":[{"taxonomy":"product_brand","embeddable":true,"href":"https:\/\/420now.co\/fr-ca\/wp-json\/wp\/v2\/product_brand?post=17939"},{"taxonomy":"product_cat","embeddable":true,"href":"https:\/\/420now.co\/fr-ca\/wp-json\/wp\/v2\/product_cat?post=17939"},{"taxonomy":"product_tag","embeddable":true,"href":"https:\/\/420now.co\/fr-ca\/wp-json\/wp\/v2\/product_tag?post=17939"}],"curies":[{"name":"wp","href":"https:\/\/api.w.org\/{rel}","templated":true}]}}