{"id":17940,"date":"2023-07-14T07:28:18","date_gmt":"2023-07-14T11:28:18","guid":{"rendered":"https:\/\/420now.co\/product\/khalifa-kush-special-4oz\/"},"modified":"2026-03-11T20:44:03","modified_gmt":"2026-03-12T00:44:03","slug":"khalifa-kush-special-4oz","status":"publish","type":"product","link":"https:\/\/420now.co\/fr-ca\/product\/khalifa-kush-special-4oz\/","title":{"rendered":"Khalifa Kush &#8211; Sp\u00e9cial 4OZ"},"content":{"rendered":"<p><strong>SOLDES CHAUDES D\u2019\u00c9T\u00c9! 4 oz pour seulement 100,00 $!! <\/strong><\/p>\n<p><a href=\"https:\/\/420now.co\/wp-content\/uploads\/2023\/06\/canada-flag-small.avif\"><img loading=\"lazy\" decoding=\"async\" src=\"https:\/\/420now.co\/wp-content\/uploads\/2023\/06\/canada-flag-small.avif\" alt=\"Drapeau canadien\" width=\"300\" height=\"150\" class=\"alignnone size-full wp-image-8675\" srcset=\"https:\/\/420now.co\/wp-content\/uploads\/2023\/06\/canada-flag-small.avif 300w, https:\/\/420now.co\/wp-content\/uploads\/2023\/06\/canada-flag-small-150x75.avif 150w, https:\/\/420now.co\/wp-content\/uploads\/2023\/06\/canada-flag-small-96x48.avif 96w, https:\/\/420now.co\/wp-content\/uploads\/2023\/06\/canada-flag-small-42x21.avif 42w, https:\/\/420now.co\/wp-content\/uploads\/2023\/06\/canada-flag-small-60x30.avif 60w\" sizes=\"auto, (max-width: 300px) 100vw, 300px\" \/><\/a><\/p>\n<p><strong>D\u00e9tendez-vous et d\u00e9foncez-vous pendant les chaudes journ\u00e9es d\u2019\u00e9t\u00e9 au Canada avec de Khalifa Kush! Procurez-vous cette vari\u00e9t\u00e9 hybride \u00e0 dominante indica super sp\u00e9ciale de 420Now Weed Delivery! Cette offre sp\u00e9ciale se termine le 16 juillet 2023 ou jusqu\u2019\u00e0 \u00e9puisement des stocks &#8211; obtenez-la pendant que vous le pouvez!    <\/strong><\/p>\n","protected":false},"excerpt":{"rendered":"<p><strong>SOLDES CHAUDES D\u2019\u00c9T\u00c9! 4 oz pour seulement 100,00 $!! <\/strong><\/p>\n<p><a href=\"https:\/\/420now.co\/wp-content\/uploads\/2023\/06\/canada-flag-small.jpg\"><img loading=\"lazy\" decoding=\"async\" src=\"https:\/\/420now.co\/wp-content\/uploads\/2023\/06\/canada-flag-small.jpg\" alt=\"Drapeau canadien\" width=\"300\" height=\"150\" class=\"alignnone size-full wp-image-8675\"><\/a><\/p>\n<p><strong>D\u00e9tendez-vous et d\u00e9fonzez-vous \u00e0 fond pendant les chaudes journ\u00e9es d\u2019\u00e9t\u00e9 canadiennes avec un peu de Khalifa Kush! Procurez-vous cette vari\u00e9t\u00e9 hybride dominant indica super sp\u00e9ciale de 420Now Weed Delivery!  Ce sp\u00e9cial se termine le 16 juillet 2023 ou jusqu\u2019\u00e0 ce que le stock soit \u00e9puis\u00e9 \u2013 procurez-vous tant que vous le pouvez!  <\/p>\n<p>EN RUPTURE DE STOCK<\/strong><\/p>\n","protected":false},"featured_media":17627,"comment_status":"closed","ping_status":"closed","template":"","meta":{"_acf_changed":false},"product_brand":[],"product_cat":[244],"product_tag":[],"class_list":{"0":"post-17940","1":"product","2":"type-product","3":"status-publish","4":"has-post-thumbnail","6":"product_cat-40-dollar-ounces-fr-ca","8":"first","9":"outofstock","10":"shipping-taxable","11":"purchasable","12":"product-type-simple"},"acf":[],"_links":{"self":[{"href":"https:\/\/420now.co\/fr-ca\/wp-json\/wp\/v2\/product\/17940","targetHints":{"allow":["GET"]}}],"collection":[{"href":"https:\/\/420now.co\/fr-ca\/wp-json\/wp\/v2\/product"}],"about":[{"href":"https:\/\/420now.co\/fr-ca\/wp-json\/wp\/v2\/types\/product"}],"replies":[{"embeddable":true,"href":"https:\/\/420now.co\/fr-ca\/wp-json\/wp\/v2\/comments?post=17940"}],"wp:featuredmedia":[{"embeddable":true,"href":"https:\/\/420now.co\/fr-ca\/wp-json\/wp\/v2\/media\/17627"}],"wp:attachment":[{"href":"https:\/\/420now.co\/fr-ca\/wp-json\/wp\/v2\/media?parent=17940"}],"wp:term":[{"taxonomy":"product_brand","embeddable":true,"href":"https:\/\/420now.co\/fr-ca\/wp-json\/wp\/v2\/product_brand?post=17940"},{"taxonomy":"product_cat","embeddable":true,"href":"https:\/\/420now.co\/fr-ca\/wp-json\/wp\/v2\/product_cat?post=17940"},{"taxonomy":"product_tag","embeddable":true,"href":"https:\/\/420now.co\/fr-ca\/wp-json\/wp\/v2\/product_tag?post=17940"}],"curies":[{"name":"wp","href":"https:\/\/api.w.org\/{rel}","templated":true}]}}