{"id":17941,"date":"2023-07-14T06:26:57","date_gmt":"2023-07-14T10:26:57","guid":{"rendered":"https:\/\/420now.co\/product\/orange-slushie-special-4-oz\/"},"modified":"2026-03-11T20:45:15","modified_gmt":"2026-03-12T00:45:15","slug":"orange-slushie-special-4-oz","status":"publish","type":"product","link":"https:\/\/420now.co\/fr-ca\/product\/orange-slushie-special-4-oz\/","title":{"rendered":"Orange Slushie &#8211; Sp\u00e9cial 4 OZ"},"content":{"rendered":"<p><strong>SOLDES CHAUDES D\u2019\u00c9T\u00c9! 4 oz pour seulement 100,00 $!! <\/strong><\/p>\n<p><a href=\"https:\/\/420now.co\/wp-content\/uploads\/2023\/06\/canada-flag-small.avif\"><img loading=\"lazy\" decoding=\"async\" src=\"https:\/\/420now.co\/wp-content\/uploads\/2023\/06\/canada-flag-small.avif\" alt=\"Drapeau canadien\" width=\"300\" height=\"150\" class=\"alignnone size-full wp-image-8675\" srcset=\"https:\/\/420now.co\/wp-content\/uploads\/2023\/06\/canada-flag-small.avif 300w, https:\/\/420now.co\/wp-content\/uploads\/2023\/06\/canada-flag-small-150x75.avif 150w, https:\/\/420now.co\/wp-content\/uploads\/2023\/06\/canada-flag-small-96x48.avif 96w, https:\/\/420now.co\/wp-content\/uploads\/2023\/06\/canada-flag-small-42x21.avif 42w, https:\/\/420now.co\/wp-content\/uploads\/2023\/06\/canada-flag-small-60x30.avif 60w\" sizes=\"auto, (max-width: 300px) 100vw, 300px\" \/><\/a><\/p>\n<p><strong>Profitez des chaudes journ\u00e9es d\u2019\u00e9t\u00e9 avec un peu de granit\u00e9 orange! Procurez-vous cette vari\u00e9t\u00e9 hybride super sp\u00e9ciale de 420Now Weed Delivery!  Ce sp\u00e9cial se termine le 16 juillet 2023 ou jusqu\u2019\u00e0 ce que le stock soit \u00e9puis\u00e9 \u2013 procurez-vous tant que vous le pouvez!  <\/strong><\/p>\n","protected":false},"excerpt":{"rendered":"<p><strong>SOLDES CHAUDES D\u2019\u00c9T\u00c9! 4 oz pour seulement 100,00 $!! <\/strong><\/p>\n<p><a href=\"https:\/\/420now.co\/wp-content\/uploads\/2023\/06\/canada-flag-small.jpg\"><img loading=\"lazy\" decoding=\"async\" src=\"https:\/\/420now.co\/wp-content\/uploads\/2023\/06\/canada-flag-small.jpg\" alt=\"Drapeau canadien\" width=\"300\" height=\"150\" class=\"alignnone size-full wp-image-8675\"><\/a><\/p>\n<p><strong>Profitez des chaudes journ\u00e9es estivales canadiennes avec un peu de granite orange! Procurez-vous cette vari\u00e9t\u00e9 hybride super sp\u00e9ciale de 420Now Weed Delivery!  Ce sp\u00e9cial se termine le 16 juillet 2023 ou jusqu\u2019\u00e0 ce que le stock soit \u00e9puis\u00e9 \u2013 procurez-vous tant que vous le pouvez!  <\/p>\n<p>EN RUPTURE DE STOCK<\/strong><\/p>\n","protected":false},"featured_media":17626,"comment_status":"closed","ping_status":"closed","template":"","meta":{"_acf_changed":false},"product_brand":[],"product_cat":[242,244],"product_tag":[],"class_list":{"0":"post-17941","1":"product","2":"type-product","3":"status-publish","4":"has-post-thumbnail","6":"product_cat-pot","7":"product_cat-40-dollar-ounces-fr-ca","9":"first","10":"outofstock","11":"shipping-taxable","12":"purchasable","13":"product-type-simple"},"acf":[],"_links":{"self":[{"href":"https:\/\/420now.co\/fr-ca\/wp-json\/wp\/v2\/product\/17941","targetHints":{"allow":["GET"]}}],"collection":[{"href":"https:\/\/420now.co\/fr-ca\/wp-json\/wp\/v2\/product"}],"about":[{"href":"https:\/\/420now.co\/fr-ca\/wp-json\/wp\/v2\/types\/product"}],"replies":[{"embeddable":true,"href":"https:\/\/420now.co\/fr-ca\/wp-json\/wp\/v2\/comments?post=17941"}],"wp:featuredmedia":[{"embeddable":true,"href":"https:\/\/420now.co\/fr-ca\/wp-json\/wp\/v2\/media\/17626"}],"wp:attachment":[{"href":"https:\/\/420now.co\/fr-ca\/wp-json\/wp\/v2\/media?parent=17941"}],"wp:term":[{"taxonomy":"product_brand","embeddable":true,"href":"https:\/\/420now.co\/fr-ca\/wp-json\/wp\/v2\/product_brand?post=17941"},{"taxonomy":"product_cat","embeddable":true,"href":"https:\/\/420now.co\/fr-ca\/wp-json\/wp\/v2\/product_cat?post=17941"},{"taxonomy":"product_tag","embeddable":true,"href":"https:\/\/420now.co\/fr-ca\/wp-json\/wp\/v2\/product_tag?post=17941"}],"curies":[{"name":"wp","href":"https:\/\/api.w.org\/{rel}","templated":true}]}}