{"id":17942,"date":"2023-08-17T12:22:14","date_gmt":"2023-08-17T16:22:14","guid":{"rendered":"https:\/\/420now.co\/product\/kush-mints\/"},"modified":"2026-03-11T20:42:29","modified_gmt":"2026-03-12T00:42:29","slug":"kush-mints","status":"publish","type":"product","link":"https:\/\/420now.co\/fr-ca\/product\/kush-mints\/","title":{"rendered":"Kush Mints"},"content":{"rendered":"<h2>Kush Mints Descriptif<\/h2>\n<p>Kush Mints est un v\u00e9ritable hybride &#8211; 50\/50 Sativa Indica et ne contient que des traces de CBD avec des niveaux de THC en moyenne d\u2019environ 22%.<\/p>\n<h2>Effets de la Strain Kush Mints<\/h2>\n<p>\u00ab <em>Heureux, heureux, heureux et tout va bien dans le monde!<\/em> \u00bb Vous pouvez vous attendre \u00e0 une pouss\u00e9e d\u2019euphorie lorsque vous fumez cette vari\u00e9t\u00e9, qui s\u2019installe en une profonde relaxation dans tout le corps. Ceux qui recherchent des \u00e9clats cr\u00e9atifs choisissent souvent Miracle Alien Cookies pour cet effet positif. <\/p>\n<p>Les d\u00e9butants doivent savoir qu\u2019il peut avoir d\u2019autres effets tels que la s\u00e9cheresse oculaire, la bouche s\u00e8che et les \u00e9tourdissements &#8211; comme pour toutes les vari\u00e9t\u00e9s, essayez petit \u00e0 petit pour voir comment vous r\u00e9agissez.<\/p>\n<p>Un peu d\u2019hydratation peut \u00eatre souhaitable &#8211; ayez des verres d\u2019eau ou d\u2019autres boissons pr\u00e9f\u00e9r\u00e9es \u00e0 port\u00e9e de main. Vous pouvez \u00e9galement avoir un cas de fringales, donc les collations pr\u00e9par\u00e9es sont \u00e9galement une bonne id\u00e9e. <\/p>\n<h2>Kush Mints Avantages<\/h2>\n<p>Dans les cercles du cannabis m\u00e9dical, cette vari\u00e9t\u00e9 est utilis\u00e9e pour traiter les sympt\u00f4mes de diverses conditions, notamment :<\/p>\n<ul>\n<li>Perte d\u2019app\u00e9tit<\/li>\n<li>Insomnie<\/li>\n<li>Anxi\u00e9t\u00e9<\/li>\n<li>Stress<\/li>\n<li>D\u00e9pression<\/li>\n<li>Douleur chronique<\/li>\n<\/ul>\n<p><em>REMARQUE : Les informations sur ce site sont fournies \u00e0 des fins \u00e9ducatives seulement et ne remplacent pas un avis m\u00e9dical professionnel.  <\/em><\/p>\n<h2>Kush Mints Livraison de cannabis \u2013 Livraison gratuite en 2 heures GTA<\/h2>\n<p>Si vous \u00eates dans la r\u00e9gion du Grand Toronto (RGT), vous pouvez vous procurer de l\u2019herbe MAC en 2 heures* \u00e0 votre porte! Commandez avant 20 h et l\u2019un de nos chauffeurs vous livrera le jour m\u00eame, 2 heures gratuitement, lorsque vous commandez un minimum de 100,00 $ de l\u2019un des produits sur notre site Web. <\/p>\n<p>*Livraison en deux heures \u00e0 Toronto (Scarborough, North York, Etobicoke, DownTown, York &#8211; toutes les r\u00e9gions \u00e0 l\u2019int\u00e9rieur des fronti\u00e8res de la ville de Toronto), Richmond Hill, King, Aurora, Newmarket, Woodbridge, Vaughan et Markham.<\/p>\n<h2>Kush Mints \u00c0 l\u2019ext\u00e9rieur de la r\u00e9gion du Grand Toronto<\/h2>\n<p>Si vous n\u2019habitez pas dans notre zone de livraison gratuite, nous pouvons aussi vous exp\u00e9dier des Kush Mints \u00e0 travers le Canada avec une commande minimale de 100,00 $.<\/p>\n","protected":false},"excerpt":{"rendered":"<p>Si vous n\u2019avez jamais essay\u00e9 la Kush Mints auparavant, vous pouvez vous attendre \u00e0 go\u00fbter \u00e0 une douce saveur orang\u00e9e ainsi qu\u2019\u00e0 des effets euphoriques de se sentir heureux et exalt\u00e9 &#8211; une excellente vari\u00e9t\u00e9 pour le stress ou la d\u00e9pression.<\/p>\n<p>G\u00e9n\u00e9ralement une vari\u00e9t\u00e9 puissante avec du THC dans la fourchette de 20 \u00e0 25%, avec une moyenne d\u2019environ 22%.<\/p>\n<p>L\u00e9g\u00e8rement \u00e0 dominante Indica .<\/p>\n","protected":false},"featured_media":16923,"comment_status":"closed","ping_status":"closed","template":"","meta":{"_acf_changed":false},"product_brand":[],"product_cat":[250],"product_tag":[],"class_list":{"0":"post-17942","1":"product","2":"type-product","3":"status-publish","4":"has-post-thumbnail","6":"product_cat-pot-indica","7":"pa_weight-1-oz-fr-ca","8":"pa_weight-1-2-oz-fr-ca","9":"pa_weight-1-4-oz-fr-ca-2","11":"first","12":"instock","13":"shipping-taxable","14":"purchasable","15":"product-type-variable"},"acf":[],"_links":{"self":[{"href":"https:\/\/420now.co\/fr-ca\/wp-json\/wp\/v2\/product\/17942","targetHints":{"allow":["GET"]}}],"collection":[{"href":"https:\/\/420now.co\/fr-ca\/wp-json\/wp\/v2\/product"}],"about":[{"href":"https:\/\/420now.co\/fr-ca\/wp-json\/wp\/v2\/types\/product"}],"replies":[{"embeddable":true,"href":"https:\/\/420now.co\/fr-ca\/wp-json\/wp\/v2\/comments?post=17942"}],"wp:featuredmedia":[{"embeddable":true,"href":"https:\/\/420now.co\/fr-ca\/wp-json\/wp\/v2\/media\/16923"}],"wp:attachment":[{"href":"https:\/\/420now.co\/fr-ca\/wp-json\/wp\/v2\/media?parent=17942"}],"wp:term":[{"taxonomy":"product_brand","embeddable":true,"href":"https:\/\/420now.co\/fr-ca\/wp-json\/wp\/v2\/product_brand?post=17942"},{"taxonomy":"product_cat","embeddable":true,"href":"https:\/\/420now.co\/fr-ca\/wp-json\/wp\/v2\/product_cat?post=17942"},{"taxonomy":"product_tag","embeddable":true,"href":"https:\/\/420now.co\/fr-ca\/wp-json\/wp\/v2\/product_tag?post=17942"}],"curies":[{"name":"wp","href":"https:\/\/api.w.org\/{rel}","templated":true}]}}