{"id":17954,"date":"2023-03-23T18:54:40","date_gmt":"2023-03-23T22:54:40","guid":{"rendered":"https:\/\/420now.co\/product\/island-pink-6-ounce\/"},"modified":"2026-04-03T15:36:46","modified_gmt":"2026-04-03T19:36:46","slug":"island-pink-6-ounce","status":"publish","type":"product","link":"https:\/\/420now.co\/fr-ca\/product\/island-pink-6-ounce\/","title":{"rendered":"Island Pink &#8211; 6 onces"},"content":{"rendered":"<p><strong>Les coupons de rabais ne s\u2019appliquent pas \u00e0 ce produit<\/strong><\/p>\n<p>D\u00e9couvrez l\u2019exp\u00e9rience premium de Island Pink, une vari\u00e9t\u00e9 de cannabis qui \u00e9quilibre parfaitement relaxation et une touche d\u2019euphorie. R\u00e9put\u00e9e pour son ar\u00f4me tropical unique et ses teintes vibrantes, cette vari\u00e9t\u00e9 offre une \u00e9chappatoire luxueuse loin de l\u2019ordinaire.<\/p>\n<p>Que vous soyez un connaisseur chevronn\u00e9 ou nouveau dans le monde du cannabis, les effets et le profil aromatique exquis d\u2019Island Pink captiveront s\u00fbrement vos sens.<\/p>\n<p>Rehaussez votre collection avec 6 onces de cette vari\u00e9t\u00e9 haut de gamme, maintenant disponible pour 200 $ pour 6 onces \u2014 une valeur aussi irr\u00e9sistible que l\u2019exp\u00e9rience elle-m\u00eame!<\/p>\n<h2>Livraison de Island Pink dans la r\u00e9gion de Toronto<\/h2>\n<p>Si vous \u00eates dans la r\u00e9gion du Grand Toronto (GTA), vous pouvez obtenir de la weed Island Pink en moins de 2 heures* \u00e0 votre porte! Commandez avant 20 h et l\u2019un de nos chauffeurs vous livrera le jour m\u00eame, 2 heures gratuitement, lorsque vous commandez un minimum de 100,00 $ de l\u2019un des produits sur notre site Web. <\/p>\n<p>*Livraison en deux heures \u00e0 Toronto (Scarborough, North York, Etobicoke, DownTown, York \u2013 toutes les r\u00e9gions \u00e0 l\u2019int\u00e9rieur des fronti\u00e8res de la ville de Toronto), Richmond Hill, King, Aurora, Newmarket, Woodbridge, Vaughan et Markham.<\/p>\n<p>Nous exp\u00e9dions aussi \u00e0 travers le Canada et vers des r\u00e9gions p\u00e9riph\u00e9riques en dehors de notre zone de livraison gratuite habituelle via Postes Canada.<\/p>\n","protected":false},"excerpt":{"rendered":"<p>D\u00e9couvrez l\u2019exp\u00e9rience premium de Island Pink, une vari\u00e9t\u00e9 de cannabis qui \u00e9quilibre parfaitement relaxation et une touche d\u2019euphorie. R\u00e9put\u00e9e pour son ar\u00f4me tropical unique et ses teintes vibrantes, cette vari\u00e9t\u00e9 offre une \u00e9chappatoire luxueuse loin de l\u2019ordinaire.<\/p>\n<p>Que vous soyez un connaisseur chevronn\u00e9 ou nouveau dans le monde du cannabis, les effets et le profil aromatique exquis d\u2019Island Pink captiveront s\u00fbrement vos sens.<\/p>\n<p>Rehaussez votre collection avec 6 onces de cette vari\u00e9t\u00e9 haut de gamme, maintenant disponible pour 200 $ pour 6 onces \u2014 une valeur aussi irr\u00e9sistible que l\u2019exp\u00e9rience elle-m\u00eame!<\/p>\n<p>Jusqu\u2019\u00e0 la fin des stocks.<\/p>\n<p>Indica &#8211; 6 onces<\/p>\n","protected":false},"featured_media":17480,"comment_status":"open","ping_status":"closed","template":"","meta":{"_acf_changed":false},"product_brand":[],"product_cat":[250,245],"product_tag":[],"class_list":{"0":"post-17954","1":"product","2":"type-product","3":"status-publish","4":"has-post-thumbnail","6":"product_cat-pot-indica","7":"product_cat-50-dollar-ounces-fr-ca","9":"first","10":"instock","11":"shipping-taxable","12":"purchasable","13":"product-type-simple"},"acf":[],"_links":{"self":[{"href":"https:\/\/420now.co\/fr-ca\/wp-json\/wp\/v2\/product\/17954","targetHints":{"allow":["GET"]}}],"collection":[{"href":"https:\/\/420now.co\/fr-ca\/wp-json\/wp\/v2\/product"}],"about":[{"href":"https:\/\/420now.co\/fr-ca\/wp-json\/wp\/v2\/types\/product"}],"replies":[{"embeddable":true,"href":"https:\/\/420now.co\/fr-ca\/wp-json\/wp\/v2\/comments?post=17954"}],"wp:featuredmedia":[{"embeddable":true,"href":"https:\/\/420now.co\/fr-ca\/wp-json\/wp\/v2\/media\/17480"}],"wp:attachment":[{"href":"https:\/\/420now.co\/fr-ca\/wp-json\/wp\/v2\/media?parent=17954"}],"wp:term":[{"taxonomy":"product_brand","embeddable":true,"href":"https:\/\/420now.co\/fr-ca\/wp-json\/wp\/v2\/product_brand?post=17954"},{"taxonomy":"product_cat","embeddable":true,"href":"https:\/\/420now.co\/fr-ca\/wp-json\/wp\/v2\/product_cat?post=17954"},{"taxonomy":"product_tag","embeddable":true,"href":"https:\/\/420now.co\/fr-ca\/wp-json\/wp\/v2\/product_tag?post=17954"}],"curies":[{"name":"wp","href":"https:\/\/api.w.org\/{rel}","templated":true}]}}