{"id":18065,"date":"2020-04-25T18:24:32","date_gmt":"2020-04-25T18:24:32","guid":{"rendered":"https:\/\/420now.co\/product\/black-mamba\/"},"modified":"2026-03-12T21:37:48","modified_gmt":"2026-03-13T01:37:48","slug":"black-mamba","status":"publish","type":"product","link":"https:\/\/420now.co\/fr-ca\/product\/black-mamba\/","title":{"rendered":"Black Mamba"},"content":{"rendered":"<p>Black Mamba est une forte indica. La g\u00e9n\u00e9tique de cette vari\u00e9t\u00e9 comprend Blue Bubblejuice et Domina ou peut-\u00eatre Granddaddy Purple et Black Domina. Ces plantes produisent des feuilles vert fonc\u00e9 \u00e0 violet. Cette vari\u00e9t\u00e9 favorise une sensation optimiste qui s\u2019adoucit dans un \u00e9tat de relaxation profonde. Black Mamba a \u00e9galement un effet durable.    <\/p>\n<p>Ar\u00f4me tr\u00e8s piquant lorsqu\u2019il est fum\u00e9.<\/p>\n<h2>Black Mamba Description des mauvaises herbes<\/h2>\n<p>Qu\u2019il s\u2019agisse d\u2019un croisement de Blue Bubblejuice ou de Granddaddy Purple et Black Domina, Black Mamba est une vari\u00e9t\u00e9 puissante nomm\u00e9e d\u2019apr\u00e8s un serpent africain mortel. C\u2019est une vari\u00e9t\u00e9 assez puissante qui pourrait finir par endormir les d\u00e9butants, mais m\u00eame les v\u00e9t\u00e9rans du cannabis pourraient \u00eatre surpris. Cette mauvaise herbe n\u2019est pas toxique comme le venin d\u2019un serpent, mais elle peut avoir une morsure!  <\/p>\n<p>Avec des feuilles vert fonc\u00e9 \u00e0 violet, la vari\u00e9t\u00e9 Black Mamba produit des fleurs fonc\u00e9es avec des trichomes blancs. Les bourgeons peuvent s\u2019accrocher les uns aux autres, et souvent un broyeur est n\u00e9cessaire pour briser ce bourgeon s\u00e9ch\u00e9. <\/p>\n<p>L\u2019ar\u00f4me est fort tandis que le go\u00fbt donne des notes de raisin sucr\u00e9. Vous devez noter que lorsque nous \u00e9crivons que l\u2019ar\u00f4me est fort, vous devez savoir que fumer la vari\u00e9t\u00e9 Black Mamba lorsque vous essayez d\u2019\u00eatre disante n\u2019est peut-\u00eatre pas la meilleure id\u00e9e. <\/p>\n<p>Les niveaux de THC peuvent atteindre 25%.<\/p>\n<h2>Black Mamba Effets<\/h2>\n<p>D\u00e9tendu, heureux et somnolent sont parfois signal\u00e9s, mais \u00ab euphoriques \u00bb et \u00ab exalt\u00e9s \u00bb sont \u00e9galement significatifs. Le buzz initial est un buzz qui peut frapper assez rapidement et vous trouver avec des pens\u00e9es qui sautent. Il faut s\u2019attendre \u00e0 des effets sociaux et bavards avec Black Mamba, et c\u2019est une vari\u00e9t\u00e9 \u00e0 fumer quand on veut faire avancer les choses. Les d\u00e9butants doivent cependant \u00eatre mis en garde et ne pas trop lourd &#8211; Black Mamba peut g\u00e9n\u00e9rer des sentiments de panique ou de parano\u00efa. Si vous \u00eates sujet \u00e0 l\u2019une ou l\u2019autre de ces conditions, Black Mamba n\u2019est peut-\u00eatre pas pour vous.    <\/p>\n<p>D\u2019un autre c\u00f4t\u00e9, si l\u2019une ou l\u2019autre de ces conditions (panique ou parano\u00efa) ne sont pas des conditions qui vous affectent, Black Mamba peut \u00eatre la chose parfaite lorsque vous voulez faire des choses qui n\u00e9cessitent de l\u2019\u00e9nergie &#8211; mentale et physique. C\u2019est aussi la tension d\u2019un philosophe, tout en s\u2019attardant sur des questions profondes ou en analysant des probl\u00e8mes. <\/p>\n<h2>Conditions Black Mamba Helps<\/h2>\n<p>Les bienfaits de la consommation de marijuana pour la sant\u00e9 ne sont plus contest\u00e9s \u2013 et bien s\u00fbr, diverses vari\u00e9t\u00e9s ont leurs propres caract\u00e9ristiques uniques. Chaque souche peut offrir des avantages l\u00e9g\u00e8rement diff\u00e9rents \u00e0 chaque utilisateur, mais en g\u00e9n\u00e9ral, Black Mamba est particuli\u00e8rement bon pour soulager la douleur et la pression du glaucome. <\/p>\n<p>Beaucoup de personnes atteintes de TDAH utilisent Black Mamba &#8211; elles appr\u00e9cient l\u2019euphorie tout en profitant de la concentration que cette vari\u00e9t\u00e9 peut fournir. Les personnes souffrant de stress et de d\u00e9pression ont \u00e9galement trouv\u00e9 utile de soulager ces sympt\u00f4mes. <\/p>\n<p>Souffrez-vous r\u00e9guli\u00e8rement de migraines? Cette souche est fr\u00e9quemment utilis\u00e9e par les personnes souffrant de migraine pour soulager cette douleur horrible qu\u2019elles endurent. <\/p>\n<p><em>REMARQUE : Les informations sur ce site sont fournies \u00e0 des fins \u00e9ducatives seulement et ne remplacent pas un avis m\u00e9dical professionnel. Consultez un professionnel de la sant\u00e9 avant utilisation.  Pour les adultes \u00e2g\u00e9s de 19 ans ou plus seulement.<\/em><\/p>\n<h2>Black Mamba Livraison de mauvaises herbes dans la r\u00e9gion du Grand Toronto<\/h2>\n<p><strong>Livraison gratuite en 2 heures<\/strong> avec une commande minimale de 100,00 $ de l\u2019un de nos produits, y compris Black Mamba, de 420Now Weed Delivery. Veuillez commander avant 20 h pour une livraison en deux heures le jour m\u00eame.  Livraison en deux heures \u00e0 Toronto (Scarborough, North York, Etobicoke, DownTown, York &#8211; tous les secteurs situ\u00e9s \u00e0 l\u2019int\u00e9rieur des fronti\u00e8res de la ville de Toronto), Richmond Hill, King, Aurora, Newmarket, Woodbridge, Vaughan et Markham.<\/p>\n<p>Pour les r\u00e9gions p\u00e9riph\u00e9riques telles que Brampton, Caledon, Mississauga, Pickering, Ajax, Whitby, Oshawa, Clarington, Scugog, Uxbridge, East Gwillimbury, Georgina et Brock, nous visons deux heures, mais veuillez vous attendre \u00e0 la possibilit\u00e9 de 3 heures pour la livraison. Si votre adresse se trouve dans ces r\u00e9gions p\u00e9riph\u00e9riques, vous pouvez nous contacter pour conna\u00eetre les d\u00e9lais de livraison pr\u00e9vus ce jour-l\u00e0. <\/p>\n<p>\u00c9galement disponible pour exp\u00e9dition partout au Canada.<\/p>\n","protected":false},"excerpt":{"rendered":"<p>Black Mamba est une forte indica. La g\u00e9n\u00e9tique de cette vari\u00e9t\u00e9 comprend Blue Bubblejuice et Domina ou peut-\u00eatre Granddaddy Purple et Black Domina. Ces plantes produisent des feuilles vert fonc\u00e9 \u00e0 violet. Cette vari\u00e9t\u00e9 favorise une sensation optimiste qui s\u2019adoucit dans un \u00e9tat de relaxation profonde. Black Mamba a \u00e9galement un effet durable.    <\/p>\n<p>Ar\u00f4me tr\u00e8s piquant lorsqu\u2019il est fum\u00e9.<\/p>\n<p><strong>EN RUPTURE DE STOCK<\/strong><\/p>\n<p><strong>Hybride<\/strong><\/p>\n","protected":false},"featured_media":16522,"comment_status":"open","ping_status":"closed","template":"","meta":{"_acf_changed":false},"product_brand":[],"product_cat":[250],"product_tag":[288],"class_list":{"0":"post-18065","1":"product","2":"type-product","3":"status-publish","4":"has-post-thumbnail","6":"product_cat-pot-indica","7":"product_tag-hybride","8":"pa_weight-1-oz-fr-ca","9":"pa_weight-1-2-oz-fr-ca","10":"pa_weight-1-4-oz-fr-ca-2","12":"first","13":"outofstock","14":"shipping-taxable","15":"purchasable","16":"product-type-variable"},"acf":[],"_links":{"self":[{"href":"https:\/\/420now.co\/fr-ca\/wp-json\/wp\/v2\/product\/18065","targetHints":{"allow":["GET"]}}],"collection":[{"href":"https:\/\/420now.co\/fr-ca\/wp-json\/wp\/v2\/product"}],"about":[{"href":"https:\/\/420now.co\/fr-ca\/wp-json\/wp\/v2\/types\/product"}],"replies":[{"embeddable":true,"href":"https:\/\/420now.co\/fr-ca\/wp-json\/wp\/v2\/comments?post=18065"}],"wp:featuredmedia":[{"embeddable":true,"href":"https:\/\/420now.co\/fr-ca\/wp-json\/wp\/v2\/media\/16522"}],"wp:attachment":[{"href":"https:\/\/420now.co\/fr-ca\/wp-json\/wp\/v2\/media?parent=18065"}],"wp:term":[{"taxonomy":"product_brand","embeddable":true,"href":"https:\/\/420now.co\/fr-ca\/wp-json\/wp\/v2\/product_brand?post=18065"},{"taxonomy":"product_cat","embeddable":true,"href":"https:\/\/420now.co\/fr-ca\/wp-json\/wp\/v2\/product_cat?post=18065"},{"taxonomy":"product_tag","embeddable":true,"href":"https:\/\/420now.co\/fr-ca\/wp-json\/wp\/v2\/product_tag?post=18065"}],"curies":[{"name":"wp","href":"https:\/\/api.w.org\/{rel}","templated":true}]}}