{"id":18075,"date":"2020-04-25T18:05:39","date_gmt":"2020-04-25T18:05:39","guid":{"rendered":"https:\/\/420now.co\/product\/purple-kush\/"},"modified":"2026-03-12T21:48:04","modified_gmt":"2026-03-13T01:48:04","slug":"purple-kush","status":"publish","type":"product","link":"https:\/\/420now.co\/fr-ca\/product\/purple-kush\/","title":{"rendered":"Purple Kush"},"content":{"rendered":"<p>Purple Kush est une vari\u00e9t\u00e9 indica pure. Une euphorie b\u00e9ate et durable enveloppe l\u2019esprit et une relaxation physique accrue aide \u00e0 soulager la douleur dans tout le corps. Id\u00e9al pour traiter et g\u00e9rer les nuits blanches et le stress.  <\/p>\n<p>Facilite directement la relaxation physique avec possibilit\u00e9 de sensation de drogue.<\/p>\n<h2>Purple Kush Description des mauvaises herbes<\/h2>\n<p>Avec son go\u00fbt et ses couleurs remarquables que vous appr\u00e9cierez tout de suite, Purple Kush est une vari\u00e9t\u00e9 indica pure cr\u00e9\u00e9e par le croisement d\u2019une Afghani violette avec la Hindu Kush. Mais cela n\u2019a pas \u00e9t\u00e9 fait \u00e0 l\u2019Est; c\u2019\u00e9tait plut\u00f4t l\u2019\u00e9levage cr\u00e9atif qui avait lieu en Californie. Fleurs de taille moyenne avec des boutons violets en raison de la filiation afghane, les bourgeons peuvent \u00eatre tr\u00e8s denses et avec des niveaux importants de r\u00e9sine. C\u2019est l\u2019une des meilleures vari\u00e9t\u00e9s pour le haschisch.   <\/p>\n<p>La teneur en THC se situe entre 17 et 27%, la moyenne se situant juste au milieu \u00e0 environ 22%.<\/p>\n<p>Le go\u00fbt de Purple Kush est souvent d\u00e9crit comme exceptionnel, avec des notes de parfum de bois de santal et un m\u00e9lange de haschisch et de go\u00fbt de fruit sucr\u00e9 semblable \u00e0 celui du raisin. Le vin doux est d\u00e9tect\u00e9 par certains en fumant cette vari\u00e9t\u00e9. <\/p>\n<p>Terp\u00e8ne dominant : Myrc\u00e8ne.<\/p>\n<h2>Purple Kush Effets<\/h2>\n<p>La \u00ab d\u00e9tente heureuse \u00bb est l\u2019une des meilleures fa\u00e7ons de d\u00e9crire l\u2019effet signal\u00e9 par la majorit\u00e9 des fumeurs. Un sentiment de calme suit une premi\u00e8re mont\u00e9e de t\u00eate, puis l\u2019ambiance de relaxation s\u2019installe. Pour un tr\u00e8s petit pourcentage, des \u00e9tourdissements sont signal\u00e9s, mais il s\u2019agit surtout d\u2019un sourire permanent avec un sentiment de calme apr\u00e8s avoir fum\u00e9 Purple Kush.  <\/p>\n<p>La dur\u00e9e moyenne de l\u2019euphorie de cette vari\u00e9t\u00e9 est d\u2019environ 2 \u00e0 3 heures, mais pr\u00e9parez-vous \u00e0 la possibilit\u00e9 de vouloir faire une sieste ou dormir \u00e0 un moment donn\u00e9.<\/p>\n<h2>Conditions Purple Kush aide<\/h2>\n<p>Les bienfaits de la consommation de marijuana pour la sant\u00e9 ne sont plus contest\u00e9s \u2013 et bien s\u00fbr, diverses vari\u00e9t\u00e9s ont leurs propres caract\u00e9ristiques uniques. Chaque vari\u00e9t\u00e9 peut offrir des avantages l\u00e9g\u00e8rement diff\u00e9rents \u00e0 chaque utilisateur, mais en g\u00e9n\u00e9ral, Purple Kush est une candidate de choix pour les personnes souffrant de douleurs chroniques. <\/p>\n<p>Nous avons discut\u00e9 des avantages ind\u00e9niables de la Purple Kush pour la relaxation, mais cette vari\u00e9t\u00e9 est \u00e9galement tr\u00e8s populaire aupr\u00e8s de ceux qui ont besoin de traiter la douleur chronique, y compris celle associ\u00e9e au cancer.<\/p>\n<p>Il est \u00e9galement populaire aupr\u00e8s de ceux qui souffrent de stress et d\u2019insomnie, tandis que certains le trouvent utile pour traiter la parano\u00efa.<\/p>\n<p>Diff\u00e9rentes souches peuvent affecter les gens de diff\u00e9rentes mani\u00e8res et ce qui fonctionne bien pour votre ami peut ne pas vous \u00eatre aussi utile. Si vous essayez de traiter des conditions telles que la douleur, l\u2019anxi\u00e9t\u00e9, l\u2019insomnie ou le stress, Purple Kush est une excellente option. <\/p>\n<p><em>REMARQUE : Les informations sur ce site sont fournies \u00e0 des fins \u00e9ducatives seulement et ne remplacent pas un avis m\u00e9dical professionnel. Consultez un professionnel de la sant\u00e9 avant utilisation.  Pour les adultes \u00e2g\u00e9s de 19 ans ou plus seulement.<\/em><\/p>\n<h2>Purple Kush Livraison de mauvaises herbes dans la r\u00e9gion du Grand Toronto<\/h2>\n<p><strong>Livraison gratuite en 2 heures*<\/strong> avec une commande minimale de 100,00 $ de l\u2019un de nos produits, y compris Purple Kush, de 420Now Weed Delivery. Veuillez commander avant 20 h pour une livraison en deux heures le jour m\u00eame. <\/p>\n<p>*Livraison en deux heures \u00e0 Toronto (Scarborough, North York, Etobicoke, DownTown, York &#8211; toutes les r\u00e9gions \u00e0 l\u2019int\u00e9rieur des fronti\u00e8res de la ville de Toronto), Richmond Hill, King, Aurora, Newmarket, Woodbridge, Vaughan et Markham.<\/p>\n<p>\u00c9galement disponible pour une exp\u00e9dition partout au Canada!<\/p>\n","protected":false},"excerpt":{"rendered":"<p>Purple Kush est une vari\u00e9t\u00e9 indica pure. Une euphorie b\u00e9ate et durable enveloppe l\u2019esprit et une relaxation physique accrue aide \u00e0 soulager la douleur dans tout le corps. Id\u00e9al pour traiter et g\u00e9rer les nuits blanches et le stress.  <\/p>\n<p>Facilite directement la relaxation physique avec possibilit\u00e9 de sensation de drogue.<\/p>\n","protected":false},"featured_media":16520,"comment_status":"open","ping_status":"closed","template":"","meta":{"_acf_changed":false},"product_brand":[],"product_cat":[250],"product_tag":[302],"class_list":{"0":"post-18075","1":"product","2":"type-product","3":"status-publish","4":"has-post-thumbnail","6":"product_cat-pot-indica","7":"product_tag-indica-fr-ca","8":"pa_weight-1-oz-fr-ca","9":"pa_weight-1-2-oz-fr-ca","10":"pa_weight-1-4-oz-fr-ca-2","12":"first","13":"instock","14":"shipping-taxable","15":"purchasable","16":"product-type-variable"},"acf":[],"_links":{"self":[{"href":"https:\/\/420now.co\/fr-ca\/wp-json\/wp\/v2\/product\/18075","targetHints":{"allow":["GET"]}}],"collection":[{"href":"https:\/\/420now.co\/fr-ca\/wp-json\/wp\/v2\/product"}],"about":[{"href":"https:\/\/420now.co\/fr-ca\/wp-json\/wp\/v2\/types\/product"}],"replies":[{"embeddable":true,"href":"https:\/\/420now.co\/fr-ca\/wp-json\/wp\/v2\/comments?post=18075"}],"wp:featuredmedia":[{"embeddable":true,"href":"https:\/\/420now.co\/fr-ca\/wp-json\/wp\/v2\/media\/16520"}],"wp:attachment":[{"href":"https:\/\/420now.co\/fr-ca\/wp-json\/wp\/v2\/media?parent=18075"}],"wp:term":[{"taxonomy":"product_brand","embeddable":true,"href":"https:\/\/420now.co\/fr-ca\/wp-json\/wp\/v2\/product_brand?post=18075"},{"taxonomy":"product_cat","embeddable":true,"href":"https:\/\/420now.co\/fr-ca\/wp-json\/wp\/v2\/product_cat?post=18075"},{"taxonomy":"product_tag","embeddable":true,"href":"https:\/\/420now.co\/fr-ca\/wp-json\/wp\/v2\/product_tag?post=18075"}],"curies":[{"name":"wp","href":"https:\/\/api.w.org\/{rel}","templated":true}]}}