{"id":18078,"date":"2020-04-25T21:58:29","date_gmt":"2020-04-25T21:58:29","guid":{"rendered":"https:\/\/420now.co\/product\/tom-ford-kush\/"},"modified":"2026-03-12T21:04:13","modified_gmt":"2026-03-13T01:04:13","slug":"tom-ford-kush","status":"publish","type":"product","link":"https:\/\/420now.co\/fr-ca\/product\/tom-ford-kush\/","title":{"rendered":"Tom Ford Kush"},"content":{"rendered":"","protected":false},"excerpt":{"rendered":"<p>Tom Ford Kush est une vari\u00e9t\u00e9 indica puissamment endormie. Gardez-le pour une journ\u00e9e o\u00f9 vous ne voulez rien faire, car ses effets lourds et s\u00e9datifs vous maintiendront stagnant en pleine d\u00e9tente. <\/p>\n<p>Indica Hybride dominant<\/p>\n","protected":false},"featured_media":16532,"comment_status":"open","ping_status":"closed","template":"","meta":{"_acf_changed":false},"product_brand":[],"product_cat":[250],"product_tag":[302,303],"class_list":{"0":"post-18078","1":"product","2":"type-product","3":"status-publish","4":"has-post-thumbnail","6":"product_cat-pot-indica","7":"product_tag-indica-fr-ca","8":"product_tag-june-special-fr-ca","9":"pa_weight-1-oz-fr-ca","10":"pa_weight-1-2-oz-fr-ca","11":"pa_weight-1-4-oz-fr-ca-2","13":"first","14":"instock","15":"shipping-taxable","16":"purchasable","17":"product-type-variable"},"acf":[],"_links":{"self":[{"href":"https:\/\/420now.co\/fr-ca\/wp-json\/wp\/v2\/product\/18078","targetHints":{"allow":["GET"]}}],"collection":[{"href":"https:\/\/420now.co\/fr-ca\/wp-json\/wp\/v2\/product"}],"about":[{"href":"https:\/\/420now.co\/fr-ca\/wp-json\/wp\/v2\/types\/product"}],"replies":[{"embeddable":true,"href":"https:\/\/420now.co\/fr-ca\/wp-json\/wp\/v2\/comments?post=18078"}],"wp:featuredmedia":[{"embeddable":true,"href":"https:\/\/420now.co\/fr-ca\/wp-json\/wp\/v2\/media\/16532"}],"wp:attachment":[{"href":"https:\/\/420now.co\/fr-ca\/wp-json\/wp\/v2\/media?parent=18078"}],"wp:term":[{"taxonomy":"product_brand","embeddable":true,"href":"https:\/\/420now.co\/fr-ca\/wp-json\/wp\/v2\/product_brand?post=18078"},{"taxonomy":"product_cat","embeddable":true,"href":"https:\/\/420now.co\/fr-ca\/wp-json\/wp\/v2\/product_cat?post=18078"},{"taxonomy":"product_tag","embeddable":true,"href":"https:\/\/420now.co\/fr-ca\/wp-json\/wp\/v2\/product_tag?post=18078"}],"curies":[{"name":"wp","href":"https:\/\/api.w.org\/{rel}","templated":true}]}}