{"id":18079,"date":"2020-04-25T20:58:21","date_gmt":"2020-04-26T00:58:21","guid":{"rendered":"https:\/\/420now.co\/product\/sour-diesel-aaaa\/"},"modified":"2026-03-12T21:15:16","modified_gmt":"2026-03-13T01:15:16","slug":"sour-diesel-aaaa","status":"publish","type":"product","link":"https:\/\/420now.co\/fr-ca\/product\/sour-diesel-aaaa\/","title":{"rendered":"Sour Diesel AAAA"},"content":{"rendered":"<p>Sour Diesel est une vari\u00e9t\u00e9 \u00e0 dominante Sativa. Cette vari\u00e9t\u00e9 \u00e0 action rapide offre des effets c\u00e9r\u00e9braux \u00e9nergisants et r\u00eaveurs. Cette vari\u00e9t\u00e9 aide \u00e0 soulager le stress, la douleur et la d\u00e9pression. Sour Diesel est un choix de choix parmi les patients m\u00e9dicaux.   <\/p>\n","protected":false},"excerpt":{"rendered":"<p>Sour Diesel est une vari\u00e9t\u00e9 \u00e0 dominante Sativa. Cette vari\u00e9t\u00e9 \u00e0 action rapide offre des effets c\u00e9r\u00e9braux \u00e9nergisants et r\u00eaveurs. Cette vari\u00e9t\u00e9 aide \u00e0 soulager le stress, la douleur et la d\u00e9pression. Sour Diesel est un choix de choix parmi les patients m\u00e9dicaux.   <\/p>\n","protected":false},"featured_media":16842,"comment_status":"open","ping_status":"closed","template":"","meta":{"_acf_changed":false},"product_brand":[],"product_cat":[255],"product_tag":[290],"class_list":{"0":"post-18079","1":"product","2":"type-product","3":"status-publish","4":"has-post-thumbnail","6":"product_cat-pot-sativa","7":"product_tag-sativa-fr-ca","8":"pa_weight-1-oz-fr-ca","9":"pa_weight-1-2-oz-fr-ca","10":"pa_weight-1-4-oz-fr-ca-2","12":"first","13":"instock","14":"shipping-taxable","15":"purchasable","16":"product-type-variable"},"acf":[],"_links":{"self":[{"href":"https:\/\/420now.co\/fr-ca\/wp-json\/wp\/v2\/product\/18079","targetHints":{"allow":["GET"]}}],"collection":[{"href":"https:\/\/420now.co\/fr-ca\/wp-json\/wp\/v2\/product"}],"about":[{"href":"https:\/\/420now.co\/fr-ca\/wp-json\/wp\/v2\/types\/product"}],"replies":[{"embeddable":true,"href":"https:\/\/420now.co\/fr-ca\/wp-json\/wp\/v2\/comments?post=18079"}],"wp:featuredmedia":[{"embeddable":true,"href":"https:\/\/420now.co\/fr-ca\/wp-json\/wp\/v2\/media\/16842"}],"wp:attachment":[{"href":"https:\/\/420now.co\/fr-ca\/wp-json\/wp\/v2\/media?parent=18079"}],"wp:term":[{"taxonomy":"product_brand","embeddable":true,"href":"https:\/\/420now.co\/fr-ca\/wp-json\/wp\/v2\/product_brand?post=18079"},{"taxonomy":"product_cat","embeddable":true,"href":"https:\/\/420now.co\/fr-ca\/wp-json\/wp\/v2\/product_cat?post=18079"},{"taxonomy":"product_tag","embeddable":true,"href":"https:\/\/420now.co\/fr-ca\/wp-json\/wp\/v2\/product_tag?post=18079"}],"curies":[{"name":"wp","href":"https:\/\/api.w.org\/{rel}","templated":true}]}}