{"id":18080,"date":"2020-04-22T21:30:21","date_gmt":"2020-04-22T21:30:21","guid":{"rendered":"https:\/\/420now.co\/product\/king-tutankhamun\/"},"modified":"2026-03-12T22:01:28","modified_gmt":"2026-03-13T02:01:28","slug":"king-tutankhamun","status":"publish","type":"product","link":"https:\/\/420now.co\/fr-ca\/product\/king-tutankhamun\/","title":{"rendered":"King Tutankhamun"},"content":{"rendered":"<h2>Le roi Tut alias Toutankhamon<\/h2>\n<p>D\u00e9velopp\u00e9 \u00e0 Barcelone, en Espagne, cet hybride penche vers la sativa &#8211; et les cr\u00e9ateurs pensent qu\u2019il s\u2019agit de l\u2019une de leurs meilleures vari\u00e9t\u00e9s g\u00e9n\u00e9tiques. Avec un go\u00fbt d\u2019agrumes, le cannabis King Tut a test\u00e9 plus de 30% de THC, ce qui est remarquablement \u00e9lev\u00e9 et l\u2019un des pourcentages de THC les plus \u00e9lev\u00e9s sur le march\u00e9 aujourd\u2019hui. <\/p>\n<p>Des tests en laboratoire effectu\u00e9s par Seedsman indiquent que cette vari\u00e9t\u00e9 peut \u00e9galement fournir 1,8% de CBD.<\/p>\n<p>L\u2019herbe King Tut procure un effet clair et c\u00e9r\u00e9bral qui peut durer longtemps. C\u2019est un excellent choix pour ceux qui recherchent quelque chose qui est g\u00e9nial lors de la socialisation ou qui veulent une bonne dose de cr\u00e9ativit\u00e9 et de stimulation consciente. <\/p>\n<h2>King Tutankhamun Livraison de mauvaises herbes<\/h2>\n<p>Livraison gratuite en 2 heures* si vous commandez dans la r\u00e9gion du Grand Toronto avant 20h, nous pouvons livrer \u00e0 votre porte! La livraison gratuite est bas\u00e9e sur une commande minimale de 100,00 $ \u2013 incluant tous nos produits. M\u00e9langez et assortissez l\u2019un de nos produits pour une commande totale de 100,00 $ ou plus.  <\/p>\n<p>Nous acceptons les paiements par courriel, Interac ou COD.<\/p>\n<p>Nous pouvons \u00e9galement exp\u00e9dier partout au Canada avec une commande minimale (mais le paiement doit \u00eatre effectu\u00e9 avant l\u2019exp\u00e9dition de la commande) avec une commande minimale de 150,00 $ pour la livraison gratuite.<\/p>\n<p>Notre King Tutankhamun est sp\u00e9cialement class\u00e9 et vous appr\u00e9cierez la qualit\u00e9.<\/p>\n<p><strong>*Livraison en deux heures \u00e0 Toronto (Scarborough, North York, Etobicoke, DownTown, York &#8211; toutes les r\u00e9gions \u00e0 l\u2019int\u00e9rieur des fronti\u00e8res de la ville de Toronto), Richmond Hill, King, Aurora, Newmarket, Woodbridge, Vaughan et Markham.<\/strong><\/p>\n<p>Il exp\u00e9die aussi \u00e0 travers le Canada via Postes Canada.<\/p>\n","protected":false},"excerpt":{"rendered":"<p>Toutankhamon (alias King Tut) est un hybride et a des effets \u00e9difiants, ce qui en fait un excellent choix pour les sorties sociales ou la stimulation cr\u00e9ative. Cette vari\u00e9t\u00e9 s\u2019est forg\u00e9 une r\u00e9putation d\u2019avoir des niveaux \u00e9lev\u00e9s de THC. <\/p>\n<p>Sativa Hybride dominant.<\/p>\n","protected":false},"featured_media":16824,"comment_status":"open","ping_status":"closed","template":"","meta":{"_acf_changed":false},"product_brand":[],"product_cat":[249],"product_tag":[288],"class_list":{"0":"post-18080","1":"product","2":"type-product","3":"status-publish","4":"has-post-thumbnail","6":"product_cat-hybride-pot","7":"product_tag-hybride","9":"first","10":"instock","11":"shipping-taxable","12":"purchasable","13":"product-type-variable"},"acf":[],"_links":{"self":[{"href":"https:\/\/420now.co\/fr-ca\/wp-json\/wp\/v2\/product\/18080","targetHints":{"allow":["GET"]}}],"collection":[{"href":"https:\/\/420now.co\/fr-ca\/wp-json\/wp\/v2\/product"}],"about":[{"href":"https:\/\/420now.co\/fr-ca\/wp-json\/wp\/v2\/types\/product"}],"replies":[{"embeddable":true,"href":"https:\/\/420now.co\/fr-ca\/wp-json\/wp\/v2\/comments?post=18080"}],"wp:featuredmedia":[{"embeddable":true,"href":"https:\/\/420now.co\/fr-ca\/wp-json\/wp\/v2\/media\/16824"}],"wp:attachment":[{"href":"https:\/\/420now.co\/fr-ca\/wp-json\/wp\/v2\/media?parent=18080"}],"wp:term":[{"taxonomy":"product_brand","embeddable":true,"href":"https:\/\/420now.co\/fr-ca\/wp-json\/wp\/v2\/product_brand?post=18080"},{"taxonomy":"product_cat","embeddable":true,"href":"https:\/\/420now.co\/fr-ca\/wp-json\/wp\/v2\/product_cat?post=18080"},{"taxonomy":"product_tag","embeddable":true,"href":"https:\/\/420now.co\/fr-ca\/wp-json\/wp\/v2\/product_tag?post=18080"}],"curies":[{"name":"wp","href":"https:\/\/api.w.org\/{rel}","templated":true}]}}