{"id":18084,"date":"2020-04-25T22:25:10","date_gmt":"2020-04-25T22:25:10","guid":{"rendered":"https:\/\/420now.co\/product\/diamond-og-aaaa\/"},"modified":"2026-05-07T09:56:57","modified_gmt":"2026-05-07T13:56:57","slug":"diamond-og-aaaa","status":"publish","type":"product","link":"https:\/\/420now.co\/fr-ca\/product\/diamond-og-aaaa\/","title":{"rendered":"Diamond OG AAAA"},"content":{"rendered":"","protected":false},"excerpt":{"rendered":"<p>Cette vari\u00e9t\u00e9 induit une relaxation de tout le corps qui peut aider \u00e0 temp\u00e9rer la douleur et les spasmes musculaires avant de s\u2019installer dans une paresse g\u00e9n\u00e9rale. Cela peut vous laisser mentalement euphorisant \u00e0 petites doses, mais ce n\u2019est certainement pas un moment o\u00f9 vous devez \u00eatre alerte. Ces p\u00e9pites seront condens\u00e9es et auront une forte odeur.  <\/p>\n","protected":false},"featured_media":16822,"comment_status":"open","ping_status":"closed","template":"","meta":{"_acf_changed":false},"product_brand":[],"product_cat":[250],"product_tag":[302],"class_list":{"0":"post-18084","1":"product","2":"type-product","3":"status-publish","4":"has-post-thumbnail","6":"product_cat-pot-indica","7":"product_tag-indica-fr-ca","8":"pa_weight-1-oz-fr-ca","9":"pa_weight-1-2-oz-fr-ca","10":"pa_weight-1-4-oz-fr-ca-2","12":"first","13":"instock","14":"sale","15":"shipping-taxable","16":"purchasable","17":"product-type-variable"},"acf":[],"_links":{"self":[{"href":"https:\/\/420now.co\/fr-ca\/wp-json\/wp\/v2\/product\/18084","targetHints":{"allow":["GET"]}}],"collection":[{"href":"https:\/\/420now.co\/fr-ca\/wp-json\/wp\/v2\/product"}],"about":[{"href":"https:\/\/420now.co\/fr-ca\/wp-json\/wp\/v2\/types\/product"}],"replies":[{"embeddable":true,"href":"https:\/\/420now.co\/fr-ca\/wp-json\/wp\/v2\/comments?post=18084"}],"wp:featuredmedia":[{"embeddable":true,"href":"https:\/\/420now.co\/fr-ca\/wp-json\/wp\/v2\/media\/16822"}],"wp:attachment":[{"href":"https:\/\/420now.co\/fr-ca\/wp-json\/wp\/v2\/media?parent=18084"}],"wp:term":[{"taxonomy":"product_brand","embeddable":true,"href":"https:\/\/420now.co\/fr-ca\/wp-json\/wp\/v2\/product_brand?post=18084"},{"taxonomy":"product_cat","embeddable":true,"href":"https:\/\/420now.co\/fr-ca\/wp-json\/wp\/v2\/product_cat?post=18084"},{"taxonomy":"product_tag","embeddable":true,"href":"https:\/\/420now.co\/fr-ca\/wp-json\/wp\/v2\/product_tag?post=18084"}],"curies":[{"name":"wp","href":"https:\/\/api.w.org\/{rel}","templated":true}]}}