{"id":18085,"date":"2020-04-25T15:56:21","date_gmt":"2020-04-25T15:56:21","guid":{"rendered":"https:\/\/420now.co\/product\/blue-cheese\/"},"modified":"2026-03-12T21:54:09","modified_gmt":"2026-03-13T01:54:09","slug":"blue-cheese","status":"publish","type":"product","link":"https:\/\/420now.co\/fr-ca\/product\/blue-cheese\/","title":{"rendered":"Blue Cheese"},"content":{"rendered":"<p>Croisement entre la vari\u00e9t\u00e9 britannique \u00ab Cheese \u00bb et la bien-aim\u00e9e \u00ab Blueberry \u00bb, cette vari\u00e9t\u00e9 est une indica classique avec de grandes notes gustatives de fruit\u00e9. Bien que son nom puisse vous donner l\u2019impression de quelque chose qui a le go\u00fbt acquis d\u2019un fromage moisi de l\u2019\u00e9picerie, vous serez tr\u00e8s surpris si c\u2019est ce \u00e0 quoi vous vous attendiez. Son nom n\u2019a rien \u00e0 voir avec son go\u00fbt, bien que certains d\u00e9tectent un soup\u00e7on de fromage.  <\/p>\n<h2>Blue Cheese Description des mauvaises herbes<\/h2>\n<p>Avec des bourgeons tr\u00e8s denses, ils peuvent \u00eatre difficiles \u00e0 briser lorsqu\u2019ils sont frais. Souvent, un moulin est utilis\u00e9. Il convient de noter que cette vari\u00e9t\u00e9 est assez r\u00e9sineuse &#8211; des trichomes collants recouvrent la fleur.  <\/p>\n<p>Vous trouverez des poils de couleur cuivr\u00e9e sur les feuilles vert moyen et partout. Ces poils se sont d\u00e9velopp\u00e9s pour prot\u00e9ger les pistils de la fleur. Lorsque vous respirez le parfum de cette vari\u00e9t\u00e9, vous remarquerez un ar\u00f4me piquant m\u00e9lang\u00e9 \u00e0 un parfum de baie.  <\/p>\n<p>Fumer les fleurs de cannabis Blue Cheese peut produire une quantit\u00e9 surprenante de fum\u00e9e \u00e9paisse. Pour les non-initi\u00e9s, cela peut \u00eatre un peu surprenant au d\u00e9but. Vous pourriez tousser un peu jusqu\u2019\u00e0 ce que vous vous installiez dans la fum\u00e9e.  <\/p>\n<p>Les niveaux de THC de l\u2019herbe Blue Cheese sont g\u00e9n\u00e9ralement test\u00e9s en laboratoire \u00e0 environ 15 \u00e0 20%.<\/p>\n<h2>Blue Cheese Effets des mauvaises herbes<\/h2>\n<p>En plus de la toux initiale, vous constaterez que les effets se font sentir sur vous, mais d\u2019une mani\u00e8re d\u00e9tendue. C\u2019est plus une exp\u00e9rience graduelle et beaucoup d\u00e9crivent leurs exp\u00e9riences comme un sentiment de relaxation. C\u2019est une excellente vari\u00e9t\u00e9 d\u2019herbe pour ceux qui se sentent stress\u00e9s &#8211; vous n\u2019aurez probablement pas la pouss\u00e9e c\u00e9r\u00e9brale que vous trouverez avec d\u2019autres vari\u00e9t\u00e9s de marijuana.  <\/p>\n<p>\u00c0 moins que vous n\u2019en preniez de grandes quantit\u00e9s, vous ne vous endormirez probablement pas, bien que cette vari\u00e9t\u00e9 aide \u00e0 combattre l\u2019insomnie.<\/p>\n<h2>Conditions Blue Cheese aide<\/h2>\n<p>Les bienfaits de la consommation de marijuana pour la sant\u00e9 ne sont plus contest\u00e9s &#8211; et bien s\u00fbr, diverses vari\u00e9t\u00e9s ont leurs propres caract\u00e9ristiques uniques. Chaque vari\u00e9t\u00e9 peut offrir des avantages l\u00e9g\u00e8rement diff\u00e9rents \u00e0 chaque utilisateur, mais en g\u00e9n\u00e9ral, l\u2019herbe Blue Cheese est connue pour aider \u00e0 combattre la d\u00e9pression, l\u2019anxi\u00e9t\u00e9 et peut-\u00eatre un l\u00e9ger TSPT. Si vous avez des sympt\u00f4mes de TDA que vous aimeriez essayer de traiter, Blue Blue Cheese pourrait \u00eatre un bon choix \u00e0 essayer pour les m\u00e9dicaments.  <\/p>\n<p>De plus, l\u2019insomnie susmentionn\u00e9e est souvent surmont\u00e9e par cette souche. Dans l\u2019ensemble, elle est consid\u00e9r\u00e9e comme une fum\u00e9e nocturne plut\u00f4t que d\u2019autres vari\u00e9t\u00e9s qui fonctionnent tr\u00e8s bien pour l\u2019activit\u00e9 et les heures de clart\u00e9. <\/p>\n<p>L\u2019une des principales utilisations du Blue Cheese est de traiter la douleur physique, et de nombreux membres de notre communaut\u00e9 ici \u00e0 <strong>420Now Weed Delivery<\/strong> vantent ses avantages pour les aider \u00e0 faire face \u00e0 diff\u00e9rents types de douleurs physiques et \u00e0 trouver un soulagement des douleurs corporelles et de l\u2019inconfort.<\/p>\n<p>Le Blue Cheese est \u00e9galement utilis\u00e9 pour stimuler l\u2019app\u00e9tit.<\/p>\n<p><em>REMARQUE : Les informations sur ce site sont fournies \u00e0 des fins \u00e9ducatives seulement et ne remplacent pas un avis m\u00e9dical professionnel. Consultez un professionnel de la sant\u00e9 avant utilisation.  Pour les adultes \u00e2g\u00e9s de 19 ans ou plus seulement.<\/em><\/p>\n<h2>Blue Cheese Livraison de mauvaises herbes dans la r\u00e9gion du Grand Toronto<\/h2>\n<p><strong>Livraison gratuite en 2 heures<\/strong> sur l\u2019herbe Blue Cheese avec un achat minimum de 100,00 $ de l\u2019un de nos produits \u00e0 Toronto (Scarborough, North York, Etobicoke, DownTown, York &#8211; toutes les r\u00e9gions \u00e0 l\u2019int\u00e9rieur des fronti\u00e8res de la ville de Toronto), Richmond Hill, King, Aurora, Newmarket, Woodbridge, Vaughan et Markham.<\/p>\n<p>Pour les r\u00e9gions p\u00e9riph\u00e9riques telles que Brampton, Caledon, Mississauga, Pickering, Ajax, Whitby, Oshawa, Clarington, Scugog, Uxbridge, East Gwillimbury, Georgina et Brock, nous visons deux heures, mais veuillez vous attendre \u00e0 la possibilit\u00e9 de 3 heures pour la livraison. Si votre adresse se trouve dans ces r\u00e9gions p\u00e9riph\u00e9riques, vous pouvez nous contacter pour conna\u00eetre les d\u00e9lais de livraison pr\u00e9vus ce jour-l\u00e0. <\/p>\n","protected":false},"excerpt":{"rendered":"<p>Blue Cheese est une vari\u00e9t\u00e9 indica classique. Bien que son nom puisse vous tromper, il n\u2019a rien \u00e0 voir avec le fromage bleu, mais a plut\u00f4t un go\u00fbt important de fruits. Les effets lourds vous aideront \u00e0 vous sentir d\u00e9tendu et est une vari\u00e9t\u00e9 parfaite pour le soir et la nuit.  <\/p>\n<p>Il est \u00e9galement connu pour soulager les douleurs et les spasmes musculaires, le stress et certains probl\u00e8mes de sant\u00e9, notamment le TSPT mineur, la d\u00e9pression et le TDA.<\/p>\n<p>L\u2019ar\u00f4me est un m\u00e9lange de notes subtiles de fromage mais avec des notes dominantes de bleuets sucr\u00e9s. La vari\u00e9t\u00e9 de fromage originale, qui a \u00e9t\u00e9 cr\u00e9\u00e9e avec un m\u00e2le de bleuet, a donn\u00e9 un nom et une vari\u00e9t\u00e9 ax\u00e9s sur le bleu. On ne peut pas en dire autant de l\u2019euphorie, un m\u00e9lange de joie et d\u2019euphorie avec une relaxation profonde du corps.  <\/p>\n<p>Commandez avant 20h pour <strong>une livraison gratuite en 2 heures le jour m\u00eame<\/strong> dans la r\u00e9gion du Grand Toronto* (commande minimale de 100,00 $).<\/p>\n<p>(*Voir ci-dessous pour nos zones de livraison en 2 et 3 heures)<\/p>\n","protected":false},"featured_media":17286,"comment_status":"open","ping_status":"closed","template":"","meta":{"_acf_changed":false},"product_brand":[],"product_cat":[250],"product_tag":[302,303],"class_list":{"0":"post-18085","1":"product","2":"type-product","3":"status-publish","4":"has-post-thumbnail","6":"product_cat-pot-indica","7":"product_tag-indica-fr-ca","8":"product_tag-june-special-fr-ca","9":"pa_weight-1-oz-fr-ca","10":"pa_weight-1-2-oz-fr-ca","11":"pa_weight-1-4-oz-fr-ca-2","12":"pa_weight-2-oz-fr-ca","14":"first","15":"instock","16":"shipping-taxable","17":"purchasable","18":"product-type-variable"},"acf":[],"_links":{"self":[{"href":"https:\/\/420now.co\/fr-ca\/wp-json\/wp\/v2\/product\/18085","targetHints":{"allow":["GET"]}}],"collection":[{"href":"https:\/\/420now.co\/fr-ca\/wp-json\/wp\/v2\/product"}],"about":[{"href":"https:\/\/420now.co\/fr-ca\/wp-json\/wp\/v2\/types\/product"}],"replies":[{"embeddable":true,"href":"https:\/\/420now.co\/fr-ca\/wp-json\/wp\/v2\/comments?post=18085"}],"wp:featuredmedia":[{"embeddable":true,"href":"https:\/\/420now.co\/fr-ca\/wp-json\/wp\/v2\/media\/17286"}],"wp:attachment":[{"href":"https:\/\/420now.co\/fr-ca\/wp-json\/wp\/v2\/media?parent=18085"}],"wp:term":[{"taxonomy":"product_brand","embeddable":true,"href":"https:\/\/420now.co\/fr-ca\/wp-json\/wp\/v2\/product_brand?post=18085"},{"taxonomy":"product_cat","embeddable":true,"href":"https:\/\/420now.co\/fr-ca\/wp-json\/wp\/v2\/product_cat?post=18085"},{"taxonomy":"product_tag","embeddable":true,"href":"https:\/\/420now.co\/fr-ca\/wp-json\/wp\/v2\/product_tag?post=18085"}],"curies":[{"name":"wp","href":"https:\/\/api.w.org\/{rel}","templated":true}]}}