{"id":18098,"date":"2020-04-25T21:31:44","date_gmt":"2020-04-25T21:31:44","guid":{"rendered":"https:\/\/420now.co\/product\/pink-kush\/"},"modified":"2026-03-12T21:08:27","modified_gmt":"2026-03-13T01:08:27","slug":"pink-kush","status":"publish","type":"product","link":"https:\/\/420now.co\/fr-ca\/product\/pink-kush\/","title":{"rendered":"Pink Kush"},"content":{"rendered":"<p>Pink Kush, est une fleur hybride \u00e0 dominante indica avec de puissants effets corporels. La puissance de cette vari\u00e9t\u00e9 pourrait \u00eatre consid\u00e9r\u00e9e comme \u00e9crasante, et m\u00eame de petites doses sont connues pour \u00e9liminer la douleur, l\u2019insomnie et la perte d\u2019app\u00e9tit. <\/p>\n","protected":false},"excerpt":{"rendered":"<p>Pink Kush, est une fleur hybride \u00e0 dominante indica avec de puissants effets corporels. La puissance de cette vari\u00e9t\u00e9 pourrait \u00eatre consid\u00e9r\u00e9e comme \u00e9crasante, et m\u00eame de petites doses sont connues pour \u00e9liminer la douleur, l\u2019insomnie et la perte d\u2019app\u00e9tit. <\/p>\n","protected":false},"featured_media":16529,"comment_status":"open","ping_status":"closed","template":"","meta":{"_acf_changed":false},"product_brand":[],"product_cat":[250],"product_tag":[302,303],"class_list":{"0":"post-18098","1":"product","2":"type-product","3":"status-publish","4":"has-post-thumbnail","6":"product_cat-pot-indica","7":"product_tag-indica-fr-ca","8":"product_tag-june-special-fr-ca","9":"pa_weight-1-oz-fr-ca","10":"pa_weight-1-2-oz-fr-ca","11":"pa_weight-1-4-oz-fr-ca-2","13":"first","14":"instock","15":"shipping-taxable","16":"purchasable","17":"product-type-variable"},"acf":[],"_links":{"self":[{"href":"https:\/\/420now.co\/fr-ca\/wp-json\/wp\/v2\/product\/18098","targetHints":{"allow":["GET"]}}],"collection":[{"href":"https:\/\/420now.co\/fr-ca\/wp-json\/wp\/v2\/product"}],"about":[{"href":"https:\/\/420now.co\/fr-ca\/wp-json\/wp\/v2\/types\/product"}],"replies":[{"embeddable":true,"href":"https:\/\/420now.co\/fr-ca\/wp-json\/wp\/v2\/comments?post=18098"}],"wp:featuredmedia":[{"embeddable":true,"href":"https:\/\/420now.co\/fr-ca\/wp-json\/wp\/v2\/media\/16529"}],"wp:attachment":[{"href":"https:\/\/420now.co\/fr-ca\/wp-json\/wp\/v2\/media?parent=18098"}],"wp:term":[{"taxonomy":"product_brand","embeddable":true,"href":"https:\/\/420now.co\/fr-ca\/wp-json\/wp\/v2\/product_brand?post=18098"},{"taxonomy":"product_cat","embeddable":true,"href":"https:\/\/420now.co\/fr-ca\/wp-json\/wp\/v2\/product_cat?post=18098"},{"taxonomy":"product_tag","embeddable":true,"href":"https:\/\/420now.co\/fr-ca\/wp-json\/wp\/v2\/product_tag?post=18098"}],"curies":[{"name":"wp","href":"https:\/\/api.w.org\/{rel}","templated":true}]}}