{"id":18109,"date":"2020-04-25T21:11:38","date_gmt":"2020-04-26T01:11:38","guid":{"rendered":"https:\/\/420now.co\/product\/fukushima-moon-rocket-1gr-indica\/"},"modified":"2026-03-12T21:09:30","modified_gmt":"2026-03-13T01:09:30","slug":"fukushima-moon-rocket-1gr-indica","status":"publish","type":"product","link":"https:\/\/420now.co\/fr-ca\/product\/fukushima-moon-rocket-1gr-indica\/","title":{"rendered":"FUKUSHIMA Moon Rocket 1gr Indica"},"content":{"rendered":"","protected":false},"excerpt":{"rendered":"<p>Les Moon Rockets sont un joint pr\u00e9roul\u00e9 imbib\u00e9 d\u2019une sauce terp\u00e8ne transparente sp\u00e9cifique \u00e0 la vari\u00e9t\u00e9, puis recouvert de keifs dor\u00e9s de haute qualit\u00e9. Proc\u00e9dez avec prudence, il y a un facteur \u00e9lev\u00e9 de \u00ab verdissement \u00bb avec ces beaut\u00e9s. Les fus\u00e9es lunaires sont les pr\u00e9-roul\u00e9es les plus vendues et les plus populaires au Canada. Tous nos pr\u00e9-rouleaux sont les pr\u00e9-rouleaux les plus lisses, les plus uniformes et les plus propres sur le march\u00e9 aujourd\u2019hui.   <\/p>\n","protected":false},"featured_media":16844,"comment_status":"open","ping_status":"closed","template":"","meta":{"_acf_changed":false},"product_brand":[],"product_cat":[254],"product_tag":[302],"class_list":{"0":"post-18109","1":"product","2":"type-product","3":"status-publish","4":"has-post-thumbnail","6":"product_cat-moon-rockets-fr-ca","7":"product_tag-indica-fr-ca","9":"first","10":"instock","11":"shipping-taxable","12":"purchasable","13":"product-type-simple"},"acf":[],"_links":{"self":[{"href":"https:\/\/420now.co\/fr-ca\/wp-json\/wp\/v2\/product\/18109","targetHints":{"allow":["GET"]}}],"collection":[{"href":"https:\/\/420now.co\/fr-ca\/wp-json\/wp\/v2\/product"}],"about":[{"href":"https:\/\/420now.co\/fr-ca\/wp-json\/wp\/v2\/types\/product"}],"replies":[{"embeddable":true,"href":"https:\/\/420now.co\/fr-ca\/wp-json\/wp\/v2\/comments?post=18109"}],"wp:featuredmedia":[{"embeddable":true,"href":"https:\/\/420now.co\/fr-ca\/wp-json\/wp\/v2\/media\/16844"}],"wp:attachment":[{"href":"https:\/\/420now.co\/fr-ca\/wp-json\/wp\/v2\/media?parent=18109"}],"wp:term":[{"taxonomy":"product_brand","embeddable":true,"href":"https:\/\/420now.co\/fr-ca\/wp-json\/wp\/v2\/product_brand?post=18109"},{"taxonomy":"product_cat","embeddable":true,"href":"https:\/\/420now.co\/fr-ca\/wp-json\/wp\/v2\/product_cat?post=18109"},{"taxonomy":"product_tag","embeddable":true,"href":"https:\/\/420now.co\/fr-ca\/wp-json\/wp\/v2\/product_tag?post=18109"}],"curies":[{"name":"wp","href":"https:\/\/api.w.org\/{rel}","templated":true}]}}