{"id":18114,"date":"2020-04-25T21:06:24","date_gmt":"2020-04-26T01:06:24","guid":{"rendered":"https:\/\/420now.co\/product\/strawberry-ice-aaaa\/"},"modified":"2026-03-12T21:22:26","modified_gmt":"2026-03-13T01:22:26","slug":"strawberry-ice-aaaa","status":"publish","type":"product","link":"https:\/\/420now.co\/fr-ca\/product\/strawberry-ice-aaaa\/","title":{"rendered":"Strawberry Ice AAAA"},"content":{"rendered":"","protected":false},"excerpt":{"rendered":"<p>Strawberry Ice est une vari\u00e9t\u00e9 enivrante et \u00e9nergique qui a \u00e9t\u00e9 nomm\u00e9e meilleure Sativa \u00e0 l\u2019Oregon DOPE Cup 2015. Avec de grandes fleurs color\u00e9es qui d\u00e9gagent un ar\u00f4me de fraises fra\u00eeches, Strawberry Ice est un excellent choix pour rester actif et motiv\u00e9 tout au long de votre journ\u00e9e. <\/p>\n<p>EN RUPTURE DE STOCK<\/p>\n","protected":false},"featured_media":16546,"comment_status":"open","ping_status":"closed","template":"","meta":{"_acf_changed":false},"product_brand":[],"product_cat":[255],"product_tag":[290],"class_list":{"0":"post-18114","1":"product","2":"type-product","3":"status-publish","4":"has-post-thumbnail","6":"product_cat-pot-sativa","7":"product_tag-sativa-fr-ca","8":"pa_weight-1-oz-fr-ca","9":"pa_weight-1-2-oz-fr-ca","10":"pa_weight-1-4-oz-fr-ca-2","12":"first","13":"outofstock","14":"shipping-taxable","15":"purchasable","16":"product-type-variable"},"acf":[],"_links":{"self":[{"href":"https:\/\/420now.co\/fr-ca\/wp-json\/wp\/v2\/product\/18114","targetHints":{"allow":["GET"]}}],"collection":[{"href":"https:\/\/420now.co\/fr-ca\/wp-json\/wp\/v2\/product"}],"about":[{"href":"https:\/\/420now.co\/fr-ca\/wp-json\/wp\/v2\/types\/product"}],"replies":[{"embeddable":true,"href":"https:\/\/420now.co\/fr-ca\/wp-json\/wp\/v2\/comments?post=18114"}],"wp:featuredmedia":[{"embeddable":true,"href":"https:\/\/420now.co\/fr-ca\/wp-json\/wp\/v2\/media\/16546"}],"wp:attachment":[{"href":"https:\/\/420now.co\/fr-ca\/wp-json\/wp\/v2\/media?parent=18114"}],"wp:term":[{"taxonomy":"product_brand","embeddable":true,"href":"https:\/\/420now.co\/fr-ca\/wp-json\/wp\/v2\/product_brand?post=18114"},{"taxonomy":"product_cat","embeddable":true,"href":"https:\/\/420now.co\/fr-ca\/wp-json\/wp\/v2\/product_cat?post=18114"},{"taxonomy":"product_tag","embeddable":true,"href":"https:\/\/420now.co\/fr-ca\/wp-json\/wp\/v2\/product_tag?post=18114"}],"curies":[{"name":"wp","href":"https:\/\/api.w.org\/{rel}","templated":true}]}}