{"id":18124,"date":"2020-04-25T21:53:15","date_gmt":"2020-04-26T01:53:15","guid":{"rendered":"https:\/\/420now.co\/product\/skunk-1-aaaa\/"},"modified":"2026-03-12T21:05:57","modified_gmt":"2026-03-13T01:05:57","slug":"skunk-1-aaaa","status":"publish","type":"product","link":"https:\/\/420now.co\/fr-ca\/product\/skunk-1-aaaa\/","title":{"rendered":"Skunk #1 AAAA"},"content":{"rendered":"","protected":false},"excerpt":{"rendered":"<p>Skunk #1 est une vari\u00e9t\u00e9 hybride. Gr\u00e2ce \u00e0 sa puissance, cet hybride offre une cr\u00e9ativit\u00e9 \u00e9lev\u00e9e et un buzz tr\u00e8s \u00e9nergique. Le stress et la perte d\u2019app\u00e9tit sont \u00e9galement r\u00e9duits.  <\/p>\n<p>Indica Dominant.<\/p>\n<p>EN RUPTURE DE STOCK<\/p>\n","protected":false},"featured_media":16531,"comment_status":"open","ping_status":"closed","template":"","meta":{"_acf_changed":false},"product_brand":[],"product_cat":[249],"product_tag":[288],"class_list":{"0":"post-18124","1":"product","2":"type-product","3":"status-publish","4":"has-post-thumbnail","6":"product_cat-hybride-pot","7":"product_tag-hybride","8":"pa_weight-1-oz-fr-ca","9":"pa_weight-1-2-oz-fr-ca","10":"pa_weight-1-4-oz-fr-ca-2","12":"first","13":"outofstock","14":"shipping-taxable","15":"purchasable","16":"product-type-variable"},"acf":[],"_links":{"self":[{"href":"https:\/\/420now.co\/fr-ca\/wp-json\/wp\/v2\/product\/18124","targetHints":{"allow":["GET"]}}],"collection":[{"href":"https:\/\/420now.co\/fr-ca\/wp-json\/wp\/v2\/product"}],"about":[{"href":"https:\/\/420now.co\/fr-ca\/wp-json\/wp\/v2\/types\/product"}],"replies":[{"embeddable":true,"href":"https:\/\/420now.co\/fr-ca\/wp-json\/wp\/v2\/comments?post=18124"}],"wp:featuredmedia":[{"embeddable":true,"href":"https:\/\/420now.co\/fr-ca\/wp-json\/wp\/v2\/media\/16531"}],"wp:attachment":[{"href":"https:\/\/420now.co\/fr-ca\/wp-json\/wp\/v2\/media?parent=18124"}],"wp:term":[{"taxonomy":"product_brand","embeddable":true,"href":"https:\/\/420now.co\/fr-ca\/wp-json\/wp\/v2\/product_brand?post=18124"},{"taxonomy":"product_cat","embeddable":true,"href":"https:\/\/420now.co\/fr-ca\/wp-json\/wp\/v2\/product_cat?post=18124"},{"taxonomy":"product_tag","embeddable":true,"href":"https:\/\/420now.co\/fr-ca\/wp-json\/wp\/v2\/product_tag?post=18124"}],"curies":[{"name":"wp","href":"https:\/\/api.w.org\/{rel}","templated":true}]}}