{"id":18125,"date":"2020-04-25T22:30:11","date_gmt":"2020-04-25T22:30:11","guid":{"rendered":"https:\/\/420now.co\/product\/mk-ultra\/"},"modified":"2026-03-12T20:49:20","modified_gmt":"2026-03-13T00:49:20","slug":"mk-ultra","status":"publish","type":"product","link":"https:\/\/420now.co\/fr-ca\/product\/mk-ultra\/","title":{"rendered":"Mk Ultra"},"content":{"rendered":"","protected":false},"excerpt":{"rendered":"<p>MKUltra est une vari\u00e9t\u00e9 \u00e0 dominante indica qui se distingue par ses puissants effets c\u00e9r\u00e9braux. Ce sont des fleurs collantes, denses et piquantes. MK Ultra est r\u00e9put\u00e9 pour ses effets euphoriques qui agissent rapidement et sont parfaits pour les m\u00e9dicaments puissants. C\u2019est peut-\u00eatre mieux pour une journ\u00e9e o\u00f9 il serait bon de ne pas se lever du canap\u00e9.   <\/p>\n","protected":false},"featured_media":16534,"comment_status":"open","ping_status":"closed","template":"","meta":{"_acf_changed":false},"product_brand":[],"product_cat":[250],"product_tag":[302],"class_list":{"0":"post-18125","1":"product","2":"type-product","3":"status-publish","4":"has-post-thumbnail","6":"product_cat-pot-indica","7":"product_tag-indica-fr-ca","8":"pa_weight-1-oz-fr-ca","9":"pa_weight-1-2-oz-fr-ca","10":"pa_weight-1-4-oz-fr-ca-2","12":"first","13":"instock","14":"shipping-taxable","15":"purchasable","16":"product-type-variable"},"acf":[],"_links":{"self":[{"href":"https:\/\/420now.co\/fr-ca\/wp-json\/wp\/v2\/product\/18125","targetHints":{"allow":["GET"]}}],"collection":[{"href":"https:\/\/420now.co\/fr-ca\/wp-json\/wp\/v2\/product"}],"about":[{"href":"https:\/\/420now.co\/fr-ca\/wp-json\/wp\/v2\/types\/product"}],"replies":[{"embeddable":true,"href":"https:\/\/420now.co\/fr-ca\/wp-json\/wp\/v2\/comments?post=18125"}],"wp:featuredmedia":[{"embeddable":true,"href":"https:\/\/420now.co\/fr-ca\/wp-json\/wp\/v2\/media\/16534"}],"wp:attachment":[{"href":"https:\/\/420now.co\/fr-ca\/wp-json\/wp\/v2\/media?parent=18125"}],"wp:term":[{"taxonomy":"product_brand","embeddable":true,"href":"https:\/\/420now.co\/fr-ca\/wp-json\/wp\/v2\/product_brand?post=18125"},{"taxonomy":"product_cat","embeddable":true,"href":"https:\/\/420now.co\/fr-ca\/wp-json\/wp\/v2\/product_cat?post=18125"},{"taxonomy":"product_tag","embeddable":true,"href":"https:\/\/420now.co\/fr-ca\/wp-json\/wp\/v2\/product_tag?post=18125"}],"curies":[{"name":"wp","href":"https:\/\/api.w.org\/{rel}","templated":true}]}}