{"id":18126,"date":"2020-04-26T01:55:16","date_gmt":"2020-04-26T05:55:16","guid":{"rendered":"https:\/\/420now.co\/product\/jelly-bomb-de-mangue-80mg-sativa\/"},"modified":"2026-04-06T21:47:54","modified_gmt":"2026-04-07T01:47:54","slug":"jelly-bomb-de-mangue-80mg-sativa","status":"publish","type":"product","link":"https:\/\/420now.co\/fr-ca\/product\/jelly-bomb-de-mangue-80mg-sativa\/","title":{"rendered":"Twisted Extracts Mango Jelly Bomb 80 mg THC Sativa"},"content":{"rendered":"","protected":false},"excerpt":{"rendered":"<p>O\u00f9 que vous soyez, nos Sativa Jelly Bombs vous y emm\u00e8neront. Ils sont parfaits pour am\u00e9liorer votre humeur, stimuler votre cr\u00e9ativit\u00e9, vous d\u00e9tendre de la journ\u00e9e et vous faire vous sentir \u00e0 nouveau comme un enfant (peu importe combien de temps cela a pass\u00e9).   <\/p>\n","protected":false},"featured_media":16558,"comment_status":"open","ping_status":"closed","template":"","meta":{"_acf_changed":false},"product_brand":[],"product_cat":[231],"product_tag":[290],"class_list":{"0":"post-18126","1":"product","2":"type-product","3":"status-publish","4":"has-post-thumbnail","6":"product_cat-gummies-fr-ca","7":"product_tag-sativa-fr-ca","9":"first","10":"instock","11":"shipping-taxable","12":"purchasable","13":"product-type-simple"},"acf":[],"_links":{"self":[{"href":"https:\/\/420now.co\/fr-ca\/wp-json\/wp\/v2\/product\/18126","targetHints":{"allow":["GET"]}}],"collection":[{"href":"https:\/\/420now.co\/fr-ca\/wp-json\/wp\/v2\/product"}],"about":[{"href":"https:\/\/420now.co\/fr-ca\/wp-json\/wp\/v2\/types\/product"}],"replies":[{"embeddable":true,"href":"https:\/\/420now.co\/fr-ca\/wp-json\/wp\/v2\/comments?post=18126"}],"wp:featuredmedia":[{"embeddable":true,"href":"https:\/\/420now.co\/fr-ca\/wp-json\/wp\/v2\/media\/16558"}],"wp:attachment":[{"href":"https:\/\/420now.co\/fr-ca\/wp-json\/wp\/v2\/media?parent=18126"}],"wp:term":[{"taxonomy":"product_brand","embeddable":true,"href":"https:\/\/420now.co\/fr-ca\/wp-json\/wp\/v2\/product_brand?post=18126"},{"taxonomy":"product_cat","embeddable":true,"href":"https:\/\/420now.co\/fr-ca\/wp-json\/wp\/v2\/product_cat?post=18126"},{"taxonomy":"product_tag","embeddable":true,"href":"https:\/\/420now.co\/fr-ca\/wp-json\/wp\/v2\/product_tag?post=18126"}],"curies":[{"name":"wp","href":"https:\/\/api.w.org\/{rel}","templated":true}]}}