{"id":18127,"date":"2020-04-25T23:22:48","date_gmt":"2020-04-25T23:22:48","guid":{"rendered":"https:\/\/420now.co\/product\/master-kush\/"},"modified":"2026-03-12T20:46:24","modified_gmt":"2026-03-13T00:46:24","slug":"master-kush","status":"publish","type":"product","link":"https:\/\/420now.co\/fr-ca\/product\/master-kush\/","title":{"rendered":"Master Kush"},"content":{"rendered":"","protected":false},"excerpt":{"rendered":"<p>La vari\u00e9t\u00e9 Master Kush est un puissant hybride 90\/10 Indica. Cette kush a remport\u00e9 la Cannabis Cup deux ann\u00e9es de suite, en 1992 et 1993. Il a un go\u00fbt d\u2019agrumes terreux avec des notes d\u2019encens, tandis que la saveur est de haschisch charas frott\u00e9. Il a une teneur \u00e9lev\u00e9e en THC et peut traiter la perte d\u2019app\u00e9tit, l\u2019insomnie, la douleur et les naus\u00e9es. Master Kush est id\u00e9al pour une utilisation en soir\u00e9e et en nuit. Induit une fusion corps-esprit semblable \u00e0 une transe avec un effet fort et durable, ainsi que quelques fringales.     <\/p>\n<p>&nbsp;<\/p>\n<p>EN RUPTURE DE STOCK<\/p>\n","protected":false},"featured_media":16825,"comment_status":"open","ping_status":"closed","template":"","meta":{"_acf_changed":false},"product_brand":[],"product_cat":[250],"product_tag":[288],"class_list":{"0":"post-18127","1":"product","2":"type-product","3":"status-publish","4":"has-post-thumbnail","6":"product_cat-pot-indica","7":"product_tag-hybride","8":"pa_weight-1-oz-fr-ca","9":"pa_weight-1-2-oz-fr-ca","10":"pa_weight-1-4-oz-fr-ca-2","12":"first","13":"outofstock","14":"shipping-taxable","15":"purchasable","16":"product-type-variable"},"acf":[],"_links":{"self":[{"href":"https:\/\/420now.co\/fr-ca\/wp-json\/wp\/v2\/product\/18127","targetHints":{"allow":["GET"]}}],"collection":[{"href":"https:\/\/420now.co\/fr-ca\/wp-json\/wp\/v2\/product"}],"about":[{"href":"https:\/\/420now.co\/fr-ca\/wp-json\/wp\/v2\/types\/product"}],"replies":[{"embeddable":true,"href":"https:\/\/420now.co\/fr-ca\/wp-json\/wp\/v2\/comments?post=18127"}],"wp:featuredmedia":[{"embeddable":true,"href":"https:\/\/420now.co\/fr-ca\/wp-json\/wp\/v2\/media\/16825"}],"wp:attachment":[{"href":"https:\/\/420now.co\/fr-ca\/wp-json\/wp\/v2\/media?parent=18127"}],"wp:term":[{"taxonomy":"product_brand","embeddable":true,"href":"https:\/\/420now.co\/fr-ca\/wp-json\/wp\/v2\/product_brand?post=18127"},{"taxonomy":"product_cat","embeddable":true,"href":"https:\/\/420now.co\/fr-ca\/wp-json\/wp\/v2\/product_cat?post=18127"},{"taxonomy":"product_tag","embeddable":true,"href":"https:\/\/420now.co\/fr-ca\/wp-json\/wp\/v2\/product_tag?post=18127"}],"curies":[{"name":"wp","href":"https:\/\/api.w.org\/{rel}","templated":true}]}}