{"id":18134,"date":"2020-04-25T23:02:38","date_gmt":"2020-04-25T23:02:38","guid":{"rendered":"https:\/\/420now.co\/product\/black-jack\/"},"modified":"2026-03-12T20:47:39","modified_gmt":"2026-03-13T00:47:39","slug":"black-jack","status":"publish","type":"product","link":"https:\/\/420now.co\/fr-ca\/product\/black-jack\/","title":{"rendered":"Black Jack"},"content":{"rendered":"","protected":false},"excerpt":{"rendered":"<p>Le black jack est un hybride \u00e0 dominante Indica \/30 Indica. Ce bourgeon est connu pour sa puissance \u00e9lev\u00e9e et ses effets durables en raison de sa teneur \u00e9lev\u00e9e en THC. Avec des niveaux de THC de 24%, l\u2019herbe n\u2019est pas conseill\u00e9e aux d\u00e9butants. Les utilisateurs ayant une faible tol\u00e9rance doivent \u00eatre conscients de la dose. Les bourgeons sont grands, denses et allong\u00e9s. Les p\u00e9pites sont recouvertes de nombreux trichomes collants. Il soulage de nombreux sympt\u00f4mes m\u00e9dicaux et est bon pour une utilisation en soir\u00e9e et \u00e0 l\u2019heure en raison de ses effets s\u00e9datifs. Induit un high c\u00e9r\u00e9bral stimulant suivi d\u2019un rel\u00e2chement corporel. Am\u00e9liore l\u2019humeur, soulage la d\u00e9pression, soulage le stress, stimule l\u2019app\u00e9tit, favorise le sommeil, contr\u00f4le la douleur, aide \u00e0 soulager les crampes musculaires et les tensions.        <\/p>\n<p>EN RUPTURE DE STOCK<\/p>\n","protected":false},"featured_media":16819,"comment_status":"open","ping_status":"closed","template":"","meta":{"_acf_changed":false},"product_brand":[],"product_cat":[250],"product_tag":[288],"class_list":{"0":"post-18134","1":"product","2":"type-product","3":"status-publish","4":"has-post-thumbnail","6":"product_cat-pot-indica","7":"product_tag-hybride","8":"pa_weight-1-oz-fr-ca","9":"pa_weight-1-2-oz-fr-ca","10":"pa_weight-1-4-oz-fr-ca-2","12":"first","13":"outofstock","14":"shipping-taxable","15":"purchasable","16":"product-type-variable"},"acf":[],"_links":{"self":[{"href":"https:\/\/420now.co\/fr-ca\/wp-json\/wp\/v2\/product\/18134","targetHints":{"allow":["GET"]}}],"collection":[{"href":"https:\/\/420now.co\/fr-ca\/wp-json\/wp\/v2\/product"}],"about":[{"href":"https:\/\/420now.co\/fr-ca\/wp-json\/wp\/v2\/types\/product"}],"replies":[{"embeddable":true,"href":"https:\/\/420now.co\/fr-ca\/wp-json\/wp\/v2\/comments?post=18134"}],"wp:featuredmedia":[{"embeddable":true,"href":"https:\/\/420now.co\/fr-ca\/wp-json\/wp\/v2\/media\/16819"}],"wp:attachment":[{"href":"https:\/\/420now.co\/fr-ca\/wp-json\/wp\/v2\/media?parent=18134"}],"wp:term":[{"taxonomy":"product_brand","embeddable":true,"href":"https:\/\/420now.co\/fr-ca\/wp-json\/wp\/v2\/product_brand?post=18134"},{"taxonomy":"product_cat","embeddable":true,"href":"https:\/\/420now.co\/fr-ca\/wp-json\/wp\/v2\/product_cat?post=18134"},{"taxonomy":"product_tag","embeddable":true,"href":"https:\/\/420now.co\/fr-ca\/wp-json\/wp\/v2\/product_tag?post=18134"}],"curies":[{"name":"wp","href":"https:\/\/api.w.org\/{rel}","templated":true}]}}