{"id":18137,"date":"2020-04-25T22:19:17","date_gmt":"2020-04-25T22:19:17","guid":{"rendered":"https:\/\/420now.co\/product\/amnesia-haze\/"},"modified":"2026-03-12T20:54:43","modified_gmt":"2026-03-13T00:54:43","slug":"amnesia-haze","status":"publish","type":"product","link":"https:\/\/420now.co\/fr-ca\/product\/amnesia-haze\/","title":{"rendered":"Amnesia Haze"},"content":{"rendered":"<p>La vari\u00e9t\u00e9 de cannabis Amnesia Haze est extr\u00eamement populaire dans les caf\u00e9s d\u2019Amsterdam &#8211; ils la connaissent comme une excellente herbe pour procurer un buzz \u00e9nergisant et \u00e9difiant! C\u2019est \u00e9galement une vari\u00e9t\u00e9 prim\u00e9e &#8211; 1re place en 2004, Cannabis Cup et 1re place en Sativa Cup, 2012. <\/p>\n<p>Une excellente vari\u00e9t\u00e9 Sativa pour commencer votre journ\u00e9e ou pour une pause \u00e9nergisante \u00e0 mi-chemin. D\u00e9conseill\u00e9 si vous cherchez \u00e0 dormir &#8211; il offre une exp\u00e9rience plus vivante et bien-\u00eatre. <\/p>\n<h2>Amnesia Haze Description des mauvaises herbes<\/h2>\n<p>Fleurs g\u00e9n\u00e9ralement denses et serr\u00e9es qui sont une vari\u00e9t\u00e9 \u00e0 dominante sativa. Il peut \u00eatre puissant avec jusqu\u2019\u00e0 25% de THC, mais g\u00e9n\u00e9ralement vous trouverez son THC autour de 20%. Bien que cela puisse \u00eatre consid\u00e9r\u00e9 comme important, Amnesia Haze avec sa dominance Sativa est beaucoup plus tol\u00e9rable pour les d\u00e9butants, mais ils doivent quand m\u00eame en \u00eatre conscients.  <\/p>\n<p>Les bourgeons peuvent avoir une teinte verd\u00e2tre qui s\u2019\u00e9tend jusqu\u2019au jaune, les diff\u00e9rences de s\u00e9chage peuvent entra\u00eener certains changements de couleur de la r\u00e9colte de chaque ann\u00e9e. Bien que sa fum\u00e9e soit g\u00e9n\u00e9ralement consid\u00e9r\u00e9e comme lisse, elle peut \u00eatre \u00e2cre et prendre un certain temps \u00e0 se dissiper &#8211; une information importante pour ceux qui ont besoin de discr\u00e9tion en fumant. Attendez-vous \u00e0 remarquer des notes d\u2019\u00e9pices et d\u2019agrumes lorsque vous fumez &#8211; une combinaison agr\u00e9able pour la plupart des fumeurs.  <\/p>\n<h2>Effets de Strain Amnesia Haze<\/h2>\n<p>Nous allons le mentionner tout de suite &#8211; c\u2019est une excellente vari\u00e9t\u00e9 avant le sexe. Bien s\u00fbr, toute activit\u00e9 physique, y compris l\u2019entra\u00eenement, pourrait probablement \u00eatre am\u00e9lior\u00e9e avec Amnesia Haze. Il a un effet corps\/esprit &#8211; que beaucoup trouvent \u00e0 la fois physiquement \u00e9difiant, mais aussi sensuel &#8211; mais un sensuel actif car il affecte l\u2019esprit.  <\/p>\n<p>C\u2019est une action tr\u00e8s rapide &#8211; et votre esprit peut avoir l\u2019impression d\u2019\u00eatre aiguis\u00e9 &#8211; avec une conscience profonde et int\u00e9ressante de l\u2019environnement. L\u2019humeur et l\u2019activit\u00e9 physique sont souvent am\u00e9lior\u00e9es pendant et apr\u00e8s avoir fum\u00e9 Amnesia Haze, s\u2019il faut l\u2019am\u00e9liorer. Cela peut \u00e9galement aider au-del\u00e0 de l\u2019euphorie avec des d\u00e9sirs de contemplation.  <\/p>\n<p>Les d\u00e9butants peuvent trouver cette vari\u00e9t\u00e9 un peu trop car elle peut causer une certaine anxi\u00e9t\u00e9 &#8211; et l\u2019effet peut durer assez longtemps. La parano\u00efa a \u00e9t\u00e9 not\u00e9e comme un effet secondaire chez certains, donc si vous n\u2019\u00eates pas habitu\u00e9 \u00e0 cette vari\u00e9t\u00e9, allez-y doucement au d\u00e9but jusqu\u2019\u00e0 ce que vous puissiez comprendre comment elle vous affecte. <\/p>\n<h2>Amnesia Haze &#8211; Ce que \u00e7a pourrait aider<\/h2>\n<p>Ceux qui souffrent de TDAH trouvent que Amnesia Haze est souvent tr\u00e8s utile. Il est \u00e9galement souvent recommand\u00e9 comme stimulant de l\u2019app\u00e9tit dans le monde du cannabis m\u00e9dical. Certains peuvent \u00e9galement souffrir de perte de m\u00e9moire (d\u2019o\u00f9 son nom, y compris l\u2019amn\u00e9sie), mais d\u2019autres disent que cela les aide simplement \u00e0 oublier leurs probl\u00e8mes afin qu\u2019ils puissent passer \u00e0 des activit\u00e9s plus stimulantes et positives.  <\/p>\n<p>Favorise un l\u00e9ger soulagement et un contr\u00f4le de la douleur.<\/p>\n<p><em>REMARQUE : Les informations sur ce site sont fournies \u00e0 des fins \u00e9ducatives seulement et ne remplacent pas un avis m\u00e9dical professionnel. Consultez un professionnel de la sant\u00e9 avant utilisation.  Pour les adultes \u00e2g\u00e9s de 19 ans ou plus seulement.<\/em><\/p>\n<h2>Amnesia Haze Livraison de mauvaises herbes dans la r\u00e9gion du Grand Toronto<\/h2>\n<p><strong>Livraison gratuite en 2 heures<\/strong> avec une commande minimale de 100,00 $ de l\u2019un de nos produits, y compris Amnesia Haze de 420Now Weed Delivery.<\/p>\n<p>*Livraison en deux heures \u00e0 Toronto (Scarborough, North York, Etobicoke, DownTown, York &#8211; toutes les r\u00e9gions \u00e0 l\u2019int\u00e9rieur des fronti\u00e8res de la ville de Toronto), Richmond Hill, King, Aurora, Newmarket, Woodbridge, Vaughan et Markham.<\/p>\n<p>\u00c9galement disponible pour exp\u00e9dition partout au Canada.<\/p>\n","protected":false},"excerpt":{"rendered":"<p>La vari\u00e9t\u00e9 de cannabis Amnesia Haze est extr\u00eamement populaire dans les caf\u00e9s d\u2019Amsterdam &#8211; ils la connaissent comme une excellente herbe pour procurer un buzz \u00e9nergisant et \u00e9difiant! C\u2019est \u00e9galement une vari\u00e9t\u00e9 prim\u00e9e &#8211; 1re place en 2004, Cannabis Cup et 1re place en Sativa Cup, 2012. <\/p>\n<p>Une excellente vari\u00e9t\u00e9 \u00e0 dominante Sativa pour commencer votre journ\u00e9e ou pour une pause \u00e9nergisante \u00e0 mi-chemin. D\u00e9conseill\u00e9 si vous cherchez \u00e0 dormir &#8211; il offre une exp\u00e9rience plus vivante et bien-\u00eatre. <\/p>\n<p>Sativa Hybride dominant.<\/p>\n","protected":false},"featured_media":16536,"comment_status":"open","ping_status":"closed","template":"","meta":{"_acf_changed":false},"product_brand":[],"product_cat":[255],"product_tag":[290],"class_list":{"0":"post-18137","1":"product","2":"type-product","3":"status-publish","4":"has-post-thumbnail","6":"product_cat-pot-sativa","7":"product_tag-sativa-fr-ca","8":"pa_weight-1-oz-fr-ca","9":"pa_weight-1-2-oz-fr-ca","10":"pa_weight-1-4-oz-fr-ca-2","12":"first","13":"instock","14":"shipping-taxable","15":"purchasable","16":"product-type-variable"},"acf":[],"_links":{"self":[{"href":"https:\/\/420now.co\/fr-ca\/wp-json\/wp\/v2\/product\/18137","targetHints":{"allow":["GET"]}}],"collection":[{"href":"https:\/\/420now.co\/fr-ca\/wp-json\/wp\/v2\/product"}],"about":[{"href":"https:\/\/420now.co\/fr-ca\/wp-json\/wp\/v2\/types\/product"}],"replies":[{"embeddable":true,"href":"https:\/\/420now.co\/fr-ca\/wp-json\/wp\/v2\/comments?post=18137"}],"wp:featuredmedia":[{"embeddable":true,"href":"https:\/\/420now.co\/fr-ca\/wp-json\/wp\/v2\/media\/16536"}],"wp:attachment":[{"href":"https:\/\/420now.co\/fr-ca\/wp-json\/wp\/v2\/media?parent=18137"}],"wp:term":[{"taxonomy":"product_brand","embeddable":true,"href":"https:\/\/420now.co\/fr-ca\/wp-json\/wp\/v2\/product_brand?post=18137"},{"taxonomy":"product_cat","embeddable":true,"href":"https:\/\/420now.co\/fr-ca\/wp-json\/wp\/v2\/product_cat?post=18137"},{"taxonomy":"product_tag","embeddable":true,"href":"https:\/\/420now.co\/fr-ca\/wp-json\/wp\/v2\/product_tag?post=18137"}],"curies":[{"name":"wp","href":"https:\/\/api.w.org\/{rel}","templated":true}]}}